{"id":36062,"date":"2023-05-07T01:15:33","date_gmt":"2023-05-06T22:15:33","guid":{"rendered":"https:\/\/hookahshop.lt\/?post_type=product&#038;p=36062"},"modified":"2026-04-17T23:29:53","modified_gmt":"2026-04-17T20:29:53","slug":"stikline-vandens-pypke-black-matte-30cm","status":"publish","type":"product","link":"https:\/\/hookahshop.lt\/pl\/produkt\/fajka-do-wody-szklana-czarna-matowa-30cm\/","title":{"rendered":"Szklana fajka wodna Czarny Mat 30cm"},"content":{"rendered":"<h2>Szklana fajka wodna Czarny Mat 30cm<\/h2>\n<p>Matowe czarne bongo z dwoma otworami w komorze na wod\u0119 i otworem w rurze wyci\u0105gowej. Fajka wodna ma otw\u00f3r na kopni\u0119cie i lejek.<\/p>\n<p><strong>Specyfikacje:<\/strong><br \/>\nWysoko\u015b\u0107: 30 cm<br \/>\nMateria\u0142: szk\u0142o borokrzemianowe<\/p>\n<p>Czy masz jakie\u015b pytania? Skontaktuj si\u0119 z nami\u00a0<a href=\"https:\/\/hookahshop.lt\/pl\/lacznosc\/\">strona z kontaktami<\/a>\u00a0lub napisz do nas na adres\u00a0<a href=\"https:\/\/facebook.com\/HookahShop.lt\/\" target=\"_blank\" rel=\"noopener\">konto na Facebooku<\/a>\u00a0a my odpowiemy na Twoj\u0105 pro\u015bb\u0119 tego samego dnia.<\/p>","protected":false},"excerpt":{"rendered":"<p>Fajka wodna szklana Black Matte 30cm Matowe czarne bongo z dwoma otworami w komorze wodnej i otworem w rurze zasysaj\u0105cej. Fajka wodna posiada otw\u00f3r do kopania i lejek. Dane techniczne: Wysoko\u015b\u0107: 30 cm Materia\u0142: szk\u0142o borokrzemianowe Masz pytania? Skontaktuj si\u0119 z nami na stronie kontaktowej lub napisz do nas na Facebooku, a my odpowiemy na Twoj\u0105 pro\u015bb\u0119 jeszcze tego samego dnia.<\/p>","protected":false},"featured_media":36063,"comment_status":"open","ping_status":"closed","template":"","meta":[],"_links":{"self":[{"href":"https:\/\/hookahshop.lt\/pl\/wp-json\/wp\/v2\/product\/36062"}],"collection":[{"href":"https:\/\/hookahshop.lt\/pl\/wp-json\/wp\/v2\/product"}],"about":[{"href":"https:\/\/hookahshop.lt\/pl\/wp-json\/wp\/v2\/types\/product"}],"replies":[{"embeddable":true,"href":"https:\/\/hookahshop.lt\/pl\/wp-json\/wp\/v2\/comments?post=36062"}],"version-history":[{"count":3,"href":"https:\/\/hookahshop.lt\/pl\/wp-json\/wp\/v2\/product\/36062\/revisions"}],"predecessor-version":[{"id":40784,"href":"https:\/\/hookahshop.lt\/pl\/wp-json\/wp\/v2\/product\/36062\/revisions\/40784"}],"wp:featuredmedia":[{"embeddable":true,"href":"https:\/\/hookahshop.lt\/pl\/wp-json\/wp\/v2\/media\/36063"}],"wp:attachment":[{"href":"https:\/\/hookahshop.lt\/pl\/wp-json\/wp\/v2\/media?parent=36062"}],"curies":[{"name":"wp","href":"https:\/\/api.w.org\/{rel}","templated":true}]}}