{"id":36066,"date":"2023-05-07T01:20:18","date_gmt":"2023-05-06T22:20:18","guid":{"rendered":"https:\/\/hookahshop.lt\/?post_type=product&#038;p=36066"},"modified":"2026-04-13T23:29:37","modified_gmt":"2026-04-13T20:29:37","slug":"akriline-vandens-pypke-jamaica-40cm","status":"publish","type":"product","link":"https:\/\/hookahshop.lt\/pl\/produkt\/akryl-fajka-woda-jamajka-40cm\/","title":{"rendered":"Akrylowa fajka wodna Jamajka 40cm"},"content":{"rendered":"<h2>Akrylowa fajka wodna Jamajka 40cm<\/h2>\n<p>Akrylowy, cylindryczny kszta\u0142t z gumow\u0105 stopk\u0105 i gradientowym przej\u015bciem kolorystycznym.<\/p>\n<p><strong>Specyfikacje:<\/strong><br \/>\nWysoko\u015b\u0107: 40 cm<br \/>\nMateria\u0142: akryl;<\/p>\n<p>&nbsp;<\/p>\n<p>Czy masz jakie\u015b pytania? Skontaktuj si\u0119 z nami\u00a0<a href=\"https:\/\/hookahshop.lt\/pl\/lacznosc\/\">strona z kontaktami<\/a>\u00a0lub napisz do nas na adres\u00a0<a href=\"https:\/\/facebook.com\/HookahShop.lt\/\" target=\"_blank\" rel=\"noopener\">konto na Facebooku<\/a>\u00a0a my odpowiemy na Twoj\u0105 pro\u015bb\u0119 tego samego dnia.<\/p>","protected":false},"excerpt":{"rendered":"<p>Fajka wodna akrylowa Jamajka 40cm Akrylowa, cylindryczna kszta\u0142t z gumow\u0105 stopk\u0105 i gradientowym przej\u015bciem kolor\u00f3w. Dane techniczne: Wysoko\u015b\u0107: 40 cm Materia\u0142: akryl Masz pytania? Skontaktuj si\u0119 z nami na stronie kontaktowej lub napisz do nas na naszym koncie na Facebooku, a my odpowiemy na Twoj\u0105 pro\u015bb\u0119 jeszcze tego samego dnia.<\/p>","protected":false},"featured_media":36067,"comment_status":"open","ping_status":"closed","template":"","meta":[],"_links":{"self":[{"href":"https:\/\/hookahshop.lt\/pl\/wp-json\/wp\/v2\/product\/36066"}],"collection":[{"href":"https:\/\/hookahshop.lt\/pl\/wp-json\/wp\/v2\/product"}],"about":[{"href":"https:\/\/hookahshop.lt\/pl\/wp-json\/wp\/v2\/types\/product"}],"replies":[{"embeddable":true,"href":"https:\/\/hookahshop.lt\/pl\/wp-json\/wp\/v2\/comments?post=36066"}],"version-history":[{"count":5,"href":"https:\/\/hookahshop.lt\/pl\/wp-json\/wp\/v2\/product\/36066\/revisions"}],"predecessor-version":[{"id":45200,"href":"https:\/\/hookahshop.lt\/pl\/wp-json\/wp\/v2\/product\/36066\/revisions\/45200"}],"wp:featuredmedia":[{"embeddable":true,"href":"https:\/\/hookahshop.lt\/pl\/wp-json\/wp\/v2\/media\/36067"}],"wp:attachment":[{"href":"https:\/\/hookahshop.lt\/pl\/wp-json\/wp\/v2\/media?parent=36066"}],"curies":[{"name":"wp","href":"https:\/\/api.w.org\/{rel}","templated":true}]}}