{"id":36072,"date":"2023-05-07T01:25:17","date_gmt":"2023-05-06T22:25:17","guid":{"rendered":"https:\/\/hookahshop.lt\/?post_type=product&#038;p=36072"},"modified":"2026-04-18T23:29:23","modified_gmt":"2026-04-18T20:29:23","slug":"akriline-vandens-pypke-yellow-30cm","status":"publish","type":"product","link":"https:\/\/hookahshop.lt\/pl\/produkt\/akryl-wodociag-zolty-30cm\/","title":{"rendered":"Akrylowa fajka wodna \u017b\u00f3\u0142ta 30cm"},"content":{"rendered":"<h2>Fajka wodna akrylowa \u017b\u00f3\u0142ta 30 cm<\/h2>\n<p>Z kropkami. Praktyczny w podr\u00f3\u017cy iw domu. Noga jest zdejmowana dla bezpiecznego transportu, a chillum mo\u017cna zdj\u0105\u0107 i odkr\u0119ci\u0107.<\/p>\n<p><strong>Specyfikacje:<\/strong><br \/>\nWysoko\u015b\u0107: 30 cm<br \/>\nKolor \u017c\u00f3\u0142ty<br \/>\nMateria\u0142: akryl;<\/p>\n<p>Czy masz jakie\u015b pytania? Skontaktuj si\u0119 z nami\u00a0<a href=\"https:\/\/hookahshop.lt\/pl\/lacznosc\/\">strona z kontaktami<\/a>\u00a0lub napisz do nas na adres\u00a0<a href=\"https:\/\/facebook.com\/HookahShop.lt\/\" target=\"_blank\" rel=\"noopener\">konto na Facebooku<\/a>\u00a0a my odpowiemy na Twoj\u0105 pro\u015bb\u0119 tego samego dnia.<\/p>\n<p>&nbsp;<\/p>","protected":false},"excerpt":{"rendered":"<p>Fajka wodna akrylowa \u017b\u00f3\u0142ta 30 cm W kropki. Praktyczny w podr\u00f3\u017cy i w domu. Dla bezpiecznego transportu nog\u0119 mo\u017cna zdj\u0105\u0107, a chillum mo\u017cna zdj\u0105\u0107 i odkr\u0119ci\u0107. Dane techniczne: Wysoko\u015b\u0107: 30 cm Kolor: \u017c\u00f3\u0142ty Materia\u0142: akryl Masz pytania? Skontaktuj si\u0119 z nami na stronie kontaktowej lub napisz do nas na Facebooku, a my odpowiemy na Twoj\u0105 pro\u015bb\u0119 jeszcze tego samego dnia. &nbsp;<\/p>","protected":false},"featured_media":36073,"comment_status":"open","ping_status":"closed","template":"","meta":[],"_links":{"self":[{"href":"https:\/\/hookahshop.lt\/pl\/wp-json\/wp\/v2\/product\/36072"}],"collection":[{"href":"https:\/\/hookahshop.lt\/pl\/wp-json\/wp\/v2\/product"}],"about":[{"href":"https:\/\/hookahshop.lt\/pl\/wp-json\/wp\/v2\/types\/product"}],"replies":[{"embeddable":true,"href":"https:\/\/hookahshop.lt\/pl\/wp-json\/wp\/v2\/comments?post=36072"}],"version-history":[{"count":4,"href":"https:\/\/hookahshop.lt\/pl\/wp-json\/wp\/v2\/product\/36072\/revisions"}],"predecessor-version":[{"id":36096,"href":"https:\/\/hookahshop.lt\/pl\/wp-json\/wp\/v2\/product\/36072\/revisions\/36096"}],"wp:featuredmedia":[{"embeddable":true,"href":"https:\/\/hookahshop.lt\/pl\/wp-json\/wp\/v2\/media\/36073"}],"wp:attachment":[{"href":"https:\/\/hookahshop.lt\/pl\/wp-json\/wp\/v2\/media?parent=36072"}],"curies":[{"name":"wp","href":"https:\/\/api.w.org\/{rel}","templated":true}]}}