{"id":36078,"date":"2023-05-07T01:30:30","date_gmt":"2023-05-06T22:30:30","guid":{"rendered":"https:\/\/hookahshop.lt\/?post_type=product&#038;p=36078"},"modified":"2026-04-06T23:29:30","modified_gmt":"2026-04-06T20:29:30","slug":"akriline-vandens-pypke-gray-30cm","status":"publish","type":"product","link":"https:\/\/hookahshop.lt\/pl\/produkt\/akryl-wodociag-szary-30cm\/","title":{"rendered":"Akrylowa fajka wodna Szara 30cm"},"content":{"rendered":"<h2>Akrylowa fajka wodna Szara 30cm<\/h2>\n<p>Czarne akrylowe bongo w ma\u0142e kropki. Praktyczny w podr\u00f3\u017cy iw domu. Noga jest zdejmowana dla bezpiecznego transportu, a chillum mo\u017cna zdj\u0105\u0107 i odkr\u0119ci\u0107.<\/p>\n<p><strong>Specyfikacje:<\/strong><br \/>\nWysoko\u015b\u0107: 30 cm<br \/>\nCzarny kolor<br \/>\nMateria\u0142: akryl;<\/p>\n<p>Czy masz jakie\u015b pytania? Skontaktuj si\u0119 z nami\u00a0<a href=\"https:\/\/hookahshop.lt\/pl\/lacznosc\/\">strona z kontaktami<\/a>\u00a0lub napisz do nas na adres\u00a0<a href=\"https:\/\/facebook.com\/HookahShop.lt\/\" target=\"_blank\" rel=\"noopener\">konto na Facebooku<\/a>\u00a0a my odpowiemy na Twoj\u0105 pro\u015bb\u0119 tego samego dnia.<\/p>","protected":false},"excerpt":{"rendered":"<p>Fajka wodna akrylowa Szara 30cm Czarne akrylowe bongo w ma\u0142e kropki. Praktyczny w podr\u00f3\u017cy i w domu. Dla bezpiecznego transportu nog\u0119 mo\u017cna zdj\u0105\u0107, a chillum mo\u017cna zdj\u0105\u0107 i odkr\u0119ci\u0107. Specyfikacje: Wysoko\u015b\u0107: 30 cm Kolor: Czarny Materia\u0142: Akryl Masz pytania? Skontaktuj si\u0119 z nami na stronie kontaktowej lub napisz do nas na naszym koncie na Facebooku, a my odpowiemy na Twoj\u0105 pro\u015bb\u0119 jeszcze tego samego dnia.<\/p>","protected":false},"featured_media":41320,"comment_status":"open","ping_status":"closed","template":"","meta":[],"_links":{"self":[{"href":"https:\/\/hookahshop.lt\/pl\/wp-json\/wp\/v2\/product\/36078"}],"collection":[{"href":"https:\/\/hookahshop.lt\/pl\/wp-json\/wp\/v2\/product"}],"about":[{"href":"https:\/\/hookahshop.lt\/pl\/wp-json\/wp\/v2\/types\/product"}],"replies":[{"embeddable":true,"href":"https:\/\/hookahshop.lt\/pl\/wp-json\/wp\/v2\/comments?post=36078"}],"version-history":[{"count":3,"href":"https:\/\/hookahshop.lt\/pl\/wp-json\/wp\/v2\/product\/36078\/revisions"}],"predecessor-version":[{"id":45199,"href":"https:\/\/hookahshop.lt\/pl\/wp-json\/wp\/v2\/product\/36078\/revisions\/45199"}],"wp:featuredmedia":[{"embeddable":true,"href":"https:\/\/hookahshop.lt\/pl\/wp-json\/wp\/v2\/media\/41320"}],"wp:attachment":[{"href":"https:\/\/hookahshop.lt\/pl\/wp-json\/wp\/v2\/media?parent=36078"}],"curies":[{"name":"wp","href":"https:\/\/api.w.org\/{rel}","templated":true}]}}