{"id":36086,"date":"2023-05-07T01:41:43","date_gmt":"2023-05-06T22:41:43","guid":{"rendered":"https:\/\/hookahshop.lt\/?post_type=product&#038;p=36086"},"modified":"2026-04-06T23:29:30","modified_gmt":"2026-04-06T20:29:30","slug":"popiereliai-raw-rolls-king-size-3m","status":"publish","type":"product","link":"https:\/\/hookahshop.lt\/pl\/produkt\/papiery-surowe-rolki-king-size-3m\/","title":{"rendered":"Papiery RAW Rolki King Size 3m"},"content":{"rendered":"<h2>Papiery RAW Rolki King Size 3m<\/h2>\n<p>Rolowana bibu\u0142ka papierosowa RAW - wykonana z organicznych, nieprzetworzonych i niebielonych w\u0142\u00f3kien naturalnych.<\/p>\n<p><strong>Specyfikacje:<\/strong><br \/>\nD\u0142ugo\u015b\u0107: 3 lata<br \/>\nSzeroko\u015b\u0107: 54mm<\/p>\n<p>Czy masz jakie\u015b pytania? Skontaktuj si\u0119 z nami\u00a0<a href=\"https:\/\/hookahshop.lt\/pl\/lacznosc\/\">strona z kontaktami<\/a>\u00a0lub napisz do nas na adres\u00a0<a href=\"https:\/\/facebook.com\/HookahShop.lt\/\" target=\"_blank\" rel=\"noopener\">konto na Facebooku<\/a>\u00a0a my odpowiemy na Twoj\u0105 pro\u015bb\u0119 tego samego dnia.<\/p>","protected":false},"excerpt":{"rendered":"<p>Papiery RAW Rolls King Size 3m Rolowana bibu\u0142ka papierosowa RAW - wykonana z organicznych, nieobrobionych i niebielonych w\u0142\u00f3kien naturalnych. Dane techniczne: D\u0142ugo\u015b\u0107: 3 m Szeroko\u015b\u0107: 54 mm Pytania? Skontaktuj si\u0119 z nami na stronie kontaktowej lub napisz do nas na naszym koncie na Facebooku, a my odpowiemy na Twoj\u0105 pro\u015bb\u0119 jeszcze tego samego dnia.<\/p>","protected":false},"featured_media":36087,"comment_status":"open","ping_status":"closed","template":"","meta":[],"_links":{"self":[{"href":"https:\/\/hookahshop.lt\/pl\/wp-json\/wp\/v2\/product\/36086"}],"collection":[{"href":"https:\/\/hookahshop.lt\/pl\/wp-json\/wp\/v2\/product"}],"about":[{"href":"https:\/\/hookahshop.lt\/pl\/wp-json\/wp\/v2\/types\/product"}],"replies":[{"embeddable":true,"href":"https:\/\/hookahshop.lt\/pl\/wp-json\/wp\/v2\/comments?post=36086"}],"version-history":[{"count":5,"href":"https:\/\/hookahshop.lt\/pl\/wp-json\/wp\/v2\/product\/36086\/revisions"}],"predecessor-version":[{"id":45214,"href":"https:\/\/hookahshop.lt\/pl\/wp-json\/wp\/v2\/product\/36086\/revisions\/45214"}],"wp:featuredmedia":[{"embeddable":true,"href":"https:\/\/hookahshop.lt\/pl\/wp-json\/wp\/v2\/media\/36087"}],"wp:attachment":[{"href":"https:\/\/hookahshop.lt\/pl\/wp-json\/wp\/v2\/media?parent=36086"}],"curies":[{"name":"wp","href":"https:\/\/api.w.org\/{rel}","templated":true}]}}