{"id":36205,"date":"2023-05-18T15:11:50","date_gmt":"2023-05-18T12:11:50","guid":{"rendered":"https:\/\/hookahshop.lt\/?post_type=product&#038;p=36205"},"modified":"2026-04-06T23:29:30","modified_gmt":"2026-04-06T20:29:30","slug":"krepsys-kaljanui-hoob-long","status":"publish","type":"product","link":"https:\/\/hookahshop.lt\/pl\/produkt\/kosz-na-fajke-wodna-hoob-dlugi\/","title":{"rendered":"Torba na fajki wodne HOOB Long"},"content":{"rendered":"<h2>Torba na fajki wodne HOOB Long<\/h2>\n<p>Zaprojektowany do bezpiecznego przechowywania i przenoszenia fajki wodnej i drobnych akcesori\u00f3w. D\u0142uga torba do wygodnego transportu i przenoszenia fajek wodnych o d\u0142ugo\u015bci do 80 cm.<br \/>\nTorba jest wy\u015bcie\u0142ana i posiada specjalne zapi\u0119cia wewn\u0105trz.<br \/>\nPrzeznaczony do przenoszenia fajek wodnych o d\u0142ugo\u015bci 60-80 cm. Posiada r\u00f3wnie\u017c dodatkowe kieszonki na drobiazgi.<\/p>\n<p><strong>Specyfikacja:<\/strong><br \/>\nMateria\u0142: woskowane p\u0142\u00f3tno i sk\u00f3ra naturalna.<br \/>\nWymiary: ~80cm<\/p>\n<p>Czy masz jakie\u015b pytania? Skontaktuj si\u0119 z nami\u00a0<a href=\"https:\/\/hookahshop.lt\/pl\/lacznosc\/\">strona z kontaktami<\/a>\u00a0lub napisz do nas na adres\u00a0<a href=\"https:\/\/facebook.com\/HookahShop.lt\/\" target=\"_blank\" rel=\"noopener noreferrer\">konto na Facebooku<\/a> a my odpowiemy na Twoj\u0105 pro\u015bb\u0119 tego samego dnia.<\/p>","protected":false},"excerpt":{"rendered":"<p>Torba na fajk\u0119 wodn\u0105 HOOB Long Przeznaczona do bezpiecznego przechowywania i przenoszenia fajki wodnej oraz drobnych akcesori\u00f3w. D\u0142uga torba do wygodnego transportu i noszenia fajek wodnych o d\u0142ugo\u015bci do 80 cm. Torba jest wy\u015bcie\u0142ana i posiada wewn\u0105trz specjalne zapi\u0119cia. Przeznaczony do noszenia fajek wodnych o d\u0142ugo\u015bci 60-80 cm. Posiada tak\u017ce dodatkowe kieszonki na drobne przedmioty. Specyfikacja: Materia\u0142: woskowane p\u0142\u00f3tno i naturalne [...]<\/p>","protected":false},"featured_media":36212,"comment_status":"open","ping_status":"closed","template":"","meta":[],"_links":{"self":[{"href":"https:\/\/hookahshop.lt\/pl\/wp-json\/wp\/v2\/product\/36205"}],"collection":[{"href":"https:\/\/hookahshop.lt\/pl\/wp-json\/wp\/v2\/product"}],"about":[{"href":"https:\/\/hookahshop.lt\/pl\/wp-json\/wp\/v2\/types\/product"}],"replies":[{"embeddable":true,"href":"https:\/\/hookahshop.lt\/pl\/wp-json\/wp\/v2\/comments?post=36205"}],"version-history":[{"count":2,"href":"https:\/\/hookahshop.lt\/pl\/wp-json\/wp\/v2\/product\/36205\/revisions"}],"predecessor-version":[{"id":36210,"href":"https:\/\/hookahshop.lt\/pl\/wp-json\/wp\/v2\/product\/36205\/revisions\/36210"}],"wp:featuredmedia":[{"embeddable":true,"href":"https:\/\/hookahshop.lt\/pl\/wp-json\/wp\/v2\/media\/36212"}],"wp:attachment":[{"href":"https:\/\/hookahshop.lt\/pl\/wp-json\/wp\/v2\/media?parent=36205"}],"curies":[{"name":"wp","href":"https:\/\/api.w.org\/{rel}","templated":true}]}}