{"id":36213,"date":"2023-05-18T15:42:55","date_gmt":"2023-05-18T12:42:55","guid":{"rendered":"https:\/\/hookahshop.lt\/?post_type=product&#038;p=36213"},"modified":"2026-04-06T23:29:30","modified_gmt":"2026-04-06T20:29:30","slug":"krepsys-kaljanui-ykap","status":"publish","type":"product","link":"https:\/\/hookahshop.lt\/pl\/produkt\/kosze-hookah-ykap\/","title":{"rendered":"Torba na fajk\u0119 wodn\u0105 YKAP"},"content":{"rendered":"<h2>Torba na fajk\u0119 wodn\u0105 YKAP<\/h2>\n<p>Zaprojektowany do bezpiecznego przechowywania i przenoszenia fajki wodnej i drobnych akcesori\u00f3w. Wy\u015bcie\u0142ana torba ma wygodne uchwyty i wewn\u0119trzne kieszenie do przechowywania cz\u0119\u015bci fajkowych, dzi\u0119ki czemu idealnie nadaje si\u0119 do podr\u00f3\u017cy!<\/p>\n<p><strong>Specyfikacja:<\/strong><br \/>\nD\u0142ugo\u015b\u0107: ~80cm<\/p>\n<p>Czy masz jakie\u015b pytania? Skontaktuj si\u0119 z nami\u00a0<a href=\"https:\/\/hookahshop.lt\/pl\/lacznosc\/\">strona z kontaktami<\/a>\u00a0lub napisz do nas na adres\u00a0<a href=\"https:\/\/facebook.com\/HookahShop.lt\/\" target=\"_blank\" rel=\"noopener noreferrer\">konto na Facebooku<\/a> a my odpowiemy na Twoj\u0105 pro\u015bb\u0119 tego samego dnia.<\/p>","protected":false},"excerpt":{"rendered":"<p>Torba na fajk\u0119 wodn\u0105 YKAP Przeznaczona do bezpiecznego przechowywania i przenoszenia fajki wodnej oraz drobnych akcesori\u00f3w. Wy\u015bcie\u0142ana torba ma wygodne uchwyty i wewn\u0119trzne kieszenie do przechowywania cz\u0119\u015bci rur, dzi\u0119ki czemu idealnie nadaje si\u0119 do podr\u00f3\u017cy! Specyfikacja: D\u0142ugo\u015b\u0107: ~80cm Masz pytania? Skontaktuj si\u0119 z nami na stronie kontaktowej lub napisz do nas na Facebooku, a my odpowiemy na Twoj\u0105 pro\u015bb\u0119 jeszcze tego samego dnia.<\/p>","protected":false},"featured_media":36214,"comment_status":"open","ping_status":"closed","template":"","meta":[],"_links":{"self":[{"href":"https:\/\/hookahshop.lt\/pl\/wp-json\/wp\/v2\/product\/36213"}],"collection":[{"href":"https:\/\/hookahshop.lt\/pl\/wp-json\/wp\/v2\/product"}],"about":[{"href":"https:\/\/hookahshop.lt\/pl\/wp-json\/wp\/v2\/types\/product"}],"replies":[{"embeddable":true,"href":"https:\/\/hookahshop.lt\/pl\/wp-json\/wp\/v2\/comments?post=36213"}],"version-history":[{"count":4,"href":"https:\/\/hookahshop.lt\/pl\/wp-json\/wp\/v2\/product\/36213\/revisions"}],"predecessor-version":[{"id":36221,"href":"https:\/\/hookahshop.lt\/pl\/wp-json\/wp\/v2\/product\/36213\/revisions\/36221"}],"wp:featuredmedia":[{"embeddable":true,"href":"https:\/\/hookahshop.lt\/pl\/wp-json\/wp\/v2\/media\/36214"}],"wp:attachment":[{"href":"https:\/\/hookahshop.lt\/pl\/wp-json\/wp\/v2\/media?parent=36213"}],"curies":[{"name":"wp","href":"https:\/\/api.w.org\/{rel}","templated":true}]}}