{"id":36217,"date":"2023-05-18T16:40:39","date_gmt":"2023-05-18T13:40:39","guid":{"rendered":"https:\/\/hookahshop.lt\/?post_type=product&#038;p=36217"},"modified":"2026-04-15T23:29:30","modified_gmt":"2026-04-15T20:29:30","slug":"sakute-kaljano-tabakui-silver","status":"publish","type":"product","link":"https:\/\/hookahshop.lt\/pl\/produkt\/sakute-szisza-tyton-srebrny\/","title":{"rendered":"Widelec do tytoniu do fajki wodnej Srebrny"},"content":{"rendered":"<h2>Widelec do tytoniu do fajki wodnej Srebrny<\/h2>\n<p>Zaprojektowany, aby pakowa\u0107 idealny kubek czystymi r\u0119kami.<\/p>\n<p><strong>Specyfikacja:<\/strong><br \/>\nD\u0142ugo\u015b\u0107: 13 cm<br \/>\nMateria\u0142: metal<br \/>\nKolor: srebrny<\/p>\n<p>Czy masz jakie\u015b pytania? Skontaktuj si\u0119 z nami\u00a0<a href=\"https:\/\/hookahshop.lt\/pl\/lacznosc\/\">strona z kontaktami<\/a>\u00a0lub napisz do nas na adres\u00a0<a href=\"https:\/\/facebook.com\/HookahShop.lt\/\" target=\"_blank\" rel=\"noopener noreferrer\">konto na Facebooku<\/a>\u00a0a my odpowiemy na Twoj\u0105 pro\u015bb\u0119 tego samego dnia.<\/p>\n<p>&nbsp;<\/p>","protected":false},"excerpt":{"rendered":"<p>Widelec do Shisha, srebrny Zaprojektowany, aby zapakowa\u0107 idealn\u0105 fili\u017cank\u0119 czystymi r\u0119kami. Specyfikacja: D\u0142ugo\u015b\u0107: 13 cm Materia\u0142: Metal Kolor: Srebrny Masz pytania? Skontaktuj si\u0119 z nami na stronie kontaktowej lub napisz do nas na Facebooku, a my odpowiemy na Twoj\u0105 pro\u015bb\u0119 jeszcze tego samego dnia. &nbsp;<\/p>","protected":false},"featured_media":36218,"comment_status":"open","ping_status":"closed","template":"","meta":[],"_links":{"self":[{"href":"https:\/\/hookahshop.lt\/pl\/wp-json\/wp\/v2\/product\/36217"}],"collection":[{"href":"https:\/\/hookahshop.lt\/pl\/wp-json\/wp\/v2\/product"}],"about":[{"href":"https:\/\/hookahshop.lt\/pl\/wp-json\/wp\/v2\/types\/product"}],"replies":[{"embeddable":true,"href":"https:\/\/hookahshop.lt\/pl\/wp-json\/wp\/v2\/comments?post=36217"}],"version-history":[{"count":4,"href":"https:\/\/hookahshop.lt\/pl\/wp-json\/wp\/v2\/product\/36217\/revisions"}],"predecessor-version":[{"id":44424,"href":"https:\/\/hookahshop.lt\/pl\/wp-json\/wp\/v2\/product\/36217\/revisions\/44424"}],"wp:featuredmedia":[{"embeddable":true,"href":"https:\/\/hookahshop.lt\/pl\/wp-json\/wp\/v2\/media\/36218"}],"wp:attachment":[{"href":"https:\/\/hookahshop.lt\/pl\/wp-json\/wp\/v2\/media?parent=36217"}],"curies":[{"name":"wp","href":"https:\/\/api.w.org\/{rel}","templated":true}]}}