{"id":36297,"date":"2023-06-10T13:28:29","date_gmt":"2023-06-10T10:28:29","guid":{"rendered":"https:\/\/hookahshop.lt\/?post_type=product&#038;p=36297"},"modified":"2026-04-18T23:29:23","modified_gmt":"2026-04-18T20:29:23","slug":"taurele-kaljanui-darkside-shot","status":"publish","type":"product","link":"https:\/\/hookahshop.lt\/pl\/produkt\/szisza-szklana-darkside-shot\/","title":{"rendered":"Kubek do fajki wodnej DARKSIDE Shot"},"content":{"rendered":"<h2>Kubek do fajki wodnej DARKSIDE Shot<\/h2>\n<p>Mie\u015bci niewielk\u0105 ilo\u015b\u0107 tytoniu, ma doskona\u0142e dzia\u0142anie i intensywny smak. Darkside to marka wysokiej jako\u015bci produkt\u00f3w do fajek wodnych, kt\u00f3ra cieszy si\u0119 uznaniem wielu u\u017cytkownik\u00f3w fajek wodnych.<br \/>\nKubek tytoniu mie\u015bci 15-20 g.<\/p>\n<p><strong>Specyfikacje:<\/strong><br \/>\n\u015arednica: 7,5 cm<br \/>\nWysoko\u015b\u0107: 8 cm<br \/>\nMateria\u0142: glina<br \/>\nCzarny kolor<\/p>\n<p>Czy masz jakie\u015b pytania? Skontaktuj si\u0119 z nami\u00a0<a href=\"https:\/\/hookahshop.lt\/pl\/lacznosc\/\">strona z kontaktami<\/a>\u00a0lub napisz do nas na adres\u00a0<a href=\"https:\/\/facebook.com\/HookahShop.lt\/\" target=\"_blank\" rel=\"noopener\">konto na Facebooku<\/a>\u00a0a my odpowiemy na Twoj\u0105 pro\u015bb\u0119 tego samego dnia.<\/p>\n<p>&nbsp;<\/p>","protected":false},"excerpt":{"rendered":"<p>Kubek do fajki wodnej DARKSIDE Shot Mie\u015bci niewielk\u0105 ilo\u015b\u0107 tytoniu i ma doskona\u0142\u0105 wydajno\u015b\u0107 oraz zapewnia intensywny smak. Darkside to marka wysokiej jako\u015bci produkt\u00f3w do fajki wodnej, kt\u00f3ra jest doceniana przez wielu u\u017cytkownik\u00f3w fajek wodnych. Kubek do tytoniu mie\u015bci 15-20 g. Specyfikacja: \u015arednica: 7,5 cm Wysoko\u015b\u0107: 8 cm Materia\u0142: glina Kolor: czarny Masz pytania? Skontaktuj si\u0119 z nami na stronie kontaktowej lub napisz do nas na Facebooku, a my odpowiemy [\u2026]<\/p>","protected":false},"featured_media":36301,"comment_status":"open","ping_status":"closed","template":"","meta":[],"_links":{"self":[{"href":"https:\/\/hookahshop.lt\/pl\/wp-json\/wp\/v2\/product\/36297"}],"collection":[{"href":"https:\/\/hookahshop.lt\/pl\/wp-json\/wp\/v2\/product"}],"about":[{"href":"https:\/\/hookahshop.lt\/pl\/wp-json\/wp\/v2\/types\/product"}],"replies":[{"embeddable":true,"href":"https:\/\/hookahshop.lt\/pl\/wp-json\/wp\/v2\/comments?post=36297"}],"version-history":[{"count":4,"href":"https:\/\/hookahshop.lt\/pl\/wp-json\/wp\/v2\/product\/36297\/revisions"}],"predecessor-version":[{"id":45711,"href":"https:\/\/hookahshop.lt\/pl\/wp-json\/wp\/v2\/product\/36297\/revisions\/45711"}],"wp:featuredmedia":[{"embeddable":true,"href":"https:\/\/hookahshop.lt\/pl\/wp-json\/wp\/v2\/media\/36301"}],"wp:attachment":[{"href":"https:\/\/hookahshop.lt\/pl\/wp-json\/wp\/v2\/media?parent=36297"}],"curies":[{"name":"wp","href":"https:\/\/api.w.org\/{rel}","templated":true}]}}