{"id":36304,"date":"2023-06-10T15:25:49","date_gmt":"2023-06-10T12:25:49","guid":{"rendered":"https:\/\/hookahshop.lt\/?post_type=product&#038;p=36304"},"modified":"2026-04-26T23:30:04","modified_gmt":"2026-04-26T20:30:04","slug":"taurele-kaljanui-vyro-phunnel-helsinki","status":"publish","type":"product","link":"https:\/\/hookahshop.lt\/pl\/produkt\/kubek-szisza-dla-czlowieka-phunnel-helsinki\/","title":{"rendered":"Kubek do fajki wodnej MEN Phunnel Helsinki"},"content":{"rendered":"<h2>Kubek do fajki wodnej MEN Phunnel Helsinki<\/h2>\n<p>Kubek dzi\u0119ki swojej wyj\u0105tkowej i kompaktowej konstrukcji jest idealnym towarzyszem podr\u00f3\u017cy. Kubek jest ca\u0142kowicie przeszklony, co zapewnia optymaln\u0105 dystrybucj\u0119 ciep\u0142a i po\u017c\u0105dany smak ulubionego tytoniu.<br \/>\nKubek tytoniu mie\u015bci 12-15 g.<\/p>\n<p><strong>Specyfikacje:<\/strong><br \/>\n\u015arednica: 7 cm<br \/>\nWysoko\u015b\u0107: 4 cm<br \/>\nMateria\u0142: glina<br \/>\nKolor: czarny, bia\u0142y<\/p>\n<p>Czy masz jakie\u015b pytania? Skontaktuj si\u0119 z nami\u00a0<a href=\"https:\/\/hookahshop.lt\/pl\/lacznosc\/\">strona z kontaktami<\/a>\u00a0lub napisz do nas na adres\u00a0<a href=\"https:\/\/facebook.com\/HookahShop.lt\/\" target=\"_blank\" rel=\"noopener\">konto na Facebooku<\/a>\u00a0a my odpowiemy na Twoj\u0105 pro\u015bb\u0119 tego samego dnia.<\/p>","protected":false},"excerpt":{"rendered":"<p>Kubek na fajk\u0119 wodn\u0105 MEN Phunnel Helsinki Dzi\u0119ki wyj\u0105tkowej i kompaktowej konstrukcji kubek jest idealnym towarzyszem podr\u00f3\u017cy. Kubek jest ca\u0142kowicie przeszklony, co zapewnia optymaln\u0105 dystrybucj\u0119 ciep\u0142a i po\u017c\u0105dany smak ulubionego tytoniu. Kubek tytoniu mie\u015bci 12-15 g. Dane techniczne: \u015arednica: 7 cm Wysoko\u015b\u0107: 4 cm Materia\u0142: glina Kolor: czarny, bia\u0142y Masz pytania? Skontaktuj si\u0119 z nami na stronie kontaktowej lub napisz do nas na Facebooku [...]<\/p>","protected":false},"featured_media":36305,"comment_status":"open","ping_status":"closed","template":"","meta":[],"_links":{"self":[{"href":"https:\/\/hookahshop.lt\/pl\/wp-json\/wp\/v2\/product\/36304"}],"collection":[{"href":"https:\/\/hookahshop.lt\/pl\/wp-json\/wp\/v2\/product"}],"about":[{"href":"https:\/\/hookahshop.lt\/pl\/wp-json\/wp\/v2\/types\/product"}],"replies":[{"embeddable":true,"href":"https:\/\/hookahshop.lt\/pl\/wp-json\/wp\/v2\/comments?post=36304"}],"version-history":[{"count":2,"href":"https:\/\/hookahshop.lt\/pl\/wp-json\/wp\/v2\/product\/36304\/revisions"}],"predecessor-version":[{"id":36307,"href":"https:\/\/hookahshop.lt\/pl\/wp-json\/wp\/v2\/product\/36304\/revisions\/36307"}],"wp:featuredmedia":[{"embeddable":true,"href":"https:\/\/hookahshop.lt\/pl\/wp-json\/wp\/v2\/media\/36305"}],"wp:attachment":[{"href":"https:\/\/hookahshop.lt\/pl\/wp-json\/wp\/v2\/media?parent=36304"}],"curies":[{"name":"wp","href":"https:\/\/api.w.org\/{rel}","templated":true}]}}