{"id":36312,"date":"2023-06-10T15:40:11","date_gmt":"2023-06-10T12:40:11","guid":{"rendered":"https:\/\/hookahshop.lt\/?post_type=product&#038;p=36312"},"modified":"2026-04-16T10:21:35","modified_gmt":"2026-04-16T07:21:35","slug":"taurele-kaljanui-target-phunnel-red-white","status":"publish","type":"product","link":"https:\/\/hookahshop.lt\/pl\/produkt\/kubek-szisza-docelowa-lejek-czerwono-bialy\/","title":{"rendered":"Fili\u017canka do fajki wodnej TARGET Phunnel Red White"},"content":{"rendered":"<h2>Fili\u017canka do fajki wodnej TARGET Phunnel Red White<\/h2>\n<p>\u0141atwy do wyci\u0105gni\u0119cia kubek wykonany jest z wysokiej jako\u015bci gliny. Podgrzewany by\u0142 kilka razy, aby fili\u017canka starczy\u0142a na d\u0142u\u017cej.<br \/>\nPojemnik na tyto\u0144 mie\u015bci 18-23 g.<\/p>\n<p><strong>Specyfikacje:<\/strong><br \/>\nGatunek: thunnel<br \/>\n\u015arednica: 7,5 cm<br \/>\nWysoko\u015b\u0107: 11,5 cm<br \/>\nMateria\u0142: glina<br \/>\nKolor: bia\u0142y, czerwony<\/p>\n<p>Czy masz jakie\u015b pytania? Skontaktuj si\u0119 z nami\u00a0<a href=\"https:\/\/hookahshop.lt\/pl\/lacznosc\/\">strona z kontaktami<\/a>\u00a0lub napisz do nas na adres\u00a0<a href=\"https:\/\/facebook.com\/HookahShop.lt\/\" target=\"_blank\" rel=\"noopener\">konto na Facebooku<\/a>\u00a0a my odpowiemy na Twoj\u0105 pro\u015bb\u0119 tego samego dnia.<\/p>","protected":false},"excerpt":{"rendered":"<p>Miseczka na fajk\u0119 wodn\u0105 TARGET Phunnel Red White Lekka miska do fajki wodnej wykonana z wysokiej jako\u015bci gliny. Aby fili\u017canka wystarczy\u0142a na d\u0142u\u017cej, podgrzano j\u0105 kilka razy. Kubek tytoniowy mie\u015bci 18-23 g. Dane techniczne: Typ: phunnel \u015arednica: 7,5 cm Wysoko\u015b\u0107: 11,5 cm Materia\u0142: glina Kolor: bia\u0142y, czerwony Masz pytania? Skontaktuj si\u0119 z nami na stronie kontaktowej lub napisz do nas na naszym koncie na Facebooku, a my odpowiemy [\u2026]<\/p>","protected":false},"featured_media":36313,"comment_status":"open","ping_status":"closed","template":"","meta":[],"_links":{"self":[{"href":"https:\/\/hookahshop.lt\/pl\/wp-json\/wp\/v2\/product\/36312"}],"collection":[{"href":"https:\/\/hookahshop.lt\/pl\/wp-json\/wp\/v2\/product"}],"about":[{"href":"https:\/\/hookahshop.lt\/pl\/wp-json\/wp\/v2\/types\/product"}],"replies":[{"embeddable":true,"href":"https:\/\/hookahshop.lt\/pl\/wp-json\/wp\/v2\/comments?post=36312"}],"version-history":[{"count":3,"href":"https:\/\/hookahshop.lt\/pl\/wp-json\/wp\/v2\/product\/36312\/revisions"}],"predecessor-version":[{"id":43494,"href":"https:\/\/hookahshop.lt\/pl\/wp-json\/wp\/v2\/product\/36312\/revisions\/43494"}],"wp:featuredmedia":[{"embeddable":true,"href":"https:\/\/hookahshop.lt\/pl\/wp-json\/wp\/v2\/media\/36313"}],"wp:attachment":[{"href":"https:\/\/hookahshop.lt\/pl\/wp-json\/wp\/v2\/media?parent=36312"}],"curies":[{"name":"wp","href":"https:\/\/api.w.org\/{rel}","templated":true}]}}