{"id":36332,"date":"2023-06-10T16:01:57","date_gmt":"2023-06-10T13:01:57","guid":{"rendered":"https:\/\/hookahshop.lt\/?post_type=product&#038;p=36332"},"modified":"2026-04-15T23:29:30","modified_gmt":"2026-04-15T20:29:30","slug":"taurele-kaljanui-moon-phunnel-green-acid","status":"publish","type":"product","link":"https:\/\/hookahshop.lt\/pl\/produkt\/filizanka-szisza-ksiezyc-lejek-zielony-kwas\/","title":{"rendered":"Kubek do fajki wodnej MOON Phunnel Green Acid"},"content":{"rendered":"<h2>Kubek do fajki wodnej MOON Phunnel Green Acid<\/h2>\n<p>R\u0119cznie robione, doskona\u0142e wykonanie, wykonane z wysokiej jako\u015bci gliny, kubek szkliwiony. Wysokiej jako\u015bci glina i szkliwo to po\u0142\u0105czenie idealne. Kubek nadaje si\u0119 zar\u00f3wno do ciemnych, jak i jasnych tytoni.<br \/>\nPojemno\u015b\u0107 kubka to oko\u0142o 15 g (w zale\u017cno\u015bci od zastosowanego sposobu pakowania).<br \/>\nDo rozprowadzania tytoniu w kubku do\u0142\u0105czony jest drewniany widelec.<\/p>\n<p><strong>Charakterystyka:<\/strong><br \/>\nMateria\u0142: glina<br \/>\nWysoko\u015b\u0107: ~12 cm<br \/>\nSzeroko\u015b\u0107: ~7,8 cm<br \/>\nPojemno\u015b\u0107: ~1,3 cm<br \/>\nKolor: zielony, matowy<\/p>\n<p>Czy masz jakie\u015b pytania? Skontaktuj si\u0119 z nami\u00a0<a href=\"https:\/\/hookahshop.lt\/pl\/lacznosc\/\">strona z kontaktami<\/a>\u00a0lub napisz do nas na adres\u00a0<a href=\"https:\/\/facebook.com\/HookahShop.lt\/\" target=\"_blank\" rel=\"noopener\">konto na Facebooku<\/a>\u00a0a my odpowiemy na Twoj\u0105 pro\u015bb\u0119 tego samego dnia.<\/p>\n<p>&nbsp;<\/p>","protected":false},"excerpt":{"rendered":"<p>Kubek na fajk\u0119 wodn\u0105 MOON Phunnel Green Acid R\u0119cznie wykonany, doskona\u0142e wykonanie, wykonany z wysokiej jako\u015bci gliny, kubek szkliwiony. Wysokiej jako\u015bci glina i szkliwo to po\u0142\u0105czenie idealne. Kubek nadaje si\u0119 zar\u00f3wno do ciemnych, jak i jasnych tytoni. Pojemno\u015b\u0107 kubka to oko\u0142o 15 g (w zale\u017cno\u015bci od zastosowanego sposobu pakowania). W zestawie drewniany widelec s\u0142u\u017c\u0105cy do rozprowadzania tytoniu w fili\u017cance. Charakterystyka: Materia\u0142: glina Wysoko\u015b\u0107: ~ 12 cm [\u2026]<\/p>","protected":false},"featured_media":36333,"comment_status":"open","ping_status":"closed","template":"","meta":[],"_links":{"self":[{"href":"https:\/\/hookahshop.lt\/pl\/wp-json\/wp\/v2\/product\/36332"}],"collection":[{"href":"https:\/\/hookahshop.lt\/pl\/wp-json\/wp\/v2\/product"}],"about":[{"href":"https:\/\/hookahshop.lt\/pl\/wp-json\/wp\/v2\/types\/product"}],"replies":[{"embeddable":true,"href":"https:\/\/hookahshop.lt\/pl\/wp-json\/wp\/v2\/comments?post=36332"}],"version-history":[{"count":2,"href":"https:\/\/hookahshop.lt\/pl\/wp-json\/wp\/v2\/product\/36332\/revisions"}],"predecessor-version":[{"id":36335,"href":"https:\/\/hookahshop.lt\/pl\/wp-json\/wp\/v2\/product\/36332\/revisions\/36335"}],"wp:featuredmedia":[{"embeddable":true,"href":"https:\/\/hookahshop.lt\/pl\/wp-json\/wp\/v2\/media\/36333"}],"wp:attachment":[{"href":"https:\/\/hookahshop.lt\/pl\/wp-json\/wp\/v2\/media?parent=36332"}],"curies":[{"name":"wp","href":"https:\/\/api.w.org\/{rel}","templated":true}]}}