{"id":36419,"date":"2023-06-26T14:18:05","date_gmt":"2023-06-26T11:18:05","guid":{"rendered":"https:\/\/hookahshop.lt\/?post_type=product&#038;p=36419"},"modified":"2026-04-06T23:29:31","modified_gmt":"2026-04-06T20:29:31","slug":"difuzorius-kaljanui-union-hookah","status":"publish","type":"product","link":"https:\/\/hookahshop.lt\/pl\/produkt\/dyfuzor-szisza-zlaczka-szisza\/","title":{"rendered":"Dyfuzor do fajki wodnej UNION Fajka wodna"},"content":{"rendered":"<h2>Dyfuzor do fajki wodnej UNION Fajka wodna<\/h2>\n<p>Proces pracy jest podobny do filtra, poniewa\u017c rozbija p\u0119cherzyki powietrza unosz\u0105ce si\u0119 w kolbie. W ten spos\u00f3b dym w kolbie zostaje sch\u0142odzony. Lekko t\u0142umi r\u00f3wnie\u017c bulgocz\u0105cy d\u017awi\u0119k fajki wodnej, zapewniaj\u0105c cichsze otoczenie, np. podczas ogl\u0105dania filmu lub interakcji z innymi osobami.<\/p>\n<p><strong>Stosowanie:<\/strong><br \/>\nDyfuzor jest mocowany tylko do ko\u0144ca wa\u0142u (trzpienia) modelu fajki UNION za pomoc\u0105 o-ring\u00f3w.<\/p>\n<p><strong>Specyfikacje:<\/strong><br \/>\nMateria\u0142: tworzywo sztuczne (klasa medyczna)<br \/>\nWysoko\u015b\u0107: 2,8 cm<br \/>\nSzeroko\u015b\u0107: 2 cm<\/p>\n<p>Czy masz jakie\u015b pytania? Skontaktuj si\u0119 z nami\u00a0<a href=\"https:\/\/hookahshop.lt\/pl\/lacznosc\/\">strona z kontaktami<\/a>\u00a0lub napisz do nas na adres\u00a0<a href=\"https:\/\/facebook.com\/HookahShop.lt\/\" target=\"_blank\" rel=\"noopener noreferrer\">konto na Facebooku<\/a>\u00a0a my odpowiemy na Twoj\u0105 pro\u015bb\u0119 tego samego dnia.<\/p>\n<p>&nbsp;<\/p>","protected":false},"excerpt":{"rendered":"<p>Dyfuzor do fajki wodnej UNION Hookah Proces dzia\u0142ania przypomina filtr, gdy\u017c rozbija powstaj\u0105ce w kolbie p\u0119cherzyki powietrza. W ten spos\u00f3b dym w kolbie ulega och\u0142odzeniu. Lekko t\u0142umi r\u00f3wnie\u017c bulgocz\u0105cy d\u017awi\u0119k fajki wodnej, zapewniaj\u0105c cichsze otoczenie, np. podczas ogl\u0105dania filmu lub komunikowania si\u0119 z innymi. Spos\u00f3b u\u017cycia: Dyfuzor mocowany jest wy\u0142\u0105cznie do ko\u0144c\u00f3wki trzonka (trzpienia) modelu fajki wodnej UNION za pomoc\u0105 o-ring\u00f3w. Specyfikacje: Materia\u0142: Plastik [\u2026]<\/p>","protected":false},"featured_media":36420,"comment_status":"open","ping_status":"closed","template":"","meta":[],"_links":{"self":[{"href":"https:\/\/hookahshop.lt\/pl\/wp-json\/wp\/v2\/product\/36419"}],"collection":[{"href":"https:\/\/hookahshop.lt\/pl\/wp-json\/wp\/v2\/product"}],"about":[{"href":"https:\/\/hookahshop.lt\/pl\/wp-json\/wp\/v2\/types\/product"}],"replies":[{"embeddable":true,"href":"https:\/\/hookahshop.lt\/pl\/wp-json\/wp\/v2\/comments?post=36419"}],"version-history":[{"count":4,"href":"https:\/\/hookahshop.lt\/pl\/wp-json\/wp\/v2\/product\/36419\/revisions"}],"predecessor-version":[{"id":45264,"href":"https:\/\/hookahshop.lt\/pl\/wp-json\/wp\/v2\/product\/36419\/revisions\/45264"}],"wp:featuredmedia":[{"embeddable":true,"href":"https:\/\/hookahshop.lt\/pl\/wp-json\/wp\/v2\/media\/36420"}],"wp:attachment":[{"href":"https:\/\/hookahshop.lt\/pl\/wp-json\/wp\/v2\/media?parent=36419"}],"curies":[{"name":"wp","href":"https:\/\/api.w.org\/{rel}","templated":true}]}}