{"id":36483,"date":"2023-07-04T23:28:58","date_gmt":"2023-07-04T20:28:58","guid":{"rendered":"https:\/\/hookahshop.lt\/?post_type=product&#038;p=36483"},"modified":"2026-04-15T23:29:31","modified_gmt":"2026-04-15T20:29:31","slug":"taurele-kaljanui-moon-turkish-black-space","status":"publish","type":"product","link":"https:\/\/hookahshop.lt\/pl\/produkt\/kubek-szisza-ksiezyc-turecki-czarny-przestrzen\/","title":{"rendered":"Fili\u017canka do fajki wodnej MOON Turkish Black Space"},"content":{"rendered":"<h2>Fili\u017canka do fajki wodnej MOON Turkish Black Space<\/h2>\n<p>R\u0119cznie robiony, doskona\u0142e wykonanie, wykonany z wysokiej jako\u015bci glinianego kubka. Nowi na rynku, pracowali dla nich te same osoby zaanga\u017cowane w tworzenie Puchar\u00f3w Oblakas. Wysokiej jako\u015bci glina i glazura to idealne po\u0142\u0105czenie.<br \/>\nNar\u00f3d nadaje si\u0119 zar\u00f3wno do ciemnego, jak i jasnego tytoniu.<br \/>\nPojemno\u015b\u0107 kubka to oko\u0142o 20-25 g (w zale\u017cno\u015bci od zastosowanego sposobu pakowania).<\/p>\n<p><strong>Charakterystyka:<\/strong><br \/>\nMateria\u0142: glina z glazur\u0105<br \/>\nWysoko\u015b\u0107: ~8 cm<br \/>\nSzeroko\u015b\u0107: ~7,5 cm<br \/>\nPojemno\u015b\u0107: ~2,5 cm<\/p>\n<p>&nbsp;<\/p>\n<p>Czy masz jakie\u015b pytania? Skontaktuj si\u0119 z nami\u00a0<a href=\"https:\/\/hookahshop.lt\/pl\/lacznosc\/\">strona z kontaktami<\/a>\u00a0lub napisz do nas na adres\u00a0<a href=\"https:\/\/facebook.com\/HookahShop.lt\/\" target=\"_blank\" rel=\"noopener noreferrer\">konto na Facebooku<\/a>\u00a0a my odpowiemy na Twoj\u0105 pro\u015bb\u0119 tego samego dnia.<\/p>","protected":false},"excerpt":{"rendered":"<p>Kubek na fajk\u0119 wodn\u0105 MOON Turkish Black Space R\u0119cznie wykonany, doskona\u0142e wykonanie, kubek wykonany z wysokiej jako\u015bci gliny. Nowo\u015b\u0107 na rynku, nad nimi pracowa\u0142y te same osoby, kt\u00f3re pracowa\u0142y przy tworzeniu kubk\u00f3w Oblaka. Wysokiej jako\u015bci glina i szkliwo to po\u0142\u0105czenie idealne. Miska nadaje si\u0119 zar\u00f3wno do ciemnych, jak i jasnych tytoni. Pojemno\u015b\u0107 kubka to oko\u0142o 20-25 g (w zale\u017cno\u015bci od zastosowanego sposobu pakowania). Charakterystyka: [\u2026]<\/p>","protected":false},"featured_media":36487,"comment_status":"open","ping_status":"closed","template":"","meta":[],"_links":{"self":[{"href":"https:\/\/hookahshop.lt\/pl\/wp-json\/wp\/v2\/product\/36483"}],"collection":[{"href":"https:\/\/hookahshop.lt\/pl\/wp-json\/wp\/v2\/product"}],"about":[{"href":"https:\/\/hookahshop.lt\/pl\/wp-json\/wp\/v2\/types\/product"}],"replies":[{"embeddable":true,"href":"https:\/\/hookahshop.lt\/pl\/wp-json\/wp\/v2\/comments?post=36483"}],"version-history":[{"count":2,"href":"https:\/\/hookahshop.lt\/pl\/wp-json\/wp\/v2\/product\/36483\/revisions"}],"predecessor-version":[{"id":36498,"href":"https:\/\/hookahshop.lt\/pl\/wp-json\/wp\/v2\/product\/36483\/revisions\/36498"}],"wp:featuredmedia":[{"embeddable":true,"href":"https:\/\/hookahshop.lt\/pl\/wp-json\/wp\/v2\/media\/36487"}],"wp:attachment":[{"href":"https:\/\/hookahshop.lt\/pl\/wp-json\/wp\/v2\/media?parent=36483"}],"curies":[{"name":"wp","href":"https:\/\/api.w.org\/{rel}","templated":true}]}}