{"id":36488,"date":"2023-07-04T23:49:10","date_gmt":"2023-07-04T20:49:10","guid":{"rendered":"https:\/\/hookahshop.lt\/?post_type=product&#038;p=36488"},"modified":"2026-04-14T23:29:37","modified_gmt":"2026-04-14T20:29:37","slug":"kaljanas-ykap-mini-m3-black-su-krepsiu","status":"publish","type":"product","link":"https:\/\/hookahshop.lt\/pl\/produkt\/szisza-ykap-mini-m3-czarna-z-koszem\/","title":{"rendered":"Fajka wodna YKAP Mini M3 Czarna z torb\u0105"},"content":{"rendered":"<h2>Fajka wodna YKAP Mini M3 Czarna z torb\u0105<\/h2>\n<p>Jest to niewielkich rozmiar\u00f3w i wysokiej jako\u015bci fajka wodna, kt\u00f3ra zagwarantuje przyjemn\u0105 sesj\u0119 i doskonale sprawdzi si\u0119 w podr\u00f3\u017cy. Zestaw zawiera nie tylko torb\u0119 na fajk\u0119 wodn\u0105, ale tak\u017ce torb\u0119 do przechowywania akcesori\u00f3w. Fajka wodna wykonana jest z najwy\u017cszej jako\u015bci materia\u0142\u00f3w, kt\u00f3re zapewni\u0105 d\u0142ug\u0105 \u017cywotno\u015b\u0107 fajki wodnej. \u0141atwo wci\u0105gana fajka wodna.<\/p>\n<p><strong>Specyfikacja:<\/strong><br \/>\nCzarny kolor<br \/>\nMateria\u0142: stal nierdzewna i plastik<br \/>\nW\u0105\u017c silikonowy<br \/>\nZ\u0142\u0105cze o-ringowe<br \/>\nOddymianie od g\u00f3ry do do\u0142u (od spodu p\u0142yty)<br \/>\nWysoko\u015b\u0107: 38,5 cm<br \/>\n\u015arednica \u0142odygi sziszy: 1,1 cm<\/p>\n<p><strong>Ekwipunek:<\/strong><br \/>\nTrzonek, dyfuzor, kolba, w\u0105\u017c silikonowy, torba na akcesoria, torba na fajk\u0119 wodn\u0105<\/p>\n<p><img decoding=\"async\" loading=\"lazy\" class=\"alignnone size-medium wp-image-38520\" src=\"https:\/\/hookahshop.lt\/wp-content\/uploads\/2020\/09\/stiebas-kolba-zarna-kandiklis-1-300x273.jpg\" alt=\"- hookahshop.lt\" width=\"300\" height=\"273\" srcset=\"https:\/\/hookahshop.lt\/wp-content\/uploads\/2020\/09\/stiebas-kolba-zarna-kandiklis-1-300x273.jpg 300w, https:\/\/hookahshop.lt\/wp-content\/uploads\/2020\/09\/stiebas-kolba-zarna-kandiklis-1-13x12.jpg 13w, https:\/\/hookahshop.lt\/wp-content\/uploads\/2020\/09\/stiebas-kolba-zarna-kandiklis-1-64x58.jpg 64w, https:\/\/hookahshop.lt\/wp-content\/uploads\/2020\/09\/stiebas-kolba-zarna-kandiklis-1.jpg 420w\" sizes=\"(max-width: 300px) 100vw, 300px\" title=\"\"><\/p>\n<p>Czy masz jakie\u015b pytania? Skontaktuj si\u0119 z nami\u00a0<a href=\"https:\/\/hookahshop.lt\/pl\/lacznosc\/\">strona z kontaktami<\/a>\u00a0lub napisz do nas na adres\u00a0<a href=\"https:\/\/facebook.com\/HookahShop.lt\/\" target=\"_blank\" rel=\"noopener noreferrer\">konto na Facebooku<\/a>\u00a0a my odpowiemy na Twoj\u0105 pro\u015bb\u0119 tego samego dnia.<\/p>\n<p>&nbsp;<\/p>","protected":false},"excerpt":{"rendered":"<p>Fajka wodna YKAP Mini M3 Czarna z torb\u0105 To niewielkich rozmiar\u00f3w i wysokiej jako\u015bci fajka wodna, kt\u00f3ra zagwarantuje przyjemn\u0105 sesj\u0119 i doskonale sprawdzi si\u0119 w podr\u00f3\u017cy. W zestawie znajduje si\u0119 nie tylko woreczek na fajk\u0119 wodn\u0105, ale tak\u017ce woreczek do przechowywania akcesori\u00f3w. Szisza wykonana jest z najwy\u017cszej jako\u015bci materia\u0142\u00f3w, co zapewni d\u0142ug\u0105 \u017cywotno\u015b\u0107 fajki wodnej. \u0141atwe ci\u0105gni\u0119cie fajki wodnej. Specyfikacja: Kolor: Czarny Materia\u0142: [\u2026]<\/p>","protected":false},"featured_media":36494,"comment_status":"open","ping_status":"closed","template":"","meta":[],"_links":{"self":[{"href":"https:\/\/hookahshop.lt\/pl\/wp-json\/wp\/v2\/product\/36488"}],"collection":[{"href":"https:\/\/hookahshop.lt\/pl\/wp-json\/wp\/v2\/product"}],"about":[{"href":"https:\/\/hookahshop.lt\/pl\/wp-json\/wp\/v2\/types\/product"}],"replies":[{"embeddable":true,"href":"https:\/\/hookahshop.lt\/pl\/wp-json\/wp\/v2\/comments?post=36488"}],"version-history":[{"count":5,"href":"https:\/\/hookahshop.lt\/pl\/wp-json\/wp\/v2\/product\/36488\/revisions"}],"predecessor-version":[{"id":44482,"href":"https:\/\/hookahshop.lt\/pl\/wp-json\/wp\/v2\/product\/36488\/revisions\/44482"}],"wp:featuredmedia":[{"embeddable":true,"href":"https:\/\/hookahshop.lt\/pl\/wp-json\/wp\/v2\/media\/36494"}],"wp:attachment":[{"href":"https:\/\/hookahshop.lt\/pl\/wp-json\/wp\/v2\/media?parent=36488"}],"curies":[{"name":"wp","href":"https:\/\/api.w.org\/{rel}","templated":true}]}}