{"id":36506,"date":"2023-07-06T22:40:43","date_gmt":"2023-07-06T19:40:43","guid":{"rendered":"https:\/\/hookahshop.lt\/?post_type=product&#038;p=36506"},"modified":"2026-04-17T16:33:41","modified_gmt":"2026-04-17T13:33:41","slug":"kaljanas-alpha-hookah-x-vndl-jet-black","status":"publish","type":"product","link":"https:\/\/hookahshop.lt\/pl\/produkt\/fajka-wodna-alpha-hookah-x-vndl-jet-black\/","title":{"rendered":"Fajka wodna ALPHA HOOKAH X VNDL Jet Black"},"content":{"rendered":"<h2>Fajka wodna ALPHA HOOKAH X VNDL Jet Black<\/h2>\n<p>Hookah of the Year przez John Calliano Awards 2021 i Hookah Club Show 2022. Z\u0142ote detale, wyj\u0105tkowe grawerowanie i ekskluzywne opakowanie \u2013 oto Model X Vandal. Jest kompaktowy i \u0142atwy w u\u017cyciu. Do\u015b\u0107 lekka fajka wodna, wszystkie jej elementy wykonane s\u0105 z wysokiej jako\u015bci nowoczesnych materia\u0142\u00f3w, kt\u00f3re zapewniaj\u0105 doskona\u0142y smak i trwa\u0142o\u015b\u0107 nawet przy regularnym u\u017cytkowaniu.<\/p>\n<p><strong>Charakterystyka:<\/strong><br \/>\nWysoko\u015b\u0107 fajki wodnej: 42 cm<br \/>\n\u015arednica trzonka: 1,4 cm<br \/>\nMateria\u0142: Stal nierdzewna<br \/>\nG\u0142\u00f3wny materia\u0142: niemiecki poliacetal<br \/>\nPod\u0142\u0105czenie w\u0119\u017ca: magnetyczne<br \/>\nDyfuzor: wysuwany<br \/>\nUstnik: stal nierdzewna<br \/>\nD\u0142ugo\u015b\u0107 ustnika: 30 cm<br \/>\nW\u0105\u017c: Silikon (mi\u0119kki w dotyku)<br \/>\nD\u0142ugo\u015b\u0107 w\u0119\u017ca: 150 cm<\/p>\n<p><strong>Ekwipunek:<\/strong><\/p>\n<p>Wa\u0142, p\u0142ytka, w\u0105\u017c z ustnikiem, uszczelki.<\/p>\n<p>Czy masz jakie\u015b pytania? Skontaktuj si\u0119 z nami\u00a0<a href=\"https:\/\/hookahshop.lt\/pl\/lacznosc\/\">strona z kontaktami<\/a>\u00a0lub napisz do nas na adres\u00a0<a href=\"https:\/\/facebook.com\/HookahShop.lt\/\" target=\"_blank\" rel=\"noopener noreferrer\">konto na Facebooku<\/a>\u00a0a my odpowiemy na Twoj\u0105 pro\u015bb\u0119 tego samego dnia.<\/p>\n<p>&nbsp;<\/p>","protected":false},"excerpt":{"rendered":"<p>Fajka wodna ALPHA HOOKAH X VNDL Jet Black Szisza Roku wed\u0142ug \u201eJohn Calliano Awards 2021\u201d i \u201eHookah Club Show 2022\u201d. Z\u0142ote detale, unikalny grawer i ekskluzywne opakowanie \u2013 oto Model X Vandal. Jest kompaktowy i \u0142atwy w u\u017cyciu. Do\u015b\u0107 lekka fajka wodna, wszystkie jej elementy wykonane s\u0105 z wysokiej jako\u015bci nowoczesnych materia\u0142\u00f3w, kt\u00f3re zapewniaj\u0105 doskona\u0142y smak i trwa\u0142o\u015b\u0107 nawet przy regularnym [...]<\/p>","protected":false},"featured_media":36515,"comment_status":"open","ping_status":"closed","template":"","meta":[],"_links":{"self":[{"href":"https:\/\/hookahshop.lt\/pl\/wp-json\/wp\/v2\/product\/36506"}],"collection":[{"href":"https:\/\/hookahshop.lt\/pl\/wp-json\/wp\/v2\/product"}],"about":[{"href":"https:\/\/hookahshop.lt\/pl\/wp-json\/wp\/v2\/types\/product"}],"replies":[{"embeddable":true,"href":"https:\/\/hookahshop.lt\/pl\/wp-json\/wp\/v2\/comments?post=36506"}],"version-history":[{"count":2,"href":"https:\/\/hookahshop.lt\/pl\/wp-json\/wp\/v2\/product\/36506\/revisions"}],"predecessor-version":[{"id":36514,"href":"https:\/\/hookahshop.lt\/pl\/wp-json\/wp\/v2\/product\/36506\/revisions\/36514"}],"wp:featuredmedia":[{"embeddable":true,"href":"https:\/\/hookahshop.lt\/pl\/wp-json\/wp\/v2\/media\/36515"}],"wp:attachment":[{"href":"https:\/\/hookahshop.lt\/pl\/wp-json\/wp\/v2\/media?parent=36506"}],"curies":[{"name":"wp","href":"https:\/\/api.w.org\/{rel}","templated":true}]}}