{"id":36549,"date":"2023-07-11T22:07:21","date_gmt":"2023-07-11T19:07:21","guid":{"rendered":"https:\/\/hookahshop.lt\/?post_type=product&#038;p=36549"},"modified":"2026-04-17T23:29:53","modified_gmt":"2026-04-17T20:29:53","slug":"sepetelis-kaljano-sachtai-black-90cm","status":"publish","type":"product","link":"https:\/\/hookahshop.lt\/pl\/produkt\/sepetelis-fajki-zamki-czarne-90cm\/","title":{"rendered":"Szczotka do trzonka fajki wodnej Czarna 90cm"},"content":{"rendered":"<h2>Szczotka do trzonka fajki wodnej Czarna 90cm<\/h2>\n<p>Szczotka przeznaczona jest do czyszczenia trzonu fajki wodnej, zaleca si\u0119 u\u017cywa\u0107 jej razem ze \u015brodkami czyszcz\u0105cymi. Si\u0119ga i pomaga w usuwaniu wszelkich zabrudze\u0144.<\/p>\n<p><strong>Charakterystyka:<\/strong><sub><br \/>\n<\/sub>D\u0142ugo\u015b\u0107 p\u0119dzla: 90 cm<br \/>\nSzeroko\u015b\u0107 w\u0142osia: 2 cm<br \/>\nCzarny kolor<\/p>\n<p>Dlaczego czyszczenie trzonu fajki wodnej jest wa\u017cne?<sub><br \/>\n<\/sub>Podczas u\u017cywania fajki wodnej szkodliwe substancje zawarte w dymie osadzaj\u0105 si\u0119 na \u015bciankach szybu. Nikotyna, produkty spalania w\u0119gla, zapach pozosta\u0142o\u015bci tytoniu, kt\u00f3ry by\u0142 u\u017cywany w poprzednich sesjach palenia i tak dalej. Substancje szkodliwe nie s\u0105 dobre dla zdrowia. A obce aromaty nie pozwol\u0105 ci w pe\u0142ni cieszy\u0107 si\u0119 fajk\u0105 wodn\u0105. Dlatego wa\u017cne jest, aby za ka\u017cdym razem czy\u015bci\u0107 trzonek do fajki wodnej.<sub><br \/>\n<\/sub>Najlepiej wyczy\u015b\u0107 trzonek fajki wodnej - po ka\u017cdym u\u017cyciu fajki wodnej.<\/p>\n<p>Czy masz jakie\u015b pytania? Skontaktuj si\u0119 z nami\u00a0<a href=\"https:\/\/hookahshop.lt\/pl\/lacznosc\/\">strona z kontaktami<\/a>\u00a0lub napisz do nas na adres\u00a0<a href=\"https:\/\/facebook.com\/HookahShop.lt\/\" target=\"_blank\" rel=\"noopener\">konto na Facebooku<\/a>\u00a0a my odpowiemy na Twoj\u0105 pro\u015bb\u0119 tego samego dnia.<\/p>\n<p>&nbsp;<\/p>","protected":false},"excerpt":{"rendered":"<p>P\u0119dzel do trzonka fajki wodnej Czarny 90cm Szczotka przeznaczona jest do czyszczenia trzonka fajki wodnej, zaleca si\u0119 stosowa\u0107 razem ze \u015brodkami czyszcz\u0105cymi. Dociera i pomaga oczy\u015bci\u0107 wszelkie zanieczyszczenia. Charakterystyka: D\u0142ugo\u015b\u0107 szczotki: 90cm Szeroko\u015b\u0107 w\u0142osia: 2cm Kolor: czarny Dlaczego czyszczenie trzonka fajki wodnej jest wa\u017cne? Podczas u\u017cywania fajki wodnej szkodliwe substancje zawarte w dymie osadzaj\u0105 si\u0119 na \u015bciankach szybu. Aromat nikotyny, produkt\u00f3w spalania w\u0119gla, pozosta\u0142o\u015bci tytoniu, kt\u00f3re [\u2026]<\/p>","protected":false},"featured_media":36550,"comment_status":"open","ping_status":"closed","template":"","meta":[],"_links":{"self":[{"href":"https:\/\/hookahshop.lt\/pl\/wp-json\/wp\/v2\/product\/36549"}],"collection":[{"href":"https:\/\/hookahshop.lt\/pl\/wp-json\/wp\/v2\/product"}],"about":[{"href":"https:\/\/hookahshop.lt\/pl\/wp-json\/wp\/v2\/types\/product"}],"replies":[{"embeddable":true,"href":"https:\/\/hookahshop.lt\/pl\/wp-json\/wp\/v2\/comments?post=36549"}],"version-history":[{"count":5,"href":"https:\/\/hookahshop.lt\/pl\/wp-json\/wp\/v2\/product\/36549\/revisions"}],"predecessor-version":[{"id":45471,"href":"https:\/\/hookahshop.lt\/pl\/wp-json\/wp\/v2\/product\/36549\/revisions\/45471"}],"wp:featuredmedia":[{"embeddable":true,"href":"https:\/\/hookahshop.lt\/pl\/wp-json\/wp\/v2\/media\/36550"}],"wp:attachment":[{"href":"https:\/\/hookahshop.lt\/pl\/wp-json\/wp\/v2\/media?parent=36549"}],"curies":[{"name":"wp","href":"https:\/\/api.w.org\/{rel}","templated":true}]}}