{"id":36561,"date":"2023-07-11T22:34:37","date_gmt":"2023-07-11T19:34:37","guid":{"rendered":"https:\/\/hookahshop.lt\/?post_type=product&#038;p=36561"},"modified":"2026-04-17T23:29:53","modified_gmt":"2026-04-17T20:29:53","slug":"taurele-kaljanui-kong-subzero","status":"publish","type":"product","link":"https:\/\/hookahshop.lt\/pl\/produkt\/kubek-do-hookah-kong-ponizej-zera\/","title":{"rendered":"Miska na fajk\u0119 wodn\u0105 KONG Subzero"},"content":{"rendered":"<h2>Miska na fajk\u0119 wodn\u0105 KONG Subzero<\/h2>\n<p>Ekskluzywnie zaprojektowany z wizerunkiem postaci Mortal Kombat SUBZERO. Kubek doskonale odwzorowuje w\u0142a\u015bciwo\u015bci smakowe i pozwala cieszy\u0107 si\u0119 przyjemno\u015bciami p\u0142yn\u0105cymi z fajki wodnej. Kubek doskonale rozprowadza ciep\u0142o, dzi\u0119ki czemu tyto\u0144 b\u0119dzie si\u0119 pali\u0142 r\u00f3wnomiernie. Kubek nadaje si\u0119 zar\u00f3wno do jasnego, jak i ciemnego tytoniu. Kubki do fajki wodnej KONG powstaj\u0105 w profesjonalnych piecach o temperaturze ponad 1200 stopni, kt\u00f3re nie poch\u0142aniaj\u0105 zapachu zu\u017cytego tytoniu. Podczas u\u017cytkowania kubeczek \u201eKong\u201d nie wycieka z syropu i d\u0142ugo zachowuje sw\u00f3j pierwotny wygl\u0105d. Si\u0142a kielicha jest r\u00f3wna sile kamienia.<\/p>\n<p>Fili\u017canka mie\u015bci oko\u0142o 16-20 g mieszanki tytoniowej.<\/p>\n<p><strong>Specyfikacje:<\/strong><br \/>\nWysoko\u015b\u0107: 125 mm<br \/>\n\u015arednica (zewn\u0119trzna): 76 mm<br \/>\n\u015arednica (wewn\u0119trzna): 64 mm<br \/>\nG\u0142\u0119boko\u015b\u0107: 15 mm<br \/>\nIlo\u015b\u0107 otwor\u00f3w: 9 szt.<br \/>\nWaga: oko\u0142o 565 gram\u00f3w.<\/p>\n<p>Czy masz jakie\u015b pytania? Skontaktuj si\u0119 z nami\u00a0<a href=\"https:\/\/hookahshop.lt\/pl\/lacznosc\/\">strona z kontaktami<\/a>\u00a0lub napisz do nas na adres\u00a0<a href=\"https:\/\/facebook.com\/HookahShop.lt\/\" target=\"_blank\" rel=\"noopener\">konto na Facebooku<\/a>\u00a0a my odpowiemy na Twoj\u0105 pro\u015bb\u0119 tego samego dnia.<\/p>","protected":false},"excerpt":{"rendered":"<p>Kubek na fajk\u0119 wodn\u0105 KONG Subzero Ekskluzywny design z wizerunkiem postaci SUBZERO z Mortal Kombat. Kubek doskonale odwzorowuje walory smakowe i pozwala cieszy\u0107 si\u0119 przyjemno\u015bciami p\u0142yn\u0105cymi z fajki wodnej. Kubek doskonale rozprowadza ciep\u0142o, dzi\u0119ki czemu tyto\u0144 b\u0119dzie pali\u0142 si\u0119 r\u00f3wnomiernie. Kubek nadaje si\u0119 zar\u00f3wno do jasnego, jak i ciemnego tytoniu. Kubki do fajki wodnej KONG powstaj\u0105 w profesjonalnych piecach o temperaturze ponad 1200 stopni, kt\u00f3re nie poch\u0142aniaj\u0105 zapachu zu\u017cytego tytoniu. [\u2026]<\/p>","protected":false},"featured_media":36657,"comment_status":"open","ping_status":"closed","template":"","meta":[],"_links":{"self":[{"href":"https:\/\/hookahshop.lt\/pl\/wp-json\/wp\/v2\/product\/36561"}],"collection":[{"href":"https:\/\/hookahshop.lt\/pl\/wp-json\/wp\/v2\/product"}],"about":[{"href":"https:\/\/hookahshop.lt\/pl\/wp-json\/wp\/v2\/types\/product"}],"replies":[{"embeddable":true,"href":"https:\/\/hookahshop.lt\/pl\/wp-json\/wp\/v2\/comments?post=36561"}],"version-history":[{"count":4,"href":"https:\/\/hookahshop.lt\/pl\/wp-json\/wp\/v2\/product\/36561\/revisions"}],"predecessor-version":[{"id":36674,"href":"https:\/\/hookahshop.lt\/pl\/wp-json\/wp\/v2\/product\/36561\/revisions\/36674"}],"wp:featuredmedia":[{"embeddable":true,"href":"https:\/\/hookahshop.lt\/pl\/wp-json\/wp\/v2\/media\/36657"}],"wp:attachment":[{"href":"https:\/\/hookahshop.lt\/pl\/wp-json\/wp\/v2\/media?parent=36561"}],"curies":[{"name":"wp","href":"https:\/\/api.w.org\/{rel}","templated":true}]}}