{"id":36566,"date":"2023-07-11T23:19:25","date_gmt":"2023-07-11T20:19:25","guid":{"rendered":"https:\/\/hookahshop.lt\/?post_type=product&#038;p=36566"},"modified":"2026-04-15T23:29:32","modified_gmt":"2026-04-15T20:29:32","slug":"sakute-yla-blade-black","status":"publish","type":"product","link":"https:\/\/hookahshop.lt\/pl\/produkt\/widelec-to-blade-black\/","title":{"rendered":"WIDELEC TO BLADE Czarne"},"content":{"rendered":"<h2>WIDELEC TO BLADE Czarne<\/h2>\n<p>Zapakuj idealn\u0105 fili\u017cank\u0119 czystymi r\u0119kami. Nienaganne, wysokiej jako\u015bci akcesorium.<\/p>\n<p><strong>Specyfikacja:<\/strong><sub><br \/>\n<\/sub>Materia\u0142: Stal nierdzewna<sub><br \/>\n<\/sub>Czarny kolor<sub><br \/>\n<\/sub>D\u0142ugo\u015b\u0107: 16 cm<sub><br \/>\n<\/sub>Szeroko\u015b\u0107: 1,5 cm<sub><br \/>\n<\/sub>Waga: 40g.<\/p>\n<p>Czy masz jakie\u015b pytania? Skontaktuj si\u0119 z nami\u00a0<a href=\"https:\/\/hookahshop.lt\/pl\/lacznosc\/\">strona z kontaktami<\/a>\u00a0lub napisz do nas na adres\u00a0<a href=\"https:\/\/facebook.com\/HookahShop.lt\/\" target=\"_blank\" rel=\"noopener\">konto na Facebooku<\/a>\u00a0a my odpowiemy na Twoj\u0105 pro\u015bb\u0119 tego samego dnia.<\/p>\n<p>&nbsp;<\/p>","protected":false},"excerpt":{"rendered":"<p>Widelec yla BLADE Black Pack to idealne szk\u0142o czystymi r\u0119kami. Nienagannie, jako\u015bciowo przetworzone akcesorium. Specyfikacja: Materia\u0142: stal nierdzewna Kolor: czarny D\u0142ugo\u015b\u0107: 16 cm Szeroko\u015b\u0107: 1,5 cm Waga: 40g. Czy masz jakie\u015b pytania? Skontaktuj si\u0119 z nami na stronie kontaktowej lub napisz do nas na naszym koncie na Facebooku, a my odpowiemy na Twoj\u0105 pro\u015bb\u0119 jeszcze tego samego dnia. &nbsp;<\/p>","protected":false},"featured_media":36568,"comment_status":"open","ping_status":"closed","template":"","meta":[],"_links":{"self":[{"href":"https:\/\/hookahshop.lt\/pl\/wp-json\/wp\/v2\/product\/36566"}],"collection":[{"href":"https:\/\/hookahshop.lt\/pl\/wp-json\/wp\/v2\/product"}],"about":[{"href":"https:\/\/hookahshop.lt\/pl\/wp-json\/wp\/v2\/types\/product"}],"replies":[{"embeddable":true,"href":"https:\/\/hookahshop.lt\/pl\/wp-json\/wp\/v2\/comments?post=36566"}],"version-history":[{"count":4,"href":"https:\/\/hookahshop.lt\/pl\/wp-json\/wp\/v2\/product\/36566\/revisions"}],"predecessor-version":[{"id":38422,"href":"https:\/\/hookahshop.lt\/pl\/wp-json\/wp\/v2\/product\/36566\/revisions\/38422"}],"wp:featuredmedia":[{"embeddable":true,"href":"https:\/\/hookahshop.lt\/pl\/wp-json\/wp\/v2\/media\/36568"}],"wp:attachment":[{"href":"https:\/\/hookahshop.lt\/pl\/wp-json\/wp\/v2\/media?parent=36566"}],"curies":[{"name":"wp","href":"https:\/\/api.w.org\/{rel}","templated":true}]}}