{"id":36575,"date":"2023-07-11T23:48:02","date_gmt":"2023-07-11T20:48:02","guid":{"rendered":"https:\/\/hookahshop.lt\/?post_type=product&#038;p=36575"},"modified":"2026-04-12T23:29:26","modified_gmt":"2026-04-12T20:29:26","slug":"apsauginis-sietelis-kaljanui-small-silver","status":"publish","type":"product","link":"https:\/\/hookahshop.lt\/pl\/produkt\/sitko-ochronne-do-szisza-male-srebrne\/","title":{"rendered":"Sitko ochronne do fajki wodnej Ma\u0142e Srebrne"},"content":{"rendered":"<h2>Sitko ochronne do fajki wodnej Ma\u0142e Srebrne<\/h2>\n<p>Jego wysoko\u015b\u0107 sprawia, \u017ce wygodnie pasuje do wi\u0119kszo\u015bci fajek wodnych dost\u0119pnych na rynku. Zapobiega przypadkowemu spaleniu cennego dobytku w\u0119gla podczas u\u017cywania fajki wodnej w domu.<\/p>\n<p><strong>Specyfikacja:<\/strong><br \/>\nWysoko\u015b\u0107: 21 cm<br \/>\n\u015arednica: 12 cm<\/p>\n<p>Czy masz jakie\u015b pytania? Skontaktuj si\u0119 z nami\u00a0<a href=\"https:\/\/hookahshop.lt\/pl\/lacznosc\/\">strona z kontaktami<\/a>\u00a0lub napisz do nas na adres\u00a0<a href=\"https:\/\/facebook.com\/HookahShop.lt\/\" target=\"_blank\" rel=\"noopener\">konto na Facebooku<\/a>\u00a0a my odpowiemy na Twoj\u0105 pro\u015bb\u0119 tego samego dnia.<\/p>\n<p>&nbsp;<\/p>","protected":false},"excerpt":{"rendered":"<p>Sitko ochronne do fajki wodnej Small Silver Dzi\u0119ki swojej wysoko\u015bci wygodnie pasuje do wi\u0119kszo\u015bci fajek wodnych dost\u0119pnych na rynku. Zapobiega przypadkowemu spaleniu cennych rzeczy podczas u\u017cywania fajki wodnej w domu. Specyfikacja: Wysoko\u015b\u0107: 21 cm \u015arednica: 12 cm Pytania? Skontaktuj si\u0119 z nami na stronie kontaktowej lub napisz do nas na naszym koncie na Facebooku, a my odpowiemy na Twoj\u0105 pro\u015bb\u0119 jeszcze tego samego dnia. &nbsp;<\/p>","protected":false},"featured_media":36576,"comment_status":"open","ping_status":"closed","template":"","meta":[],"_links":{"self":[{"href":"https:\/\/hookahshop.lt\/pl\/wp-json\/wp\/v2\/product\/36575"}],"collection":[{"href":"https:\/\/hookahshop.lt\/pl\/wp-json\/wp\/v2\/product"}],"about":[{"href":"https:\/\/hookahshop.lt\/pl\/wp-json\/wp\/v2\/types\/product"}],"replies":[{"embeddable":true,"href":"https:\/\/hookahshop.lt\/pl\/wp-json\/wp\/v2\/comments?post=36575"}],"version-history":[{"count":4,"href":"https:\/\/hookahshop.lt\/pl\/wp-json\/wp\/v2\/product\/36575\/revisions"}],"predecessor-version":[{"id":43921,"href":"https:\/\/hookahshop.lt\/pl\/wp-json\/wp\/v2\/product\/36575\/revisions\/43921"}],"wp:featuredmedia":[{"embeddable":true,"href":"https:\/\/hookahshop.lt\/pl\/wp-json\/wp\/v2\/media\/36576"}],"wp:attachment":[{"href":"https:\/\/hookahshop.lt\/pl\/wp-json\/wp\/v2\/media?parent=36575"}],"curies":[{"name":"wp","href":"https:\/\/api.w.org\/{rel}","templated":true}]}}