{"id":36579,"date":"2023-07-11T23:50:12","date_gmt":"2023-07-11T20:50:12","guid":{"rendered":"https:\/\/hookahshop.lt\/?post_type=product&#038;p=36579"},"modified":"2026-04-23T23:29:58","modified_gmt":"2026-04-23T20:29:58","slug":"apsauginis-sietelis-kaljanui-big-silver","status":"publish","type":"product","link":"https:\/\/hookahshop.lt\/pl\/produkt\/sitko-ochronne-do-szisza-duze-srebrne\/","title":{"rendered":"Sitko ochronne do fajki wodnej Big Silver"},"content":{"rendered":"<h2>Sitko ochronne do fajki wodnej Big Silver<\/h2>\n<p>Jego wysoko\u015b\u0107 sprawia, \u017ce wygodnie pasuje do wi\u0119kszo\u015bci fajek wodnych dost\u0119pnych na rynku. Zapobiega przypadkowemu spaleniu cennych przedmiot\u00f3w przez w\u0119giel drzewny podczas palenia w domu.<\/p>\n<p><strong>Specyfikacja:<\/strong><br \/>\nWysoko\u015b\u0107: 20 cm<br \/>\n\u015arednica: 11 cm<\/p>\n<p>Czy masz jakie\u015b pytania? Skontaktuj si\u0119 z nami\u00a0<a href=\"https:\/\/hookahshop.lt\/pl\/lacznosc\/\">strona z kontaktami<\/a>\u00a0lub napisz do nas na adres\u00a0<a href=\"https:\/\/facebook.com\/HookahShop.lt\/\" target=\"_blank\" rel=\"noopener\">konto na Facebooku<\/a>\u00a0a my odpowiemy na Twoj\u0105 pro\u015bb\u0119 tego samego dnia.<\/p>\n<p>&nbsp;<\/p>","protected":false},"excerpt":{"rendered":"<p>Sitko ochronne do fajki wodnej Big Silver Dzi\u0119ki swojej wysoko\u015bci wygodnie pasuje do wi\u0119kszo\u015bci fajek wodnych dost\u0119pnych na rynku. Zapobiega przypadkowemu spaleniu cennych przedmiot\u00f3w podczas palenia w domu. Specyfikacja: Wysoko\u015b\u0107: 20 cm \u015arednica: 11 cm Pytania? Skontaktuj si\u0119 z nami na stronie kontaktowej lub napisz do nas na naszym koncie na Facebooku, a my odpowiemy na Twoj\u0105 pro\u015bb\u0119 jeszcze tego samego dnia. &nbsp;<\/p>","protected":false},"featured_media":36582,"comment_status":"open","ping_status":"closed","template":"","meta":[],"_links":{"self":[{"href":"https:\/\/hookahshop.lt\/pl\/wp-json\/wp\/v2\/product\/36579"}],"collection":[{"href":"https:\/\/hookahshop.lt\/pl\/wp-json\/wp\/v2\/product"}],"about":[{"href":"https:\/\/hookahshop.lt\/pl\/wp-json\/wp\/v2\/types\/product"}],"replies":[{"embeddable":true,"href":"https:\/\/hookahshop.lt\/pl\/wp-json\/wp\/v2\/comments?post=36579"}],"version-history":[{"count":4,"href":"https:\/\/hookahshop.lt\/pl\/wp-json\/wp\/v2\/product\/36579\/revisions"}],"predecessor-version":[{"id":37671,"href":"https:\/\/hookahshop.lt\/pl\/wp-json\/wp\/v2\/product\/36579\/revisions\/37671"}],"wp:featuredmedia":[{"embeddable":true,"href":"https:\/\/hookahshop.lt\/pl\/wp-json\/wp\/v2\/media\/36582"}],"wp:attachment":[{"href":"https:\/\/hookahshop.lt\/pl\/wp-json\/wp\/v2\/media?parent=36579"}],"curies":[{"name":"wp","href":"https:\/\/api.w.org\/{rel}","templated":true}]}}