{"id":36583,"date":"2023-07-11T23:58:57","date_gmt":"2023-07-11T20:58:57","guid":{"rendered":"https:\/\/hookahshop.lt\/?post_type=product&#038;p=36583"},"modified":"2026-04-18T23:29:24","modified_gmt":"2026-04-18T20:29:24","slug":"kandiklis-kaljanui-maklaud-gold","status":"publish","type":"product","link":"https:\/\/hookahshop.lt\/pl\/produkt\/ustnik-do-szisza-maklaud-gold\/","title":{"rendered":"Ustnik do fajki wodnej MAKLAUD Gold"},"content":{"rendered":"<h2>Ustnik do fajki wodnej MAKLAUD Gold<\/h2>\n<p>Ustnik wykonany ze stali nierdzewnej od producenta Maklaud. Ustnik wygl\u0105da luksusowo, bardzo dobrze le\u017cy w d\u0142oni i jest idealny do r\u00f3\u017cnych fajek wodnych.<\/p>\n<p><strong>Specyfikacja:<\/strong><sub><br \/>\n<\/sub>D\u0142ugo\u015b\u0107 ustnika: 325 mm<sub><br \/>\n<\/sub>\u015arednica wewn\u0119trzna ustnika: 9mm<sub><br \/>\n<\/sub>Waga: oko\u0142o 150g<br \/>\nMateria\u0142: Stal nierdzewna<br \/>\nKolor: z\u0142oty<\/p>\n<p>Czy masz jakie\u015b pytania? Skontaktuj si\u0119 z nami\u00a0<a href=\"https:\/\/hookahshop.lt\/pl\/lacznosc\/\">strona z kontaktami<\/a>\u00a0lub napisz do nas na adres\u00a0<a href=\"https:\/\/facebook.com\/HookahShop.lt\/\" target=\"_blank\" rel=\"noopener\">konto na Facebooku<\/a>\u00a0a my odpowiemy na Twoj\u0105 pro\u015bb\u0119 tego samego dnia.<\/p>\n<p>&nbsp;<\/p>","protected":false},"excerpt":{"rendered":"<p>Ustnik do fajki wodnej MAKLAUD Gold Ustnik wykonany ze stali nierdzewnej od producenta Maklaud. Ustnik wygl\u0105da luksusowo, bardzo dobrze le\u017cy w d\u0142oni i doskonale nadaje si\u0119 do r\u00f3\u017cnych fajek wodnych. Specyfikacja: D\u0142ugo\u015b\u0107 ustnika: 325mm Wewn\u0119trzna \u015brednica ustnika: 9mm Waga: oko\u0142o 150g Materia\u0142: stal nierdzewna Kolor: z\u0142oty Masz pytania? Skontaktuj si\u0119 z nami na stronie kontaktowej lub napisz do nas na naszym koncie na Facebooku, a my odpowiemy na Twoje [...]<\/p>","protected":false},"featured_media":36584,"comment_status":"open","ping_status":"closed","template":"","meta":[],"_links":{"self":[{"href":"https:\/\/hookahshop.lt\/pl\/wp-json\/wp\/v2\/product\/36583"}],"collection":[{"href":"https:\/\/hookahshop.lt\/pl\/wp-json\/wp\/v2\/product"}],"about":[{"href":"https:\/\/hookahshop.lt\/pl\/wp-json\/wp\/v2\/types\/product"}],"replies":[{"embeddable":true,"href":"https:\/\/hookahshop.lt\/pl\/wp-json\/wp\/v2\/comments?post=36583"}],"version-history":[{"count":2,"href":"https:\/\/hookahshop.lt\/pl\/wp-json\/wp\/v2\/product\/36583\/revisions"}],"predecessor-version":[{"id":36648,"href":"https:\/\/hookahshop.lt\/pl\/wp-json\/wp\/v2\/product\/36583\/revisions\/36648"}],"wp:featuredmedia":[{"embeddable":true,"href":"https:\/\/hookahshop.lt\/pl\/wp-json\/wp\/v2\/media\/36584"}],"wp:attachment":[{"href":"https:\/\/hookahshop.lt\/pl\/wp-json\/wp\/v2\/media?parent=36583"}],"curies":[{"name":"wp","href":"https:\/\/api.w.org\/{rel}","templated":true}]}}