{"id":36587,"date":"2023-07-12T00:04:17","date_gmt":"2023-07-11T21:04:17","guid":{"rendered":"https:\/\/hookahshop.lt\/?post_type=product&#038;p=36587"},"modified":"2026-04-14T23:29:38","modified_gmt":"2026-04-14T20:29:38","slug":"vienkartiniai-kandikliai-kaljanui-black-6cm-100vnt","status":"publish","type":"product","link":"https:\/\/hookahshop.lt\/pl\/produkt\/jednorazowe-ustniki-do-fajki-wodnej-czarne-6cm-100szt\/","title":{"rendered":"Jednorazowe ustniki do fajki wodnej Czarne 6cm 100szt"},"content":{"rendered":"<h2>Jednorazowe ustniki do fajki wodnej Czarne 6cm 100szt<\/h2>\n<p>Do dodatkowego mocowania do ustnika do fajki wodnej w celu higienicznego u\u017cytkowania.<\/p>\n<p><strong>Charakterystyka:<\/strong><sub><br \/>\n<\/sub>Czarny kolor<sub><br \/>\n<\/sub>D\u0142ugo\u015b\u0107 ustnika: 6 cm<sub><br \/>\n<\/sub>Ilo\u015b\u0107 w opakowaniu: 100szt<\/p>\n<p>Czy masz jakie\u015b pytania? Skontaktuj si\u0119 z nami\u00a0<a href=\"https:\/\/hookahshop.lt\/pl\/lacznosc\/\">strona z kontaktami<\/a>\u00a0lub napisz do nas na adres\u00a0<a href=\"https:\/\/facebook.com\/HookahShop.lt\/\" target=\"_blank\" rel=\"noopener\">konto na Facebooku<\/a>\u00a0a my odpowiemy na Twoj\u0105 pro\u015bb\u0119 tego samego dnia.<\/p>","protected":false},"excerpt":{"rendered":"<p>Jednorazowe ustniki do fajki wodnej Czarne 6cm 100szt Do dodatkowego zastosowania na ustniku do fajki wodnej w celach higienicznych. Charakterystyka: Kolor: Czarny D\u0142ugo\u015b\u0107 ustnika: 6cm Ilo\u015b\u0107 w opakowaniu: 100 szt. Masz pytania? Skontaktuj si\u0119 z nami na stronie kontaktowej lub napisz do nas na naszym koncie na Facebooku, a my odpowiemy na Twoj\u0105 pro\u015bb\u0119 jeszcze tego samego dnia.<\/p>","protected":false},"featured_media":36588,"comment_status":"open","ping_status":"closed","template":"","meta":[],"_links":{"self":[{"href":"https:\/\/hookahshop.lt\/pl\/wp-json\/wp\/v2\/product\/36587"}],"collection":[{"href":"https:\/\/hookahshop.lt\/pl\/wp-json\/wp\/v2\/product"}],"about":[{"href":"https:\/\/hookahshop.lt\/pl\/wp-json\/wp\/v2\/types\/product"}],"replies":[{"embeddable":true,"href":"https:\/\/hookahshop.lt\/pl\/wp-json\/wp\/v2\/comments?post=36587"}],"version-history":[{"count":4,"href":"https:\/\/hookahshop.lt\/pl\/wp-json\/wp\/v2\/product\/36587\/revisions"}],"predecessor-version":[{"id":42963,"href":"https:\/\/hookahshop.lt\/pl\/wp-json\/wp\/v2\/product\/36587\/revisions\/42963"}],"wp:featuredmedia":[{"embeddable":true,"href":"https:\/\/hookahshop.lt\/pl\/wp-json\/wp\/v2\/media\/36588"}],"wp:attachment":[{"href":"https:\/\/hookahshop.lt\/pl\/wp-json\/wp\/v2\/media?parent=36587"}],"curies":[{"name":"wp","href":"https:\/\/api.w.org\/{rel}","templated":true}]}}