{"id":36599,"date":"2023-07-12T00:19:56","date_gmt":"2023-07-11T21:19:56","guid":{"rendered":"https:\/\/hookahshop.lt\/?post_type=product&#038;p=36599"},"modified":"2026-04-17T23:29:54","modified_gmt":"2026-04-17T20:29:54","slug":"kandiklis-kaljanui-black-30cm","status":"publish","type":"product","link":"https:\/\/hookahshop.lt\/pl\/produkt\/ustnik-do-fajki-wodnej-czarny-30cm\/","title":{"rendered":"Ustnik do fajki wodnej Czarny 30cm"},"content":{"rendered":"<h2>Ustnik do fajki wodnej Czarny 30cm<\/h2>\n<p>Jednocz\u0119\u015bciowy integralny ustnik, odpowiedni do prawie wszystkich w\u0119\u017cy silikonowych. Nadaje si\u0119 do r\u00f3\u017cnych rodzaj\u00f3w ustnik\u00f3w jednorazowych.<\/p>\n<p><strong>Specyfikacja:<\/strong><sub><br \/>\n<\/sub>D\u0142ugo\u015b\u0107: 30 cm<sub><br \/>\n<\/sub>Czarny kolor<br \/>\nMateria\u0142: aluminium;<\/p>\n<p>&nbsp;<\/p>\n<p>Czy masz jakie\u015b pytania? Skontaktuj si\u0119 z nami\u00a0<a href=\"https:\/\/hookahshop.lt\/pl\/lacznosc\/\">strona z kontaktami<\/a>\u00a0lub napisz do nas na adres\u00a0<a href=\"https:\/\/facebook.com\/HookahShop.lt\/\" target=\"_blank\" rel=\"noopener\">konto na Facebooku<\/a>\u00a0a my odpowiemy na Twoj\u0105 pro\u015bb\u0119 tego samego dnia.<\/p>\n<p>&nbsp;<\/p>\n<p>&nbsp;<\/p>","protected":false},"excerpt":{"rendered":"<p>Ustnik do fajki wodnej Czarny 30cm Jednocz\u0119\u015bciowy, nieroz\u0142\u0105czny ustnik, pasuj\u0105cy do prawie wszystkich w\u0119\u017cy silikonowych. Nadaje si\u0119 do r\u00f3\u017cnych typ\u00f3w ustnik\u00f3w jednorazowych. Specyfikacja: D\u0142ugo\u015b\u0107: 30 cm Kolor: Czarny Materia\u0142: Aluminium Masz pytania? Skontaktuj si\u0119 z nami na stronie kontaktowej lub napisz do nas na naszym koncie na Facebooku, a my odpowiemy na Twoj\u0105 pro\u015bb\u0119 jeszcze tego samego dnia. &nbsp; &nbsp;<\/p>","protected":false},"featured_media":36600,"comment_status":"open","ping_status":"closed","template":"","meta":[],"_links":{"self":[{"href":"https:\/\/hookahshop.lt\/pl\/wp-json\/wp\/v2\/product\/36599"}],"collection":[{"href":"https:\/\/hookahshop.lt\/pl\/wp-json\/wp\/v2\/product"}],"about":[{"href":"https:\/\/hookahshop.lt\/pl\/wp-json\/wp\/v2\/types\/product"}],"replies":[{"embeddable":true,"href":"https:\/\/hookahshop.lt\/pl\/wp-json\/wp\/v2\/comments?post=36599"}],"version-history":[{"count":4,"href":"https:\/\/hookahshop.lt\/pl\/wp-json\/wp\/v2\/product\/36599\/revisions"}],"predecessor-version":[{"id":42999,"href":"https:\/\/hookahshop.lt\/pl\/wp-json\/wp\/v2\/product\/36599\/revisions\/42999"}],"wp:featuredmedia":[{"embeddable":true,"href":"https:\/\/hookahshop.lt\/pl\/wp-json\/wp\/v2\/media\/36600"}],"wp:attachment":[{"href":"https:\/\/hookahshop.lt\/pl\/wp-json\/wp\/v2\/media?parent=36599"}],"curies":[{"name":"wp","href":"https:\/\/api.w.org\/{rel}","templated":true}]}}