{"id":36603,"date":"2023-07-12T00:31:10","date_gmt":"2023-07-11T21:31:10","guid":{"rendered":"https:\/\/hookahshop.lt\/?post_type=product&#038;p=36603"},"modified":"2026-04-17T23:29:54","modified_gmt":"2026-04-17T20:29:54","slug":"taurele-kaljanui-oblako-stone-classic-blue","status":"publish","type":"product","link":"https:\/\/hookahshop.lt\/pl\/produkt\/kubek-szisza-chmura-kamien-klasyczny-niebieski\/","title":{"rendered":"Kubek do fajki wodnej OBLAKO Stone Classic Blue"},"content":{"rendered":"<h2>Kubek do fajki wodnej OBLAKO Stone Classic Blue<\/h2>\n<p>Nowy model od producenta Oblak. Specjalny kszta\u0142t cz\u0119\u015bci wewn\u0119trznej zmniejsza przegrzewanie si\u0119 mieszanek tytoniowych dzi\u0119ki zwi\u0119kszonej powierzchni wymiany ciep\u0142a. Wewn\u0105trz miseczki znajduje si\u0119 wi\u0119kszy otw\u00f3r zmniejszaj\u0105cy mo\u017cliwo\u015b\u0107 degradacji przyczepno\u015bci. Przewodno\u015b\u0107 cieplna kubka jest uwa\u017cana za \u015bredni\u0105, co oznacza, \u017ce ryzyko przegrzania nie jest wysokie. Kubek przeznaczony do codziennego palenia, idealny do lekkich i ci\u0119\u017ckich tytoni!<br \/>\nFili\u017canka tytoniu zawiera 20-25 g.<\/p>\n<p><strong>Specyfikacje:<\/strong><sub><br \/>\n<\/sub>Wysoko\u015b\u0107: 8mm<sub><br \/>\n<\/sub>\u015arednica (zewn\u0119trzna): 7,5 mm<sub><br \/>\n<\/sub>Liczba otwor\u00f3w: 7<br \/>\nKolor: niebieski (odcienie mog\u0105 si\u0119 r\u00f3\u017cni\u0107)<\/p>\n<p>Czy masz jakie\u015b pytania? Skontaktuj si\u0119 z nami\u00a0<a href=\"https:\/\/hookahshop.lt\/pl\/lacznosc\/\">strona z kontaktami<\/a>\u00a0lub napisz do nas na adres\u00a0<a href=\"https:\/\/facebook.com\/HookahShop.lt\/\" target=\"_blank\" rel=\"noopener\">konto na Facebooku<\/a>\u00a0a my odpowiemy na Twoj\u0105 pro\u015bb\u0119 tego samego dnia.<\/p>\n<p>&nbsp;<\/p>","protected":false},"excerpt":{"rendered":"<p>Miska na fajk\u0119 wodn\u0105 OBLAKO Stone Classic Blue Nowy model producenta Oblak. Specjalny kszta\u0142t wewn\u0119trznej cz\u0119\u015bci ogranicza przegrzewanie si\u0119 mieszanek tytoniowych dzi\u0119ki zwi\u0119kszonej powierzchni wymiany ciep\u0142a. Wewn\u0105trz miseczki znajduje si\u0119 wi\u0119kszy otw\u00f3r, kt\u00f3ry zmniejsza ryzyko pogorszenia przyczepno\u015bci. Przewodno\u015b\u0107 ciepln\u0105 kubka uwa\u017ca si\u0119 za \u015bredni\u0105, co oznacza, \u017ce ryzyko przegrzania nie jest wysokie. Kubek przeznaczony do codziennego palenia, idealny do lekkich i [...]<\/p>","protected":false},"featured_media":36604,"comment_status":"open","ping_status":"closed","template":"","meta":[],"_links":{"self":[{"href":"https:\/\/hookahshop.lt\/pl\/wp-json\/wp\/v2\/product\/36603"}],"collection":[{"href":"https:\/\/hookahshop.lt\/pl\/wp-json\/wp\/v2\/product"}],"about":[{"href":"https:\/\/hookahshop.lt\/pl\/wp-json\/wp\/v2\/types\/product"}],"replies":[{"embeddable":true,"href":"https:\/\/hookahshop.lt\/pl\/wp-json\/wp\/v2\/comments?post=36603"}],"version-history":[{"count":3,"href":"https:\/\/hookahshop.lt\/pl\/wp-json\/wp\/v2\/product\/36603\/revisions"}],"predecessor-version":[{"id":36644,"href":"https:\/\/hookahshop.lt\/pl\/wp-json\/wp\/v2\/product\/36603\/revisions\/36644"}],"wp:featuredmedia":[{"embeddable":true,"href":"https:\/\/hookahshop.lt\/pl\/wp-json\/wp\/v2\/media\/36604"}],"wp:attachment":[{"href":"https:\/\/hookahshop.lt\/pl\/wp-json\/wp\/v2\/media?parent=36603"}],"curies":[{"name":"wp","href":"https:\/\/api.w.org\/{rel}","templated":true}]}}