{"id":36613,"date":"2023-07-12T01:13:49","date_gmt":"2023-07-11T22:13:49","guid":{"rendered":"https:\/\/hookahshop.lt\/?post_type=product&#038;p=36613"},"modified":"2026-04-16T10:21:35","modified_gmt":"2026-04-16T07:21:35","slug":"kaljanas-ykap-killer-classic-black","status":"publish","type":"product","link":"https:\/\/hookahshop.lt\/pl\/produkt\/fajka-wodna-ykap-killer-classic-black\/","title":{"rendered":"Fajka wodna YKAP Killer Classic Black"},"content":{"rendered":"<h2>Fajka wodna YKAP Killer Classic Black<\/h2>\n<p>Nowa fajka wodna &quot;YKAP Classic Black&quot; od znanego producenta YKAP. To \u015bredniej wielko\u015bci, wysokiej jako\u015bci fajka wodna, kt\u00f3ra zapewni przyjemn\u0105 sesj\u0119. Do produkcji fajki wodnej wykorzystano materia\u0142y najwy\u017cszej jako\u015bci, co gwarantuje jej d\u0142ug\u0105 \u017cywotno\u015b\u0107. Lekka fajka wodna.<\/p>\n<p><strong>Ekwipunek:<\/strong><sub><br \/>\n<\/sub>Fajka wodna (wa\u0142),<br \/>\nUstnik<sub><br \/>\n<\/sub>W\u0105\u017c silikonowy (O-ring)<br \/>\nDyfuzor: tak<\/p>\n<p><img decoding=\"async\" loading=\"lazy\" class=\"alignnone size-medium wp-image-38521\" src=\"https:\/\/hookahshop.lt\/wp-content\/uploads\/2020\/09\/stiebas-zarna-kandiklis-1-300x273.jpg\" alt=\"- hookahshop.lt\" width=\"300\" height=\"273\" srcset=\"https:\/\/hookahshop.lt\/wp-content\/uploads\/2020\/09\/stiebas-zarna-kandiklis-1-300x273.jpg 300w, https:\/\/hookahshop.lt\/wp-content\/uploads\/2020\/09\/stiebas-zarna-kandiklis-1-13x12.jpg 13w, https:\/\/hookahshop.lt\/wp-content\/uploads\/2020\/09\/stiebas-zarna-kandiklis-1-64x58.jpg 64w, https:\/\/hookahshop.lt\/wp-content\/uploads\/2020\/09\/stiebas-zarna-kandiklis-1.jpg 420w\" sizes=\"(max-width: 300px) 100vw, 300px\" title=\"\"><\/p>\n<p><strong>Specyfikacja:<\/strong><sub><br \/>\n<\/sub>Wysoko\u015b\u0107: 54 cm<sub><br \/>\n<\/sub>Materia\u0142: stal nierdzewna, elementy drewniane<\/p>\n<p>Czy masz jakie\u015b pytania? Skontaktuj si\u0119 z nami\u00a0<a href=\"https:\/\/hookahshop.lt\/pl\/lacznosc\/\">strona z kontaktami<\/a>\u00a0lub napisz do nas na adres\u00a0<a href=\"https:\/\/facebook.com\/HookahShop.lt\/\" target=\"_blank\" rel=\"noopener\">konto na Facebooku<\/a>\u00a0a my odpowiemy na Twoj\u0105 pro\u015bb\u0119 tego samego dnia.<\/p>","protected":false},"excerpt":{"rendered":"<p>Kaljanas YKAP Killer Classic Black \u017dinomo gamintojo \u2013 YKAP naujasis kaljanas \u201eYKAP Classic Black\u201c. Tai vidutinio dyd\u017eio ir auk\u0161tos kokyb\u0117s kaljanas, kuris garantuos malon\u0173 seans\u0105. Kaljanas pagamintas naudojant auk\u0161\u010diausios kokyb\u0117s med\u017eiagas, tai u\u017etikrins kaljano ilg\u0105 tarnavimo laik\u0105. Lengvos traukos kaljanas. Komplektacija: Kaljanas (\u0161achta), Kandiklis Silikonin\u0117 \u017earna (O-ring) Difuzorius: yra Specifikacija: Auk\u0161tis: 54cm Med\u017eiaga: ner\u016bdijantis plienas, [&hellip;]<\/p>","protected":false},"featured_media":36614,"comment_status":"open","ping_status":"closed","template":"","meta":[],"_links":{"self":[{"href":"https:\/\/hookahshop.lt\/pl\/wp-json\/wp\/v2\/product\/36613"}],"collection":[{"href":"https:\/\/hookahshop.lt\/pl\/wp-json\/wp\/v2\/product"}],"about":[{"href":"https:\/\/hookahshop.lt\/pl\/wp-json\/wp\/v2\/types\/product"}],"replies":[{"embeddable":true,"href":"https:\/\/hookahshop.lt\/pl\/wp-json\/wp\/v2\/comments?post=36613"}],"version-history":[{"count":7,"href":"https:\/\/hookahshop.lt\/pl\/wp-json\/wp\/v2\/product\/36613\/revisions"}],"predecessor-version":[{"id":44254,"href":"https:\/\/hookahshop.lt\/pl\/wp-json\/wp\/v2\/product\/36613\/revisions\/44254"}],"wp:featuredmedia":[{"embeddable":true,"href":"https:\/\/hookahshop.lt\/pl\/wp-json\/wp\/v2\/media\/36614"}],"wp:attachment":[{"href":"https:\/\/hookahshop.lt\/pl\/wp-json\/wp\/v2\/media?parent=36613"}],"curies":[{"name":"wp","href":"https:\/\/api.w.org\/{rel}","templated":true}]}}