{"id":36618,"date":"2023-07-12T01:16:38","date_gmt":"2023-07-11T22:16:38","guid":{"rendered":"https:\/\/hookahshop.lt\/?post_type=product&#038;p=36618"},"modified":"2026-04-16T10:21:36","modified_gmt":"2026-04-16T07:21:36","slug":"kaljanas-ykap-killer-wave-black","status":"publish","type":"product","link":"https:\/\/hookahshop.lt\/pl\/produkt\/fajka-wodna-ykap-killer-wave-black\/","title":{"rendered":"Fajka wodna YKAP Killer Wave czarna"},"content":{"rendered":"<h2>Fajka wodna YKAP Killer Wave czarna<\/h2>\n<p>Nowa fajka wodna &quot;YKAP Killer Wave Black&quot; znanego producenta - YKAP. Jest to \u015bredniej wielko\u015bci i wysokiej jako\u015bci fajka wodna, kt\u00f3ra zagwarantuje przyjemn\u0105 sesj\u0119. Fajka wodna wykonana jest z najwy\u017cszej jako\u015bci materia\u0142\u00f3w, kt\u00f3re zapewni\u0105 d\u0142ug\u0105 \u017cywotno\u015b\u0107 fajki wodnej. Klasyczna fajka wodna.<\/p>\n<p><strong>Ekwipunek:<\/strong><sub><br \/>\n<\/sub>Fajka wodna (wa\u0142),<br \/>\nUstnik<sub><br \/>\n<\/sub>W\u0105\u017c silikonowy (O-ring)<\/p>\n<p><img decoding=\"async\" loading=\"lazy\" class=\"alignnone size-medium wp-image-38521\" src=\"https:\/\/hookahshop.lt\/wp-content\/uploads\/2020\/09\/stiebas-zarna-kandiklis-1-300x273.jpg\" alt=\"- hookahshop.lt\" width=\"300\" height=\"273\" srcset=\"https:\/\/hookahshop.lt\/wp-content\/uploads\/2020\/09\/stiebas-zarna-kandiklis-1-300x273.jpg 300w, https:\/\/hookahshop.lt\/wp-content\/uploads\/2020\/09\/stiebas-zarna-kandiklis-1-13x12.jpg 13w, https:\/\/hookahshop.lt\/wp-content\/uploads\/2020\/09\/stiebas-zarna-kandiklis-1-64x58.jpg 64w, https:\/\/hookahshop.lt\/wp-content\/uploads\/2020\/09\/stiebas-zarna-kandiklis-1.jpg 420w\" sizes=\"(max-width: 300px) 100vw, 300px\" title=\"\"><\/p>\n<p><strong>Specyfikacja:<\/strong><sub><br \/>\n<\/sub>Wysoko\u015b\u0107: 54 cm<sub><br \/>\n<\/sub>Materia\u0142: stal nierdzewna, elementy drewniane<\/p>\n<p>Czy masz jakie\u015b pytania? Skontaktuj si\u0119 z nami\u00a0<a href=\"https:\/\/hookahshop.lt\/pl\/lacznosc\/\">strona z kontaktami<\/a>\u00a0lub napisz do nas na adres\u00a0<a href=\"https:\/\/facebook.com\/HookahShop.lt\/\" target=\"_blank\" rel=\"noopener\">konto na Facebooku<\/a>\u00a0a my odpowiemy na Twoj\u0105 pro\u015bb\u0119 tego samego dnia.<\/p>","protected":false},"excerpt":{"rendered":"<p>Fajka wodna YKAP Killer Wave Black Nowa szisza wodna \u201eYKAP Killer Wave Black\u201d znanego producenta - YKAP. Jest to \u015bredniej wielko\u015bci i wysokiej jako\u015bci fajka wodna, kt\u00f3ra zapewni przyjemn\u0105 sesj\u0119. Szisza wykonana jest z najwy\u017cszej jako\u015bci materia\u0142\u00f3w, co zapewni d\u0142ug\u0105 \u017cywotno\u015b\u0107 fajki wodnej. Klasyczna fajka wodna. Kompletny zestaw: Fajka wodna (trzon), ustnik W\u0105\u017c silikonowy (oring) Specyfikacja: Wysoko\u015b\u0107: 54cm Materia\u0142: stal nierdzewna, drewno [...]<\/p>","protected":false},"featured_media":36619,"comment_status":"open","ping_status":"closed","template":"","meta":[],"_links":{"self":[{"href":"https:\/\/hookahshop.lt\/pl\/wp-json\/wp\/v2\/product\/36618"}],"collection":[{"href":"https:\/\/hookahshop.lt\/pl\/wp-json\/wp\/v2\/product"}],"about":[{"href":"https:\/\/hookahshop.lt\/pl\/wp-json\/wp\/v2\/types\/product"}],"replies":[{"embeddable":true,"href":"https:\/\/hookahshop.lt\/pl\/wp-json\/wp\/v2\/comments?post=36618"}],"version-history":[{"count":5,"href":"https:\/\/hookahshop.lt\/pl\/wp-json\/wp\/v2\/product\/36618\/revisions"}],"predecessor-version":[{"id":44615,"href":"https:\/\/hookahshop.lt\/pl\/wp-json\/wp\/v2\/product\/36618\/revisions\/44615"}],"wp:featuredmedia":[{"embeddable":true,"href":"https:\/\/hookahshop.lt\/pl\/wp-json\/wp\/v2\/media\/36619"}],"wp:attachment":[{"href":"https:\/\/hookahshop.lt\/pl\/wp-json\/wp\/v2\/media?parent=36618"}],"curies":[{"name":"wp","href":"https:\/\/api.w.org\/{rel}","templated":true}]}}