{"id":36622,"date":"2023-07-12T01:21:06","date_gmt":"2023-07-11T22:21:06","guid":{"rendered":"https:\/\/hookahshop.lt\/?post_type=product&#038;p=36622"},"modified":"2026-04-14T23:29:38","modified_gmt":"2026-04-14T20:29:38","slug":"kaljanas-ykap-killer-classic-white","status":"publish","type":"product","link":"https:\/\/hookahshop.lt\/pl\/produkt\/fajka-wodna-ykap-killer-classic-white\/","title":{"rendered":"Fajka wodna YKAP Killer Classic White"},"content":{"rendered":"<h2>Fajka wodna YKAP Killer Classic White<\/h2>\n<p>Nowa fajka wodna &quot;YKAP Classic White&quot; znanego producenta - YKAP. Jest to \u015bredniej wielko\u015bci i wysokiej jako\u015bci fajka wodna, kt\u00f3ra zagwarantuje przyjemn\u0105 sesj\u0119. Fajka wodna wykonana jest z najwy\u017cszej jako\u015bci materia\u0142\u00f3w, kt\u00f3re zapewni\u0105 d\u0142ug\u0105 \u017cywotno\u015b\u0107 fajki wodnej. Klasyczna fajka wodna.<\/p>\n<p><strong>Ekwipunek:<\/strong><sub><br \/>\n<\/sub>Fajka wodna (wa\u0142),<br \/>\nUstnik<sub><br \/>\n<\/sub>W\u0105\u017c silikonowy (O-ring)<\/p>\n<p><img decoding=\"async\" loading=\"lazy\" class=\"alignnone size-medium wp-image-38521\" src=\"https:\/\/hookahshop.lt\/wp-content\/uploads\/2020\/09\/stiebas-zarna-kandiklis-1-300x273.jpg\" alt=\"- hookahshop.lt\" width=\"300\" height=\"273\" srcset=\"https:\/\/hookahshop.lt\/wp-content\/uploads\/2020\/09\/stiebas-zarna-kandiklis-1-300x273.jpg 300w, https:\/\/hookahshop.lt\/wp-content\/uploads\/2020\/09\/stiebas-zarna-kandiklis-1-13x12.jpg 13w, https:\/\/hookahshop.lt\/wp-content\/uploads\/2020\/09\/stiebas-zarna-kandiklis-1-64x58.jpg 64w, https:\/\/hookahshop.lt\/wp-content\/uploads\/2020\/09\/stiebas-zarna-kandiklis-1.jpg 420w\" sizes=\"(max-width: 300px) 100vw, 300px\" title=\"\"><\/p>\n<p><strong>Specyfikacja:<\/strong><sub><br \/>\n<\/sub>Wysoko\u015b\u0107: 54 cm<sub><br \/>\n<\/sub>Materia\u0142: stal nierdzewna, elementy drewniane<\/p>\n<p>Czy masz jakie\u015b pytania? Skontaktuj si\u0119 z nami\u00a0<a href=\"https:\/\/hookahshop.lt\/pl\/lacznosc\/\">strona z kontaktami<\/a>\u00a0lub napisz do nas na adres\u00a0<a href=\"https:\/\/facebook.com\/HookahShop.lt\/\" target=\"_blank\" rel=\"noopener\">konto na Facebooku<\/a>\u00a0a my odpowiemy na Twoj\u0105 pro\u015bb\u0119 tego samego dnia.<\/p>\n<p>&nbsp;<\/p>","protected":false},"excerpt":{"rendered":"<p>Fajka wodna YKAP Killer Classic White Nowa fajka wodna \u201eYKAP Classic White\u201d od znanego producenta - YKAP. Jest to \u015bredniej wielko\u015bci i wysokiej jako\u015bci fajka wodna, kt\u00f3ra zagwarantuje przyjemn\u0105 sesj\u0119. Fajka wodna wykonana jest z najwy\u017cszej jako\u015bci materia\u0142\u00f3w, co zapewni d\u0142ug\u0105 \u017cywotno\u015b\u0107 fajki wodnej. Klasyczna fajka wodna. Kompletny zestaw: Fajka wodna (trzon), Ustnik W\u0105\u017c silikonowy (O-ring) Specyfikacja: Wysoko\u015b\u0107: 54 cm Materia\u0142: stal nierdzewna, detale z drewna [\u2026]<\/p>","protected":false},"featured_media":36623,"comment_status":"open","ping_status":"closed","template":"","meta":[],"_links":{"self":[{"href":"https:\/\/hookahshop.lt\/pl\/wp-json\/wp\/v2\/product\/36622"}],"collection":[{"href":"https:\/\/hookahshop.lt\/pl\/wp-json\/wp\/v2\/product"}],"about":[{"href":"https:\/\/hookahshop.lt\/pl\/wp-json\/wp\/v2\/types\/product"}],"replies":[{"embeddable":true,"href":"https:\/\/hookahshop.lt\/pl\/wp-json\/wp\/v2\/comments?post=36622"}],"version-history":[{"count":5,"href":"https:\/\/hookahshop.lt\/pl\/wp-json\/wp\/v2\/product\/36622\/revisions"}],"predecessor-version":[{"id":44613,"href":"https:\/\/hookahshop.lt\/pl\/wp-json\/wp\/v2\/product\/36622\/revisions\/44613"}],"wp:featuredmedia":[{"embeddable":true,"href":"https:\/\/hookahshop.lt\/pl\/wp-json\/wp\/v2\/media\/36623"}],"wp:attachment":[{"href":"https:\/\/hookahshop.lt\/pl\/wp-json\/wp\/v2\/media?parent=36622"}],"curies":[{"name":"wp","href":"https:\/\/api.w.org\/{rel}","templated":true}]}}