{"id":36626,"date":"2023-07-12T10:14:59","date_gmt":"2023-07-12T07:14:59","guid":{"rendered":"https:\/\/hookahshop.lt\/?post_type=product&#038;p=36626"},"modified":"2026-04-17T23:29:54","modified_gmt":"2026-04-17T20:29:54","slug":"kolba-kaljanui-vg-craft-transparent","status":"publish","type":"product","link":"https:\/\/hookahshop.lt\/pl\/produkt\/kolba-do-dajki-wodnej-vg-craft-transparent\/","title":{"rendered":"KOLBA DO FAJKI WODNEJ VG Craft Przezroczysta"},"content":{"rendered":"<h2>KOLBA DO FAJKI WODNEJ VG Craft Przezroczysta<\/h2>\n<p>Jest to uniwersalne szk\u0142o bezbarwne.<\/p>\n<p><strong>Specyfikacja:<\/strong><br \/>\nWysoko\u015b\u0107: 265mm<br \/>\nWaga: ~ 1620 g<br \/>\n\u015arednica zewn\u0119trzna szyi: 74 mm<br \/>\nWewn\u0119trzna \u015brednica szyi: 47 mm<br \/>\nMateria\u0142 produktu: przezroczyste szk\u0142o z zielonym odcieniem<\/p>\n<p>Czy masz jakie\u015b pytania? Skontaktuj si\u0119 z nami\u00a0<a href=\"https:\/\/hookahshop.lt\/pl\/lacznosc\/\">strona z kontaktami<\/a>\u00a0lub napisz do nas na adres\u00a0<a href=\"https:\/\/facebook.com\/HookahShop.lt\/\" target=\"_blank\" rel=\"noopener noreferrer\">konto na Facebooku<\/a>\u00a0a my odpowiemy na Twoj\u0105 pro\u015bb\u0119 tego samego dnia.<\/p>","protected":false},"excerpt":{"rendered":"<p>Kolba kaljanui VG Craft Transparent Tai universali skaidri stiklin\u0117. Specifikacija: Auk\u0161tis: 265 mm Svoris: ~ 1620 g I\u0161orinis kaklelio skersmuo: 74 mm Vidinis kaklelio skersmuo: 47 mm Produkto med\u017eiaga: skaidrus stiklas su \u017ealiu atspalviu Turite klausim\u0173? Susisiekite su mumis\u00a0kontakt\u0173 puslapyje\u00a0arba para\u0161ykite mums \u012f\u00a0Facebook paskyr\u0105\u00a0ir atsakysime \u012f j\u016bs\u0173 u\u017eklaus\u0105 dar t\u0105 pa\u010di\u0105 dien\u0105.<\/p>","protected":false},"featured_media":36627,"comment_status":"open","ping_status":"closed","template":"","meta":[],"_links":{"self":[{"href":"https:\/\/hookahshop.lt\/pl\/wp-json\/wp\/v2\/product\/36626"}],"collection":[{"href":"https:\/\/hookahshop.lt\/pl\/wp-json\/wp\/v2\/product"}],"about":[{"href":"https:\/\/hookahshop.lt\/pl\/wp-json\/wp\/v2\/types\/product"}],"replies":[{"embeddable":true,"href":"https:\/\/hookahshop.lt\/pl\/wp-json\/wp\/v2\/comments?post=36626"}],"version-history":[{"count":6,"href":"https:\/\/hookahshop.lt\/pl\/wp-json\/wp\/v2\/product\/36626\/revisions"}],"predecessor-version":[{"id":41418,"href":"https:\/\/hookahshop.lt\/pl\/wp-json\/wp\/v2\/product\/36626\/revisions\/41418"}],"wp:featuredmedia":[{"embeddable":true,"href":"https:\/\/hookahshop.lt\/pl\/wp-json\/wp\/v2\/media\/36627"}],"wp:attachment":[{"href":"https:\/\/hookahshop.lt\/pl\/wp-json\/wp\/v2\/media?parent=36626"}],"curies":[{"name":"wp","href":"https:\/\/api.w.org\/{rel}","templated":true}]}}