{"id":36667,"date":"2023-07-12T15:39:23","date_gmt":"2023-07-12T12:39:23","guid":{"rendered":"https:\/\/hookahshop.lt\/?post_type=product&#038;p=36667"},"modified":"2026-04-26T23:30:06","modified_gmt":"2026-04-26T20:30:06","slug":"gaubtas-taureles-kaitinimui-black","status":"publish","type":"product","link":"https:\/\/hookahshop.lt\/pl\/produkt\/kubki-kaptura-do-ogrzewania-czarne\/","title":{"rendered":"Kapturek do podgrzewania fili\u017canek Czarny"},"content":{"rendered":"<h2>Kapturek do podgrzewania fili\u017canek Czarny<\/h2>\n<p>Chroni przed wiatrem podczas sesji fajki wodnej na \u015bwie\u017cym powietrzu. Mo\u017ce by\u0107 u\u017cywany jako os\u0142ona przed spadkiem w\u0119glowodan\u00f3w. Przyspiesza r\u00f3wnie\u017c czas przygotowania fajki wodnej, dlatego warto stosowa\u0107 j\u0105 po dodaniu w\u0119glowodan\u00f3w na pocz\u0105tku sesji.<\/p>\n<p><strong>Specyfikacje:<\/strong><br \/>\nWysoko\u015b\u0107: oko\u0142o 21 cm<br \/>\n\u015arednica: 11 cm<\/p>\n<p>Czy masz jakie\u015b pytania? Skontaktuj si\u0119 z nami <a href=\"https:\/\/hookahshop.lt\/pl\/lacznosc\/\">strona z kontaktami<\/a> lub napisz do nas na adres <a href=\"https:\/\/facebook.com\/HookahShop.lt\/\" target=\"_blank\" rel=\"noopener noreferrer\">konto na Facebooku<\/a> a my odpowiemy na Twoj\u0105 pro\u015bb\u0119 tego samego dnia.<\/p>","protected":false},"excerpt":{"rendered":"<p>Pokrowiec na kubki grzewcze Czarny Chroni przed wiatrem podczas fajki wodnej na \u015bwie\u017cym powietrzu. Mo\u017ce by\u0107 u\u017cywany jako zabezpieczenie przed spadkiem w\u0119glowodan\u00f3w. Przyspiesza tak\u017ce czas przygotowania fajki wodnej, dlatego warto stosowa\u0107 j\u0105 po dodaniu w\u0119glowodan\u00f3w na pocz\u0105tku sesji. Dane techniczne: Wysoko\u015b\u0107: oko\u0142o 21 cm \u015arednica: 11 cm Pytania? Skontaktuj si\u0119 z nami na stronie kontaktowej lub napisz do nas na naszym koncie na Facebooku, a my odpowiemy [\u2026]<\/p>","protected":false},"featured_media":36668,"comment_status":"open","ping_status":"closed","template":"","meta":[],"_links":{"self":[{"href":"https:\/\/hookahshop.lt\/pl\/wp-json\/wp\/v2\/product\/36667"}],"collection":[{"href":"https:\/\/hookahshop.lt\/pl\/wp-json\/wp\/v2\/product"}],"about":[{"href":"https:\/\/hookahshop.lt\/pl\/wp-json\/wp\/v2\/types\/product"}],"replies":[{"embeddable":true,"href":"https:\/\/hookahshop.lt\/pl\/wp-json\/wp\/v2\/comments?post=36667"}],"version-history":[{"count":4,"href":"https:\/\/hookahshop.lt\/pl\/wp-json\/wp\/v2\/product\/36667\/revisions"}],"predecessor-version":[{"id":42989,"href":"https:\/\/hookahshop.lt\/pl\/wp-json\/wp\/v2\/product\/36667\/revisions\/42989"}],"wp:featuredmedia":[{"embeddable":true,"href":"https:\/\/hookahshop.lt\/pl\/wp-json\/wp\/v2\/media\/36668"}],"wp:attachment":[{"href":"https:\/\/hookahshop.lt\/pl\/wp-json\/wp\/v2\/media?parent=36667"}],"curies":[{"name":"wp","href":"https:\/\/api.w.org\/{rel}","templated":true}]}}