{"id":36739,"date":"2023-07-20T22:01:10","date_gmt":"2023-07-20T19:01:10","guid":{"rendered":"https:\/\/hookahshop.lt\/?post_type=product&#038;p=36739"},"modified":"2026-04-15T23:29:32","modified_gmt":"2026-04-15T20:29:32","slug":"karscio-kamera-alpha-hookah-fnx-gold","status":"publish","type":"product","link":"https:\/\/hookahshop.lt\/pl\/produkt\/kamera-termowizyjna-alfa-szisza-fnx-gold\/","title":{"rendered":"Kamera termowizyjna ALPHA HOOKAH FNX Gold"},"content":{"rendered":"<h2>Kamera termowizyjna ALPHA HOOKAH FNX Gold<\/h2>\n<p>Wykonany z solidnej konstrukcji ze stali nierdzewnej, co zapewnia trwa\u0142o\u015b\u0107. Grube \u015bcianki i wygodny kszta\u0142t zapewniaj\u0105 r\u00f3wnomiern\u0105 kontrol\u0119 ciep\u0142a w fili\u017cance. Komora cieplna jest podobna do t\u0142oka samochodowego, wi\u0119c tw\u00f3rcy po jednej stronie wskazali parametry techniczne. Akcesorium stanowi \u015bwietne po\u0142\u0105czenie z fajkami wodnymi Alpha Hookah i pasuje do wszystkich popularnych na rynku kubk\u00f3w.<\/p>\n<p><strong>Specyfikacja<\/strong><br \/>\nMateria\u0142: Stal nierdzewna (<em>solidne konstrukcje)<\/em><br \/>\nKolor: z\u0142oty<br \/>\n\u015arednica: 75mm<br \/>\nWysoko\u015b\u0107: 27mm<br \/>\nWaga: 217g.<\/p>\n<p>Czy masz jakie\u015b pytania? Skontaktuj si\u0119 z nami\u00a0<a href=\"https:\/\/hookahshop.lt\/pl\/lacznosc\/\">strona z kontaktami<\/a>\u00a0lub napisz do nas na adres\u00a0<a href=\"https:\/\/facebook.com\/HookahShop.lt\/\" target=\"_blank\" rel=\"noopener noreferrer\">konto na Facebooku<\/a>\u00a0a my odpowiemy na Twoj\u0105 pro\u015bb\u0119 tego samego dnia.<\/p>\n<p>&nbsp;<\/p>","protected":false},"excerpt":{"rendered":"<p>Komora grzewcza ALPHA HOOKAH FNX Gold Wykonana z jednocz\u0119\u015bciowej konstrukcji ze stali nierdzewnej, kt\u00f3ra zapewnia trwa\u0142o\u015b\u0107. Grube \u015bcianki i wygodny kszta\u0142t zapewniaj\u0105 r\u00f3wnomiern\u0105 kontrol\u0119 ciep\u0142a w fili\u017cance. Komora cieplna jest podobna do t\u0142oka samochodu, dlatego tw\u00f3rcy wskazali w\u0142a\u015bciwo\u015bci techniczne po jednej stronie. Akcesorium doskonale komponuje si\u0119 z fajkami wodnymi Alpha Hookah i pasuje do wszystkich popularnych fili\u017canek dost\u0119pnych na rynku. Specyfikacja Materia\u0142: [\u2026]<\/p>","protected":false},"featured_media":36740,"comment_status":"open","ping_status":"closed","template":"","meta":[],"_links":{"self":[{"href":"https:\/\/hookahshop.lt\/pl\/wp-json\/wp\/v2\/product\/36739"}],"collection":[{"href":"https:\/\/hookahshop.lt\/pl\/wp-json\/wp\/v2\/product"}],"about":[{"href":"https:\/\/hookahshop.lt\/pl\/wp-json\/wp\/v2\/types\/product"}],"replies":[{"embeddable":true,"href":"https:\/\/hookahshop.lt\/pl\/wp-json\/wp\/v2\/comments?post=36739"}],"version-history":[{"count":4,"href":"https:\/\/hookahshop.lt\/pl\/wp-json\/wp\/v2\/product\/36739\/revisions"}],"predecessor-version":[{"id":44944,"href":"https:\/\/hookahshop.lt\/pl\/wp-json\/wp\/v2\/product\/36739\/revisions\/44944"}],"wp:featuredmedia":[{"embeddable":true,"href":"https:\/\/hookahshop.lt\/pl\/wp-json\/wp\/v2\/media\/36740"}],"wp:attachment":[{"href":"https:\/\/hookahshop.lt\/pl\/wp-json\/wp\/v2\/media?parent=36739"}],"curies":[{"name":"wp","href":"https:\/\/api.w.org\/{rel}","templated":true}]}}