{"id":36754,"date":"2023-07-21T22:09:13","date_gmt":"2023-07-21T19:09:13","guid":{"rendered":"https:\/\/hookahshop.lt\/?post_type=product&#038;p=36754"},"modified":"2026-04-15T23:29:32","modified_gmt":"2026-04-15T20:29:32","slug":"lekste-kaljanui-alpha-hookah-beat-ufo","status":"publish","type":"product","link":"https:\/\/hookahshop.lt\/pl\/produkt\/talerz-do-fajki-wodnej-hookah-alpha-hookah-beat-ufo\/","title":{"rendered":"Talerz do fajki wodnej ALPHA HOOKAH Beat Ufo"},"content":{"rendered":"<h2>Talerz do fajki wodnej ALPHA HOOKAH Beat Ufo<\/h2>\n<p>Indywidualny talerzyk do fajki wodnej ALPHA Hookah model Beat. P\u0142yta wykonana jest ze stali nierdzewnej i pokryta \u017caroodporn\u0105 farb\u0105 proszkow\u0105.<\/p>\n<p><strong>Specyfikacje:<\/strong><br \/>\n\u015arednica: ~ 17 cm<br \/>\n\u015arednica otworu: ~1,5 cm<\/p>\n<p>&nbsp;<\/p>\n<p>Czy masz jakie\u015b pytania? Skontaktuj si\u0119 z nami\u00a0<a href=\"https:\/\/hookahshop.lt\/pl\/lacznosc\/\">strona z kontaktami<\/a>\u00a0lub napisz do nas na adres\u00a0<a href=\"https:\/\/facebook.com\/HookahShop.lt\/\" target=\"_blank\" rel=\"noopener\">konto na Facebooku<\/a>\u00a0a my odpowiemy na Twoj\u0105 pro\u015bb\u0119 tego samego dnia.<\/p>\n<p>&nbsp;<\/p>","protected":false},"excerpt":{"rendered":"<p>Talerz do fajki wodnej ALPHA HOOKAH Beat Ufo Indywidualny talerz do Twojej fajki wodnej ALPHA Model sziszy Beat. P\u0142yta wykonana jest ze stali nierdzewnej i pokryta \u017caroodporn\u0105 farb\u0105 proszkow\u0105. Dane techniczne: \u015arednica: ~ 17 cm \u015arednica otworu: ~ 1,5 cm Pytania? Skontaktuj si\u0119 z nami na stronie kontaktowej lub napisz do nas na naszym koncie na Facebooku, a my odpowiemy na Twoj\u0105 pro\u015bb\u0119 jeszcze tego samego dnia. &nbsp;<\/p>","protected":false},"featured_media":36758,"comment_status":"open","ping_status":"closed","template":"","meta":[],"_links":{"self":[{"href":"https:\/\/hookahshop.lt\/pl\/wp-json\/wp\/v2\/product\/36754"}],"collection":[{"href":"https:\/\/hookahshop.lt\/pl\/wp-json\/wp\/v2\/product"}],"about":[{"href":"https:\/\/hookahshop.lt\/pl\/wp-json\/wp\/v2\/types\/product"}],"replies":[{"embeddable":true,"href":"https:\/\/hookahshop.lt\/pl\/wp-json\/wp\/v2\/comments?post=36754"}],"version-history":[{"count":2,"href":"https:\/\/hookahshop.lt\/pl\/wp-json\/wp\/v2\/product\/36754\/revisions"}],"predecessor-version":[{"id":36757,"href":"https:\/\/hookahshop.lt\/pl\/wp-json\/wp\/v2\/product\/36754\/revisions\/36757"}],"wp:featuredmedia":[{"embeddable":true,"href":"https:\/\/hookahshop.lt\/pl\/wp-json\/wp\/v2\/media\/36758"}],"wp:attachment":[{"href":"https:\/\/hookahshop.lt\/pl\/wp-json\/wp\/v2\/media?parent=36754"}],"curies":[{"name":"wp","href":"https:\/\/api.w.org\/{rel}","templated":true}]}}