{"id":36759,"date":"2023-07-21T23:21:32","date_gmt":"2023-07-21T20:21:32","guid":{"rendered":"https:\/\/hookahshop.lt\/?post_type=product&#038;p=36759"},"modified":"2026-04-17T23:29:54","modified_gmt":"2026-04-17T20:29:54","slug":"saldanti-juosta-vyro-freeze","status":"publish","type":"product","link":"https:\/\/hookahshop.lt\/pl\/produkt\/slodzik-tasma-mezczyzna-zamrazanie\/","title":{"rendered":"Ta\u015bma zamra\u017caj\u0105ca VYRO Freeze"},"content":{"rendered":"<h2>Ta\u015bma zamra\u017caj\u0105ca VYRO Freeze<\/h2>\n<p>Dedykowana AEON Vyro Jedna sesja fajki wodnej jeszcze bardziej od\u015bwie\u017caj\u0105ca. Niezale\u017cnie od tego, czy jeste\u015b w domu, czy w podr\u00f3\u017cy, mo\u017cesz sch\u0142odzi\u0107 VYRO One nawet przez 30 minut dzi\u0119ki paskowi ch\u0142odz\u0105cemu Freeze. FREEZE zosta\u0142 specjalnie zaprojektowany dla VYRO ONE i jest bardzo \u0142atwy do zamocowania dzi\u0119ki sprz\u0105czce.<\/p>\n<p><strong>Specyfikacje:<\/strong><br \/>\nCzarny kolor<br \/>\nMateria\u0142: tworzywo sztuczne<\/p>\n<p><strong>Ekwipunek:<\/strong><br \/>\nTa\u015bma;<br \/>\nMarkowe pude\u0142ko\/<\/p>\n<p>Czy masz jakie\u015b pytania? Skontaktuj si\u0119 z nami\u00a0<a href=\"https:\/\/hookahshop.lt\/pl\/lacznosc\/\">strona z kontaktami<\/a>\u00a0lub napisz do nas na adres\u00a0<a href=\"https:\/\/facebook.com\/HookahShop.lt\/\" target=\"_blank\" rel=\"noopener\">konto na Facebooku<\/a>\u00a0a my odpowiemy na Twoj\u0105 pro\u015bb\u0119 tego samego dnia.<\/p>","protected":false},"excerpt":{"rendered":"<p>Ta\u015bma zamra\u017caj\u0105ca VYRO Freeze Dla AEON Vyro One sesja fajki wodnej jeszcze \u015bwie\u017csza. Niezale\u017cnie od tego, czy jeste\u015b w domu, czy w podr\u00f3\u017cy, mo\u017cesz utrzyma\u0107 ch\u0142\u00f3d VYRO One nawet przez 30 minut dzi\u0119ki listwie ch\u0142odz\u0105cej Freeze. FREEZE zosta\u0142 specjalnie zaprojektowany dla VYRO ONE i mo\u017cna go bardzo \u0142atwo przymocowa\u0107 dzi\u0119ki klamrze. Dane techniczne: Kolor: czarny Materia\u0142: tworzywo sztuczne Opakowanie: ta\u015bma; Markowe pude\u0142ko\/Masz pytania? [\u2026]<\/p>","protected":false},"featured_media":36760,"comment_status":"open","ping_status":"closed","template":"","meta":[],"_links":{"self":[{"href":"https:\/\/hookahshop.lt\/pl\/wp-json\/wp\/v2\/product\/36759"}],"collection":[{"href":"https:\/\/hookahshop.lt\/pl\/wp-json\/wp\/v2\/product"}],"about":[{"href":"https:\/\/hookahshop.lt\/pl\/wp-json\/wp\/v2\/types\/product"}],"replies":[{"embeddable":true,"href":"https:\/\/hookahshop.lt\/pl\/wp-json\/wp\/v2\/comments?post=36759"}],"version-history":[{"count":3,"href":"https:\/\/hookahshop.lt\/pl\/wp-json\/wp\/v2\/product\/36759\/revisions"}],"predecessor-version":[{"id":36767,"href":"https:\/\/hookahshop.lt\/pl\/wp-json\/wp\/v2\/product\/36759\/revisions\/36767"}],"wp:featuredmedia":[{"embeddable":true,"href":"https:\/\/hookahshop.lt\/pl\/wp-json\/wp\/v2\/media\/36760"}],"wp:attachment":[{"href":"https:\/\/hookahshop.lt\/pl\/wp-json\/wp\/v2\/media?parent=36759"}],"curies":[{"name":"wp","href":"https:\/\/api.w.org\/{rel}","templated":true}]}}