{"id":36775,"date":"2023-07-22T12:18:21","date_gmt":"2023-07-22T09:18:21","guid":{"rendered":"https:\/\/hookahshop.lt\/?post_type=product&#038;p=36775"},"modified":"2026-04-13T23:29:38","modified_gmt":"2026-04-13T20:29:38","slug":"kaljanas-aeon-vyro-one-carbon-forged-gold","status":"publish","type":"product","link":"https:\/\/hookahshop.lt\/pl\/produkt\/fajka-wodna-aeon-viro-one-carbon-kute-zloto\/","title":{"rendered":"Fajka wodna AEON VYRO One Carbon Kute Z\u0142oto"},"content":{"rendered":"<h2>Fajka wodna AEON VYRO One Carbon Kute Z\u0142oto<\/h2>\n<p>Od\u015bwie\u017cony model, najwy\u017cszej jako\u015bci przeno\u015bna fajka wodna ze stali nierdzewnej i w\u0142\u00f3kna w\u0119glowego jest przeznaczona do u\u017cytku nie tylko w podr\u00f3\u017cy, ale tak\u017ce w domu. To jedna z lepszych przeno\u015bnych fajek wodnych na rynku. Dzi\u0119ki swojej wyj\u0105tkowej konstrukcji posiada nisko po\u0142o\u017cony \u015brodek ci\u0119\u017cko\u015bci, dzi\u0119ki czemu jest stabilny.<\/p>\n<p><strong>Specyfikacje:<\/strong><br \/>\nWysoko\u015b\u0107: 15 cm<br \/>\n\u015arednica: 8 cm<br \/>\nWaga: 1,3 kg<br \/>\nMateria\u0142: najwy\u017cszej jako\u015bci stal nierdzewna i w\u0142\u00f3kno w\u0119glowe<br \/>\nKraj pochodzenia: Niemcy<\/p>\n<p><strong>Zestaw nie zawiera: w\u0119\u017ca i ustnika.\u00a0<\/strong><\/p>\n<p><img decoding=\"async\" loading=\"lazy\" class=\"alignnone size-medium wp-image-38512\" src=\"https:\/\/hookahshop.lt\/wp-content\/uploads\/2022\/06\/mazu-aladinu-komplektacija-1-300x273.jpg\" alt=\"- hookahshop.lt\" width=\"300\" height=\"273\" srcset=\"https:\/\/hookahshop.lt\/wp-content\/uploads\/2022\/06\/mazu-aladinu-komplektacija-1-300x273.jpg 300w, https:\/\/hookahshop.lt\/wp-content\/uploads\/2022\/06\/mazu-aladinu-komplektacija-1-13x12.jpg 13w, https:\/\/hookahshop.lt\/wp-content\/uploads\/2022\/06\/mazu-aladinu-komplektacija-1-64x58.jpg 64w, https:\/\/hookahshop.lt\/wp-content\/uploads\/2022\/06\/mazu-aladinu-komplektacija-1.jpg 420w\" sizes=\"(max-width: 300px) 100vw, 300px\" title=\"\"><\/p>\n<p>Czy masz jakie\u015b pytania? Skontaktuj si\u0119 z nami\u00a0<a href=\"https:\/\/hookahshop.lt\/pl\/lacznosc\/\">strona z kontaktami<\/a>\u00a0lub napisz do nas na adres\u00a0<a href=\"https:\/\/facebook.com\/HookahShop.lt\/\" target=\"_blank\" rel=\"noopener noreferrer\">konto na Facebooku<\/a>\u00a0a my odpowiemy na Twoj\u0105 pro\u015bb\u0119 tego samego dnia.<\/p>","protected":false},"excerpt":{"rendered":"<p>Szisza wodna AEON VYRO One Carbon Forged Gold Zmodernizowany model, najwy\u017cszej jako\u015bci przeno\u015bnej fajki wodnej ze stali nierdzewnej i w\u0142\u00f3kna w\u0119glowego, przeznaczony jest do u\u017cytku nie tylko na wycieczkach, ale tak\u017ce w domu. Jest to jedna z lepszych przeno\u015bnych fajek wodnych dost\u0119pnych na rynku. Dzi\u0119ki swojej unikalnej konstrukcji ma nisko po\u0142o\u017cony \u015brodek ci\u0119\u017cko\u015bci, co zapewnia stabilno\u015b\u0107. Dane techniczne: Wysoko\u015b\u0107: 15 cm \u015arednica: 8 cm Waga: [\u2026]<\/p>","protected":false},"featured_media":36776,"comment_status":"open","ping_status":"closed","template":"","meta":[],"_links":{"self":[{"href":"https:\/\/hookahshop.lt\/pl\/wp-json\/wp\/v2\/product\/36775"}],"collection":[{"href":"https:\/\/hookahshop.lt\/pl\/wp-json\/wp\/v2\/product"}],"about":[{"href":"https:\/\/hookahshop.lt\/pl\/wp-json\/wp\/v2\/types\/product"}],"replies":[{"embeddable":true,"href":"https:\/\/hookahshop.lt\/pl\/wp-json\/wp\/v2\/comments?post=36775"}],"version-history":[{"count":4,"href":"https:\/\/hookahshop.lt\/pl\/wp-json\/wp\/v2\/product\/36775\/revisions"}],"predecessor-version":[{"id":40323,"href":"https:\/\/hookahshop.lt\/pl\/wp-json\/wp\/v2\/product\/36775\/revisions\/40323"}],"wp:featuredmedia":[{"embeddable":true,"href":"https:\/\/hookahshop.lt\/pl\/wp-json\/wp\/v2\/media\/36776"}],"wp:attachment":[{"href":"https:\/\/hookahshop.lt\/pl\/wp-json\/wp\/v2\/media?parent=36775"}],"curies":[{"name":"wp","href":"https:\/\/api.w.org\/{rel}","templated":true}]}}