{"id":36976,"date":"2023-09-11T20:55:51","date_gmt":"2023-09-11T17:55:51","guid":{"rendered":"https:\/\/hookahshop.lt\/?post_type=product&#038;p=36976"},"modified":"2026-04-17T16:33:42","modified_gmt":"2026-04-17T13:33:42","slug":"kolba-kaljanui-vg-black-matt-stripes","status":"publish","type":"product","link":"https:\/\/hookahshop.lt\/pl\/produkt\/kolba-do-fajki-wodnej-vg-black-matt-stripes\/","title":{"rendered":"KOLBA DO FAJKI WODNEJ VG Black Matt Stripes"},"content":{"rendered":"<h2>KOLBA DO FAJKI WODNEJ VG Black Matt Stripes<\/h2>\n<p>Kolba ma efekt dymu, a dzi\u0119ki b\u0142yszcz\u0105cej powierzchni ma jeszcze bardziej szykowny i ekskluzywny wygl\u0105d kolorystyczny. Nadaje si\u0119 do prawie wszystkich nowoczesnych fajek wodnych. Kraw\u0119d\u017a flakonu pomo\u017ce Ci wygodnie trzyma\u0107 fajk\u0119 wodn\u0105, tak aby nie wy\u015blizgn\u0119\u0142a si\u0119 z r\u0105k. Ten bidon jest pokryty wysokiej jako\u015bci farb\u0105, dzi\u0119ki kt\u00f3rej nawet po wielu u\u017cyciach b\u0119dzie wygl\u0105da\u0142 jak nowy przez d\u0142ugi czas. Nadaje si\u0119 do fajek wodnych z uniwersaln\u0105 uszczelk\u0105. Kolba wykonana jest r\u0119cznie, a wewn\u0119trzna \u015brednica szyjki mo\u017ce r\u00f3\u017cni\u0107 si\u0119 od deklarowanej o 1-1,5 mm.<\/p>\n<p><strong>Specyfikacja:<\/strong><br \/>\nWysoko\u015b\u0107: 266 mm<br \/>\nWaga: ~ 1550 g<br \/>\n\u015arednica zewn\u0119trzna: 75 mm<br \/>\n\u015arednica wewn\u0119trzna: 47 mm<br \/>\nMateria\u0142: szk\u0142o<\/p>\n<p>&nbsp;<\/p>\n<p>Czy masz jakie\u015b pytania? Skontaktuj si\u0119 z nami\u00a0<a href=\"https:\/\/hookahshop.lt\/pl\/lacznosc\/\">strona z kontaktami<\/a>\u00a0lub napisz do nas na adres\u00a0<a href=\"https:\/\/facebook.com\/HookahShop.lt\/\" target=\"_blank\" rel=\"noopener\">konto na Facebooku<\/a>\u00a0a my odpowiemy na Twoj\u0105 pro\u015bb\u0119 tego samego dnia.<\/p>","protected":false},"excerpt":{"rendered":"<p>Piersi\u00f3wka do fajki wodnej VG Czarne Matowe Paski Wykonana z wysokiej jako\u015bci szk\u0142a. Kolba jest w kolorze czarnym, a matowe wyko\u0144czenie nadaje jej jeszcze bardziej elegancki wygl\u0105d. Pasuje do prawie wszystkich nowoczesnych fajek wodnych. Kraw\u0119d\u017a termosu u\u0142atwi wygodne trzymanie fajki wodnej, dzi\u0119ki czemu nie wy\u015blizgnie si\u0119 ona z r\u0105k. Kolba ta jest pokryta wysokiej jako\u015bci farb\u0105, kt\u00f3ra pomo\u017ce zachowa\u0107 jej wygl\u0105d przez d\u0142ugi czas, [...]<\/p>","protected":false},"featured_media":36986,"comment_status":"open","ping_status":"closed","template":"","meta":[],"_links":{"self":[{"href":"https:\/\/hookahshop.lt\/pl\/wp-json\/wp\/v2\/product\/36976"}],"collection":[{"href":"https:\/\/hookahshop.lt\/pl\/wp-json\/wp\/v2\/product"}],"about":[{"href":"https:\/\/hookahshop.lt\/pl\/wp-json\/wp\/v2\/types\/product"}],"replies":[{"embeddable":true,"href":"https:\/\/hookahshop.lt\/pl\/wp-json\/wp\/v2\/comments?post=36976"}],"version-history":[{"count":5,"href":"https:\/\/hookahshop.lt\/pl\/wp-json\/wp\/v2\/product\/36976\/revisions"}],"predecessor-version":[{"id":43079,"href":"https:\/\/hookahshop.lt\/pl\/wp-json\/wp\/v2\/product\/36976\/revisions\/43079"}],"wp:featuredmedia":[{"embeddable":true,"href":"https:\/\/hookahshop.lt\/pl\/wp-json\/wp\/v2\/media\/36986"}],"wp:attachment":[{"href":"https:\/\/hookahshop.lt\/pl\/wp-json\/wp\/v2\/media?parent=36976"}],"curies":[{"name":"wp","href":"https:\/\/api.w.org\/{rel}","templated":true}]}}