{"id":36981,"date":"2023-09-11T22:28:55","date_gmt":"2023-09-11T19:28:55","guid":{"rendered":"https:\/\/hookahshop.lt\/?post_type=product&#038;p=36981"},"modified":"2026-04-17T16:33:42","modified_gmt":"2026-04-17T13:33:42","slug":"kaljanas-ykap-neo-mod-red","status":"publish","type":"product","link":"https:\/\/hookahshop.lt\/pl\/produkt\/fajka-wodna-ykap-neo-mod-red\/","title":{"rendered":"FAJKA WODNA YKAP Neo Mod Red"},"content":{"rendered":"<h2>FAJKA WODNA YKAP Neo Mod Red<\/h2>\n<p>Wykonane z wysokiej jako\u015bci stali nierdzewnej i poliacetalu, co gwarantuje trwa\u0142o\u015b\u0107 i wytrzyma\u0142o\u015b\u0107. Dzi\u0119ki temu mo\u017cesz mie\u0107 pewno\u015b\u0107, \u017ce ten produkt pos\u0142u\u017cy Ci przez wiele niezapomnianych sesji z fajk\u0105 wodn\u0105. Y.K.A.P. NEO MOD RED to doskona\u0142y wyb\u00f3r dla os\u00f3b poszukuj\u0105cych wysokiej jako\u015bci fajki wodnej w przyst\u0119pnej cenie. Elegancki design wykonany z trwa\u0142ych materia\u0142\u00f3w.<\/p>\n<p><strong>Specyfikacja:<\/strong><br \/>\nSzisza wodna: lekka (w zestawie wyjmowany dyfuzor).<br \/>\nMateria\u0142: stal nierdzewna, poliacetal<br \/>\nWysoko\u015b\u0107 \u0142odygi: 47,5 cm<br \/>\n\u015arednica trzonka: 1,1 cm<br \/>\nKolor: stalowy, czarny, czerwony<\/p>\n<p><strong>Ekwipunek:<\/strong><br \/>\nWa\u0142 (trzpie\u0144), p\u0142ytka, ustnik, silikonowy czarny w\u0105\u017c, komplet uszczelek.<\/p>\n<p><img decoding=\"async\" loading=\"lazy\" class=\"alignnone size-medium wp-image-38521\" src=\"https:\/\/hookahshop.lt\/wp-content\/uploads\/2020\/09\/stiebas-zarna-kandiklis-1-300x273.jpg\" alt=\"- hookahshop.lt\" width=\"300\" height=\"273\" srcset=\"https:\/\/hookahshop.lt\/wp-content\/uploads\/2020\/09\/stiebas-zarna-kandiklis-1-300x273.jpg 300w, https:\/\/hookahshop.lt\/wp-content\/uploads\/2020\/09\/stiebas-zarna-kandiklis-1-13x12.jpg 13w, https:\/\/hookahshop.lt\/wp-content\/uploads\/2020\/09\/stiebas-zarna-kandiklis-1-64x58.jpg 64w, https:\/\/hookahshop.lt\/wp-content\/uploads\/2020\/09\/stiebas-zarna-kandiklis-1.jpg 420w\" sizes=\"(max-width: 300px) 100vw, 300px\" title=\"\"><\/p>\n<p>&nbsp;<\/p>\n<p>Czy masz jakie\u015b pytania? Skontaktuj si\u0119 z nami\u00a0<a href=\"https:\/\/hookahshop.lt\/pl\/lacznosc\/\">strona z kontaktami<\/a>\u00a0lub napisz do nas na adres\u00a0<a href=\"https:\/\/facebook.com\/HookahShop.lt\/\" target=\"_blank\" rel=\"noopener\">konto na Facebooku<\/a>\u00a0a my odpowiemy na Twoj\u0105 pro\u015bb\u0119 tego samego dnia.<\/p>\n<p>&nbsp;<\/p>","protected":false},"excerpt":{"rendered":"<p>Fajka wodna YKAP Neo Mod Red Wykonana z wysokiej jako\u015bci stali nierdzewnej i poliacetalu, co gwarantuje trwa\u0142o\u015b\u0107 i wytrzyma\u0142o\u015b\u0107. Dzi\u0119ki temu mo\u017cesz mie\u0107 pewno\u015b\u0107, \u017ce ten produkt pos\u0142u\u017cy Ci przez wiele niezapomnianych sesji z fajk\u0105 wodn\u0105. YKAP NEO MOD RED to doskona\u0142y wyb\u00f3r dla os\u00f3b poszukuj\u0105cych wysokiej jako\u015bci fajki wodnej w przyst\u0119pnej cenie. Elegancki design wykonany z trwa\u0142ych materia\u0142\u00f3w. Specyfikacja: [\u2026]<\/p>","protected":false},"featured_media":36982,"comment_status":"open","ping_status":"closed","template":"","meta":[],"_links":{"self":[{"href":"https:\/\/hookahshop.lt\/pl\/wp-json\/wp\/v2\/product\/36981"}],"collection":[{"href":"https:\/\/hookahshop.lt\/pl\/wp-json\/wp\/v2\/product"}],"about":[{"href":"https:\/\/hookahshop.lt\/pl\/wp-json\/wp\/v2\/types\/product"}],"replies":[{"embeddable":true,"href":"https:\/\/hookahshop.lt\/pl\/wp-json\/wp\/v2\/comments?post=36981"}],"version-history":[{"count":4,"href":"https:\/\/hookahshop.lt\/pl\/wp-json\/wp\/v2\/product\/36981\/revisions"}],"predecessor-version":[{"id":37347,"href":"https:\/\/hookahshop.lt\/pl\/wp-json\/wp\/v2\/product\/36981\/revisions\/37347"}],"wp:featuredmedia":[{"embeddable":true,"href":"https:\/\/hookahshop.lt\/pl\/wp-json\/wp\/v2\/media\/36982"}],"wp:attachment":[{"href":"https:\/\/hookahshop.lt\/pl\/wp-json\/wp\/v2\/media?parent=36981"}],"curies":[{"name":"wp","href":"https:\/\/api.w.org\/{rel}","templated":true}]}}