{"id":36997,"date":"2023-09-12T22:08:32","date_gmt":"2023-09-12T19:08:32","guid":{"rendered":"https:\/\/hookahshop.lt\/?post_type=product&#038;p=36997"},"modified":"2026-05-05T23:30:18","modified_gmt":"2026-05-05T20:30:18","slug":"kaljanas-ykap-killer-mini-su-krepsiu","status":"publish","type":"product","link":"https:\/\/hookahshop.lt\/pl\/produkt\/fajka-wodna-ykap-killer-mini-z-bzdury\/","title":{"rendered":"FAJKA WODNA YKAP Killer Mini z torb\u0105"},"content":{"rendered":"<h2>FAJKA WODNA YKAP Killer Mini z torb\u0105<\/h2>\n<p>Jest to niewielka i wysokiej jako\u015bci fajka wodna, kt\u00f3ra zagwarantuje przyjemn\u0105 sesj\u0119 i doskonale sprawdzi si\u0119 w podr\u00f3\u017cy. W zestawie nie tylko worek na fajki wodne, ale tak\u017ce worek na akcesoria. Istnieje r\u00f3wnie\u017c mo\u017cliwo\u015b\u0107 zamiany wstawek z czerwonej fajki wodnej na czarne. Szisza wykonana jest z najwy\u017cszej jako\u015bci materia\u0142\u00f3w, co zapewni d\u0142ugowieczno\u015b\u0107 fajki wodnej. \u0141atwy w obs\u0142udze hak.<\/p>\n<p><strong>Specyfikacja:<\/strong><br \/>\nCzarny kolor<br \/>\nMateria\u0142: stal nierdzewna i plastik<br \/>\nW\u0105\u017c: silikonowy (czarny)<br \/>\nPo\u0142\u0105czenie: O-ring<br \/>\nWysoko\u015b\u0107: 45 cm<br \/>\nDyfuzor: Tak<\/p>\n<p><strong>Ekwipunek:<\/strong><br \/>\nTrzonek, dyfuzor, kolba, w\u0105\u017c silikonowy, torba na akcesoria, torba na fajk\u0119 wodn\u0105<\/p>\n<p><img decoding=\"async\" loading=\"lazy\" class=\"alignnone size-medium wp-image-38520\" src=\"https:\/\/hookahshop.lt\/wp-content\/uploads\/2020\/09\/stiebas-kolba-zarna-kandiklis-1-300x273.jpg\" alt=\"- hookahshop.lt\" width=\"300\" height=\"273\" srcset=\"https:\/\/hookahshop.lt\/wp-content\/uploads\/2020\/09\/stiebas-kolba-zarna-kandiklis-1-300x273.jpg 300w, https:\/\/hookahshop.lt\/wp-content\/uploads\/2020\/09\/stiebas-kolba-zarna-kandiklis-1-13x12.jpg 13w, https:\/\/hookahshop.lt\/wp-content\/uploads\/2020\/09\/stiebas-kolba-zarna-kandiklis-1-64x58.jpg 64w, https:\/\/hookahshop.lt\/wp-content\/uploads\/2020\/09\/stiebas-kolba-zarna-kandiklis-1.jpg 420w\" sizes=\"(max-width: 300px) 100vw, 300px\" title=\"\"><\/p>\n<p>&nbsp;<\/p>\n<p>Czy masz jakie\u015b pytania? Skontaktuj si\u0119 z nami\u00a0<a href=\"https:\/\/hookahshop.lt\/pl\/lacznosc\/\">strona z kontaktami<\/a>\u00a0lub napisz do nas na adres\u00a0<a href=\"https:\/\/facebook.com\/HookahShop.lt\/\" target=\"_blank\" rel=\"noopener\">konto na Facebooku<\/a>\u00a0a my odpowiemy na Twoj\u0105 pro\u015bb\u0119 tego samego dnia.<\/p>","protected":false},"excerpt":{"rendered":"<p>Fajka wodna YKAP Killer Mini z torb\u0105 To niewielkich rozmiar\u00f3w, wysokiej jako\u015bci fajka wodna, kt\u00f3ra zagwarantuje przyjemn\u0105 sesj\u0119 i doskonale sprawdzi si\u0119 w podr\u00f3\u017cy. Szisza wykonana jest z najwy\u017cszej jako\u015bci materia\u0142\u00f3w, co zapewni d\u0142ug\u0105 \u017cywotno\u015b\u0107 fajki wodnej. \u0141atwe ci\u0105gni\u0119cie fajki wodnej. Specyfikacja: Kolor: czarny Materia\u0142: stal nierdzewna i tworzywo W\u0105\u017c: silikon (czarny) Z\u0142\u0105cze: O-ring Wysoko\u015b\u0107: 45 cm Dyfuzor: Tak Opakowanie: [\u2026]<\/p>","protected":false},"featured_media":36998,"comment_status":"open","ping_status":"closed","template":"","meta":[],"_links":{"self":[{"href":"https:\/\/hookahshop.lt\/pl\/wp-json\/wp\/v2\/product\/36997"}],"collection":[{"href":"https:\/\/hookahshop.lt\/pl\/wp-json\/wp\/v2\/product"}],"about":[{"href":"https:\/\/hookahshop.lt\/pl\/wp-json\/wp\/v2\/types\/product"}],"replies":[{"embeddable":true,"href":"https:\/\/hookahshop.lt\/pl\/wp-json\/wp\/v2\/comments?post=36997"}],"version-history":[{"count":9,"href":"https:\/\/hookahshop.lt\/pl\/wp-json\/wp\/v2\/product\/36997\/revisions"}],"predecessor-version":[{"id":45778,"href":"https:\/\/hookahshop.lt\/pl\/wp-json\/wp\/v2\/product\/36997\/revisions\/45778"}],"wp:featuredmedia":[{"embeddable":true,"href":"https:\/\/hookahshop.lt\/pl\/wp-json\/wp\/v2\/media\/36998"}],"wp:attachment":[{"href":"https:\/\/hookahshop.lt\/pl\/wp-json\/wp\/v2\/media?parent=36997"}],"curies":[{"name":"wp","href":"https:\/\/api.w.org\/{rel}","templated":true}]}}