{"id":37017,"date":"2023-09-12T22:38:43","date_gmt":"2023-09-12T19:38:43","guid":{"rendered":"https:\/\/hookahshop.lt\/?post_type=product&#038;p=37017"},"modified":"2026-04-15T12:29:37","modified_gmt":"2026-04-15T09:29:37","slug":"kaljanas-na-grani-stick","status":"publish","type":"product","link":"https:\/\/hookahshop.lt\/pl\/produkt\/fajka-wodna-na-grani-stick\/","title":{"rendered":"FAJKA WODNA NA GRANI Stick"},"content":{"rendered":"<h2>FAJKA WODNA NA GRANI Stick<\/h2>\n<p>Uwag\u0119 zwraca wysoka jako\u015b\u0107 i minimalistyczny design fajki wodnej. Ten model jest idealny dla tych, kt\u00f3rzy lubi\u0105 kompaktowe fajki wodne lub tych, kt\u00f3rzy chc\u0105 zabra\u0107 ma\u0142\u0105 fajk\u0119 na \u0142ono natury, poniewa\u017c jest wyj\u0105tkowy, poniewa\u017c jego konstrukcja \u0142odygi sk\u0142ada si\u0119 z kilku cz\u0119\u015bci, co pozwala na zmian\u0119 wysoko\u015bci \u0142odygi. Ta fajka wodna wykonana jest ze stali nierdzewnej 100% AISI - 304, co gwarantuje trwa\u0142o\u015b\u0107 i niezawodno\u015b\u0107 fajki wodnej, u\u0142atwia konserwacj\u0119, przechowywanie i transport. Fajka jest odpowiednia zar\u00f3wno dla mi\u0142o\u015bnik\u00f3w lekkiego dymu, poniewa\u017c posiada dyfuzor, jak i dla ci\u0119\u017cszych, poniewa\u017c istnieje mo\u017cliwo\u015b\u0107 odkr\u0119cenia dyfuzora. Ta fajka wodna jest r\u00f3wnie\u017c odpowiednia dla nowicjuszy w bran\u017cy fajki wodnej, poniewa\u017c poziom wody jest oznaczony w studzience na fajk\u0119 wodn\u0105, dzi\u0119ki czemu do kolby dodaje si\u0119 odpowiedni\u0105 ilo\u015b\u0107 wody.<\/p>\n<p><strong>Specyfikacja:<\/strong><br \/>\nMateria\u0142: Stal nierdzewna<br \/>\nWysoko\u015b\u0107 fajki wodnej: 46 cm<br \/>\n\u015arednica trzonka: 1,3 cm<\/p>\n<p><strong>Ekwipunek:<\/strong><br \/>\nWa\u0142 (trzpie\u0144), p\u0142ytka, ustnik, silikonowy czarny w\u0105\u017c, komplet uszczelek.<\/p>\n<p><img decoding=\"async\" loading=\"lazy\" class=\"alignnone size-medium wp-image-38521\" src=\"https:\/\/hookahshop.lt\/wp-content\/uploads\/2020\/09\/stiebas-zarna-kandiklis-1-300x273.jpg\" alt=\"- hookahshop.lt\" width=\"300\" height=\"273\" srcset=\"https:\/\/hookahshop.lt\/wp-content\/uploads\/2020\/09\/stiebas-zarna-kandiklis-1-300x273.jpg 300w, https:\/\/hookahshop.lt\/wp-content\/uploads\/2020\/09\/stiebas-zarna-kandiklis-1-13x12.jpg 13w, https:\/\/hookahshop.lt\/wp-content\/uploads\/2020\/09\/stiebas-zarna-kandiklis-1-64x58.jpg 64w, https:\/\/hookahshop.lt\/wp-content\/uploads\/2020\/09\/stiebas-zarna-kandiklis-1.jpg 420w\" sizes=\"(max-width: 300px) 100vw, 300px\" title=\"\"><br \/>\nCzy masz jakie\u015b pytania? Skontaktuj si\u0119 z nami\u00a0<a href=\"https:\/\/hookahshop.lt\/pl\/lacznosc\/\">strona z kontaktami<\/a>\u00a0lub napisz do nas na adres\u00a0<a href=\"https:\/\/facebook.com\/HookahShop.lt\/\" target=\"_blank\" rel=\"noopener\">konto na Facebooku<\/a>\u00a0a my odpowiemy na Twoj\u0105 pro\u015bb\u0119 tego samego dnia.<\/p>","protected":false},"excerpt":{"rendered":"<p>Szisza NA GRANI Stick Wysokiej jako\u015bci fajka wodna o minimalistycznym designie przyci\u0105ga uwag\u0119. Szisza ta wykonana jest ze stali nierdzewnej 100%, co gwarantuje trwa\u0142o\u015b\u0107 i niezawodno\u015b\u0107 fajki wodnej, a tak\u017ce u\u0142atwia konserwacj\u0119, przechowywanie i transport. Szisza jest odpowiednia zar\u00f3wno dla mi\u0142o\u015bnik\u00f3w lekkiego dymu, poniewa\u017c posiada dyfuzor, jak i dla ci\u0119\u017cszych, poniewa\u017c dyfuzor mo\u017cna wyj\u0105\u0107. Ta fajka wodna jest r\u00f3wnie\u017c odpowiednia dla nowicjuszy w bran\u017cy fajek wodnych, [...]<\/p>","protected":false},"featured_media":37019,"comment_status":"open","ping_status":"closed","template":"","meta":[],"_links":{"self":[{"href":"https:\/\/hookahshop.lt\/pl\/wp-json\/wp\/v2\/product\/37017"}],"collection":[{"href":"https:\/\/hookahshop.lt\/pl\/wp-json\/wp\/v2\/product"}],"about":[{"href":"https:\/\/hookahshop.lt\/pl\/wp-json\/wp\/v2\/types\/product"}],"replies":[{"embeddable":true,"href":"https:\/\/hookahshop.lt\/pl\/wp-json\/wp\/v2\/comments?post=37017"}],"version-history":[{"count":4,"href":"https:\/\/hookahshop.lt\/pl\/wp-json\/wp\/v2\/product\/37017\/revisions"}],"predecessor-version":[{"id":37023,"href":"https:\/\/hookahshop.lt\/pl\/wp-json\/wp\/v2\/product\/37017\/revisions\/37023"}],"wp:featuredmedia":[{"embeddable":true,"href":"https:\/\/hookahshop.lt\/pl\/wp-json\/wp\/v2\/media\/37019"}],"wp:attachment":[{"href":"https:\/\/hookahshop.lt\/pl\/wp-json\/wp\/v2\/media?parent=37017"}],"curies":[{"name":"wp","href":"https:\/\/api.w.org\/{rel}","templated":true}]}}