{"id":37025,"date":"2023-09-12T22:50:15","date_gmt":"2023-09-12T19:50:15","guid":{"rendered":"https:\/\/hookahshop.lt\/?post_type=product&#038;p=37025"},"modified":"2026-04-26T23:30:07","modified_gmt":"2026-04-26T20:30:07","slug":"znyples-kaljano-anglims-na-grani","status":"publish","type":"product","link":"https:\/\/hookahshop.lt\/pl\/produkt\/szczypce-do-fajki-wodnej-na-grani\/","title":{"rendered":"SZCZYPCE DO FAJKI WODNEJ NA GRANI"},"content":{"rendered":"<h2>SZCZYPCE DO FAJKI WODNEJ NA GRANI<\/h2>\n<p>Stylowe i wygodne akcesorium do pracy z w\u0119glem drzewnym, odpowiednie do u\u017cytku zar\u00f3wno w domu, jak i przez profesjonalnych rzemie\u015blnik\u00f3w. Wykonane s\u0105 ze stali nierdzewnej, dzi\u0119ki czemu nie trac\u0105 swoich w\u0142a\u015bciwo\u015bci przez wiele lat i niestraszne im wysokie temperatury podczas pracy z w\u0119glem. Akcesorium charakteryzuje si\u0119 minimalistycznym designem, posiada ozdobne wyci\u0119cia, doskona\u0142\u0105 ergonomi\u0119. Jest te\u017c uchwyt na talerz.<\/p>\n<p><strong>Specyfikacja:<\/strong><br \/>\nMateria\u0142: Stal nierdzewna<br \/>\nD\u0142ugo\u015b\u0107: 230 mm<br \/>\nSzeroko\u015b\u0107: 1,5 mm<br \/>\nWaga: 79 g.<\/p>\n<p><strong>Ekwipunek:<\/strong><br \/>\nSzczypce i pude\u0142ko<\/p>\n<p>&nbsp;<\/p>\n<p>Czy masz jakie\u015b pytania? Skontaktuj si\u0119 z nami\u00a0<a href=\"https:\/\/hookahshop.lt\/pl\/lacznosc\/\">strona z kontaktami<\/a>\u00a0lub napisz do nas na adres\u00a0<a href=\"https:\/\/facebook.com\/HookahShop.lt\/\" target=\"_blank\" rel=\"noopener\">konto na Facebooku<\/a>\u00a0a my odpowiemy na Twoj\u0105 pro\u015bb\u0119 tego samego dnia.<\/p>","protected":false},"excerpt":{"rendered":"<p>Szczypce do w\u0119gla do fajki wodnej NA GRANI Stylowe i wygodne akcesorium do pracy z w\u0119glem drzewnym, odpowiednie do u\u017cytku zar\u00f3wno w domu, jak i przez profesjonalnych rzemie\u015blnik\u00f3w. Wykonane s\u0105 ze stali nierdzewnej, dzi\u0119ki czemu nie trac\u0105 swoich w\u0142a\u015bciwo\u015bci przez wiele lat i nie straszne im wysokie temperatury podczas pracy z w\u0119glem. Akcesorium charakteryzuje si\u0119 minimalistycznym designem, ozdobnymi wyci\u0119ciami i doskona\u0142\u0105 ergonomi\u0105. Jest te\u017c uchwyt na talerz. Specyfikacja: Materia\u0142: Stal nierdzewna [...]<\/p>","protected":false},"featured_media":37026,"comment_status":"open","ping_status":"closed","template":"","meta":[],"_links":{"self":[{"href":"https:\/\/hookahshop.lt\/pl\/wp-json\/wp\/v2\/product\/37025"}],"collection":[{"href":"https:\/\/hookahshop.lt\/pl\/wp-json\/wp\/v2\/product"}],"about":[{"href":"https:\/\/hookahshop.lt\/pl\/wp-json\/wp\/v2\/types\/product"}],"replies":[{"embeddable":true,"href":"https:\/\/hookahshop.lt\/pl\/wp-json\/wp\/v2\/comments?post=37025"}],"version-history":[{"count":5,"href":"https:\/\/hookahshop.lt\/pl\/wp-json\/wp\/v2\/product\/37025\/revisions"}],"predecessor-version":[{"id":37067,"href":"https:\/\/hookahshop.lt\/pl\/wp-json\/wp\/v2\/product\/37025\/revisions\/37067"}],"wp:featuredmedia":[{"embeddable":true,"href":"https:\/\/hookahshop.lt\/pl\/wp-json\/wp\/v2\/media\/37026"}],"wp:attachment":[{"href":"https:\/\/hookahshop.lt\/pl\/wp-json\/wp\/v2\/media?parent=37025"}],"curies":[{"name":"wp","href":"https:\/\/api.w.org\/{rel}","templated":true}]}}