{"id":37030,"date":"2023-09-12T23:03:22","date_gmt":"2023-09-12T20:03:22","guid":{"rendered":"https:\/\/hookahshop.lt\/?post_type=product&#038;p=37030"},"modified":"2026-04-15T23:29:32","modified_gmt":"2026-04-15T20:29:32","slug":"znyples-kaljano-anglims-ykap-stripes-black","status":"publish","type":"product","link":"https:\/\/hookahshop.lt\/pl\/produkt\/szczypce-do-fajki-wodnej-ykap-stripes-black\/","title":{"rendered":"SZCZYPCE DO FAJKI WODNEJ YKAP Stripes Black"},"content":{"rendered":"<h2>SZCZYPCE DO FAJKI WODNEJ YKAP Stripes Black<\/h2>\n<p>Jest to stylowe i wygodne akcesorium podczas pracy z w\u0119glami do fajki wodnej. Szczypce nie nagrzewaj\u0105 si\u0119 nawet przy d\u0142ugotrwa\u0142ym kontakcie z roz\u017carzonymi w\u0119glami.<\/p>\n<p><strong>Specyfikacja:<\/strong><br \/>\nMateria\u0142: Stal nierdzewna<br \/>\nCzarny kolor<br \/>\nD\u0142ugo\u015b\u0107: 21 cm<br \/>\nSzeroko\u015b\u0107: 3,4 cm<\/p>\n<p>Czy masz jakie\u015b pytania? Skontaktuj si\u0119 z nami\u00a0<a href=\"https:\/\/hookahshop.lt\/pl\/lacznosc\/\">strona z kontaktami<\/a>\u00a0lub napisz do nas na adres\u00a0<a href=\"https:\/\/facebook.com\/HookahShop.lt\/\" target=\"_blank\" rel=\"noopener\">konto na Facebooku<\/a>\u00a0a my odpowiemy na Twoj\u0105 pro\u015bb\u0119 tego samego dnia.<\/p>\n<p>&nbsp;<\/p>","protected":false},"excerpt":{"rendered":"<p>Szczypce do w\u0119gla do fajki wodnej YKAP Stripes Black To stylowe i wygodne akcesorium do pracy z w\u0119glami do fajki wodnej. Szczypce nie nagrzewaj\u0105 si\u0119 nawet przy d\u0142ugotrwa\u0142ym kontakcie z roz\u017carzonymi w\u0119glami. Specyfikacja: Materia\u0142: Stal nierdzewna Kolor: Czarny D\u0142ugo\u015b\u0107: 21 cm Szeroko\u015b\u0107: 3,4 cm Pytania? Skontaktuj si\u0119 z nami na stronie kontaktowej lub napisz do nas na naszym koncie na Facebooku, a my odpowiemy na Twoj\u0105 pro\u015bb\u0119 jeszcze tego samego dnia. &nbsp;<\/p>","protected":false},"featured_media":37034,"comment_status":"open","ping_status":"closed","template":"","meta":[],"_links":{"self":[{"href":"https:\/\/hookahshop.lt\/pl\/wp-json\/wp\/v2\/product\/37030"}],"collection":[{"href":"https:\/\/hookahshop.lt\/pl\/wp-json\/wp\/v2\/product"}],"about":[{"href":"https:\/\/hookahshop.lt\/pl\/wp-json\/wp\/v2\/types\/product"}],"replies":[{"embeddable":true,"href":"https:\/\/hookahshop.lt\/pl\/wp-json\/wp\/v2\/comments?post=37030"}],"version-history":[{"count":3,"href":"https:\/\/hookahshop.lt\/pl\/wp-json\/wp\/v2\/product\/37030\/revisions"}],"predecessor-version":[{"id":37033,"href":"https:\/\/hookahshop.lt\/pl\/wp-json\/wp\/v2\/product\/37030\/revisions\/37033"}],"wp:featuredmedia":[{"embeddable":true,"href":"https:\/\/hookahshop.lt\/pl\/wp-json\/wp\/v2\/media\/37034"}],"wp:attachment":[{"href":"https:\/\/hookahshop.lt\/pl\/wp-json\/wp\/v2\/media?parent=37030"}],"curies":[{"name":"wp","href":"https:\/\/api.w.org\/{rel}","templated":true}]}}