{"id":37035,"date":"2023-09-12T23:24:00","date_gmt":"2023-09-12T20:24:00","guid":{"rendered":"https:\/\/hookahshop.lt\/?post_type=product&#038;p=37035"},"modified":"2026-04-14T23:29:38","modified_gmt":"2026-04-14T20:29:38","slug":"individualus-kaljano-kandiklis-silicon-black","status":"publish","type":"product","link":"https:\/\/hookahshop.lt\/pl\/produkt\/niestandardowy-ustnik-szisza-fajka-silicon-black\/","title":{"rendered":"INDYWIDUALNY USTNIK DO FAJKI WODNEJ Silicon Black"},"content":{"rendered":"<h2>INDYWIDUALNY USTNIK DO FAJKI WODNEJ Silicon Black<\/h2>\n<p>Gwarantuje higieniczne palenie. U\u017cywaj\u0105c tego indywidualnego ustnika, zmniejszysz zanieczyszczenie \u015brodowiska, poniewa\u017c ustniki nie s\u0105 wyrzucane po paleniu jak indywidualne ustniki jednorazowe.<\/p>\n<p><strong>Specyfikacja:<\/strong><br \/>\nMateria\u0142: silikon;<br \/>\nCzarny kolor<\/p>\n<p>Czy masz jakie\u015b pytania? Skontaktuj si\u0119 z nami\u00a0<a href=\"https:\/\/hookahshop.lt\/pl\/lacznosc\/\">strona z kontaktami<\/a>\u00a0lub napisz do nas na adres\u00a0<a href=\"https:\/\/facebook.com\/HookahShop.lt\/\" target=\"_blank\" rel=\"noopener\">konto na Facebooku<\/a>\u00a0a my odpowiemy na Twoj\u0105 pro\u015bb\u0119 tego samego dnia.<\/p>\n<p>&nbsp;<\/p>","protected":false},"excerpt":{"rendered":"<p>Indywidualny ustnik do fajki wodnej Silicon Black Gwarantuje higieniczne palenie. U\u017cywaj\u0105c tego indywidualnego ustnika, zmniejszysz zanieczyszczenie \u015brodowiska, poniewa\u017c ustniki nie s\u0105 wyrzucane po paleniu jak indywidualne ustniki jednorazowe. Specyfikacja: Materia\u0142: Silikon Kolor: Czarny Masz pytania? Skontaktuj si\u0119 z nami na stronie kontaktowej lub napisz do nas na naszym koncie na Facebooku, a my odpowiemy na Twoj\u0105 pro\u015bb\u0119 jeszcze tego samego dnia. &nbsp;<\/p>","protected":false},"featured_media":37036,"comment_status":"open","ping_status":"closed","template":"","meta":[],"_links":{"self":[{"href":"https:\/\/hookahshop.lt\/pl\/wp-json\/wp\/v2\/product\/37035"}],"collection":[{"href":"https:\/\/hookahshop.lt\/pl\/wp-json\/wp\/v2\/product"}],"about":[{"href":"https:\/\/hookahshop.lt\/pl\/wp-json\/wp\/v2\/types\/product"}],"replies":[{"embeddable":true,"href":"https:\/\/hookahshop.lt\/pl\/wp-json\/wp\/v2\/comments?post=37035"}],"version-history":[{"count":3,"href":"https:\/\/hookahshop.lt\/pl\/wp-json\/wp\/v2\/product\/37035\/revisions"}],"predecessor-version":[{"id":41451,"href":"https:\/\/hookahshop.lt\/pl\/wp-json\/wp\/v2\/product\/37035\/revisions\/41451"}],"wp:featuredmedia":[{"embeddable":true,"href":"https:\/\/hookahshop.lt\/pl\/wp-json\/wp\/v2\/media\/37036"}],"wp:attachment":[{"href":"https:\/\/hookahshop.lt\/pl\/wp-json\/wp\/v2\/media?parent=37035"}],"curies":[{"name":"wp","href":"https:\/\/api.w.org\/{rel}","templated":true}]}}