{"id":37039,"date":"2023-09-12T23:33:53","date_gmt":"2023-09-12T20:33:53","guid":{"rendered":"https:\/\/hookahshop.lt\/?post_type=product&#038;p=37039"},"modified":"2026-04-15T23:29:32","modified_gmt":"2026-04-15T20:29:32","slug":"karscio-kamera-blade-hookah-silver","status":"publish","type":"product","link":"https:\/\/hookahshop.lt\/pl\/produkt\/kamera-termowizyjna-silver\/","title":{"rendered":"KAMERA TERMOWIZYJNA BLADE HOOKAH Silver"},"content":{"rendered":"<h2>KAMERA TERMOWIZYJNA BLADE HOOKAH Silver<\/h2>\n<p>Wykonane w 98% ze stopu aluminium, zakrzywione \u015bcianki zapewniaj\u0105 r\u00f3wnomiern\u0105 dystrybucj\u0119 ciep\u0142a. Posiada r\u00f3wnie\u017c pow\u0142ok\u0119 odporn\u0105 na ciep\u0142o i nie zmienia koloru ani tekstury.<\/p>\n<p><strong>Charakterystyka:<\/strong><br \/>\nMateria\u0142: aluminium;<br \/>\nKolor: srebrny<\/p>\n<p>Czy masz jakie\u015b pytania? Skontaktuj si\u0119 z nami\u00a0<a href=\"https:\/\/hookahshop.lt\/pl\/lacznosc\/\">strona z kontaktami<\/a>\u00a0lub napisz do nas na adres\u00a0<a href=\"https:\/\/facebook.com\/HookahShop.lt\/\" target=\"_blank\" rel=\"noopener\">konto na Facebooku<\/a>\u00a0a my odpowiemy na Twoj\u0105 pro\u015bb\u0119 tego samego dnia.<\/p>","protected":false},"excerpt":{"rendered":"<p>Komora grzewcza OSTRZA SZISZ Srebrna Wykonane ze stopu aluminium 98%, nachylone \u015bcianki zapewniaj\u0105 r\u00f3wnomiern\u0105 dystrybucj\u0119 ciep\u0142a. Posiada r\u00f3wnie\u017c pow\u0142ok\u0119 odporn\u0105 na ciep\u0142o i nie zmienia koloru ani tekstury. Charakterystyka: Materia\u0142: aluminium Kolor: srebrny Masz pytania? Skontaktuj si\u0119 z nami na stronie kontaktowej lub napisz do nas na naszym koncie na Facebooku, a my odpowiemy na Twoj\u0105 pro\u015bb\u0119 jeszcze tego samego dnia.<\/p>","protected":false},"featured_media":37040,"comment_status":"open","ping_status":"closed","template":"","meta":[],"_links":{"self":[{"href":"https:\/\/hookahshop.lt\/pl\/wp-json\/wp\/v2\/product\/37039"}],"collection":[{"href":"https:\/\/hookahshop.lt\/pl\/wp-json\/wp\/v2\/product"}],"about":[{"href":"https:\/\/hookahshop.lt\/pl\/wp-json\/wp\/v2\/types\/product"}],"replies":[{"embeddable":true,"href":"https:\/\/hookahshop.lt\/pl\/wp-json\/wp\/v2\/comments?post=37039"}],"version-history":[{"count":4,"href":"https:\/\/hookahshop.lt\/pl\/wp-json\/wp\/v2\/product\/37039\/revisions"}],"predecessor-version":[{"id":45640,"href":"https:\/\/hookahshop.lt\/pl\/wp-json\/wp\/v2\/product\/37039\/revisions\/45640"}],"wp:featuredmedia":[{"embeddable":true,"href":"https:\/\/hookahshop.lt\/pl\/wp-json\/wp\/v2\/media\/37040"}],"wp:attachment":[{"href":"https:\/\/hookahshop.lt\/pl\/wp-json\/wp\/v2\/media?parent=37039"}],"curies":[{"name":"wp","href":"https:\/\/api.w.org\/{rel}","templated":true}]}}