{"id":37054,"date":"2023-09-13T20:11:44","date_gmt":"2023-09-13T17:11:44","guid":{"rendered":"https:\/\/hookahshop.lt\/?post_type=product&#038;p=37054"},"modified":"2026-04-17T23:29:54","modified_gmt":"2026-04-17T20:29:54","slug":"apsauginis-sietelis-kaljanui-big","status":"publish","type":"product","link":"https:\/\/hookahshop.lt\/pl\/produkt\/sitko-ochronne-do-fajki-wodne\/","title":{"rendered":"Sitko ochronne do fajki wodnej Big Silver"},"content":{"rendered":"<h2>Sitko ochronne do fajki wodnej Big Silver<\/h2>\n<p>Sitko do fajki wodnej zapobiega przypadkowemu spaleniu cennych rzeczy podczas palenia w domu. Z ochron\u0105 przed wiatrem.<\/p>\n<p>Czy masz jakie\u015b pytania? Skontaktuj si\u0119 z nami\u00a0<a href=\"https:\/\/hookahshop.lt\/pl\/lacznosc\/\">strona z kontaktami<\/a>\u00a0lub napisz do nas na adres\u00a0<a href=\"https:\/\/facebook.com\/HookahShop.lt\/\" target=\"_blank\" rel=\"noopener noreferrer\">konto na Facebooku<\/a>\u00a0a my odpowiemy na Twoj\u0105 pro\u015bb\u0119 tego samego dnia.<\/p>","protected":false},"excerpt":{"rendered":"<p>Sitko ochronne do fajki wodnej Big Sitko do fajki wodnej zapobiega przypadkowemu spaleniu si\u0119 w\u0119glem cennego mienia podczas palenia w domu. Z ochron\u0105 przed wiatrem. Czy masz jakie\u015b pytania? Skontaktuj si\u0119 z nami na stronie kontaktowej lub napisz do nas na naszym koncie na Facebooku, a my odpowiemy na Twoj\u0105 pro\u015bb\u0119 jeszcze tego samego dnia.<\/p>","protected":false},"featured_media":37055,"comment_status":"open","ping_status":"closed","template":"","meta":[],"_links":{"self":[{"href":"https:\/\/hookahshop.lt\/pl\/wp-json\/wp\/v2\/product\/37054"}],"collection":[{"href":"https:\/\/hookahshop.lt\/pl\/wp-json\/wp\/v2\/product"}],"about":[{"href":"https:\/\/hookahshop.lt\/pl\/wp-json\/wp\/v2\/types\/product"}],"replies":[{"embeddable":true,"href":"https:\/\/hookahshop.lt\/pl\/wp-json\/wp\/v2\/comments?post=37054"}],"version-history":[{"count":4,"href":"https:\/\/hookahshop.lt\/pl\/wp-json\/wp\/v2\/product\/37054\/revisions"}],"predecessor-version":[{"id":43098,"href":"https:\/\/hookahshop.lt\/pl\/wp-json\/wp\/v2\/product\/37054\/revisions\/43098"}],"wp:featuredmedia":[{"embeddable":true,"href":"https:\/\/hookahshop.lt\/pl\/wp-json\/wp\/v2\/media\/37055"}],"wp:attachment":[{"href":"https:\/\/hookahshop.lt\/pl\/wp-json\/wp\/v2\/media?parent=37054"}],"curies":[{"name":"wp","href":"https:\/\/api.w.org\/{rel}","templated":true}]}}