{"id":37068,"date":"2023-09-15T14:49:20","date_gmt":"2023-09-15T11:49:20","guid":{"rendered":"https:\/\/hookahshop.lt\/?post_type=product&#038;p=37068"},"modified":"2026-05-13T23:30:04","modified_gmt":"2026-05-13T20:30:04","slug":"kolba-kaljanui-daly-black-blue","status":"publish","type":"product","link":"https:\/\/hookahshop.lt\/pl\/produkt\/kolba-do-sziszy-daly-czarno-niebieska\/","title":{"rendered":"Kolba do fajki wodnej DALY Czarny Niebieski"},"content":{"rendered":"<h2>Kolba do fajki wodnej DALY Czarny Niebieski<\/h2>\n<p>Kolba wykonana jest z wysokiej jako\u015bci grubego szk\u0142a. Podstawa kolby wykonana jest z czarnego szk\u0142a przechodz\u0105cego w kolor niebieski.<\/p>\n<p><strong>Specyfikacje:<\/strong><br \/>\nWysoko\u015b\u0107: 243 mm<br \/>\nWaga: ~ 1775 g<br \/>\n\u015arednica otworu zewn\u0119trznego: 70 mm<br \/>\nWewn\u0119trzna \u015brednica otworu: 48 mm<br \/>\nMateria\u0142 produktu: szk\u0142o<\/p>\n<p>Czy masz jakie\u015b pytania? Skontaktuj si\u0119 z nami\u00a0<a href=\"https:\/\/hookahshop.lt\/pl\/lacznosc\/\">strona z kontaktami<\/a>\u00a0lub napisz do nas na adres\u00a0<a href=\"https:\/\/facebook.com\/HookahShop.lt\/\" target=\"_blank\" rel=\"noopener noreferrer\">konto na Facebooku<\/a>\u00a0a my odpowiemy na Twoj\u0105 pro\u015bb\u0119 tego samego dnia.<\/p>","protected":false},"excerpt":{"rendered":"<p>Piersi\u00f3wka do fajki wodnej DALY Czarny Niebieski Piersi\u00f3wka wykonana z wysokiej jako\u015bci grubego szk\u0142a. Podstawa kolby wykonana jest z czarnego szk\u0142a przechodz\u0105cego w kolor niebieski. Dane techniczne: Wysoko\u015b\u0107: 243 mm Waga: ~ 1775 g \u015arednica zewn\u0119trzna otworu: 70 mm \u015arednica wewn\u0119trzna otworu: 48 mm Materia\u0142 produktu: szk\u0142o Pytania? Skontaktuj si\u0119 z nami na stronie kontaktowej lub napisz do nas na naszym koncie na Facebooku i [\u2026]<\/p>","protected":false},"featured_media":37069,"comment_status":"open","ping_status":"closed","template":"","meta":[],"_links":{"self":[{"href":"https:\/\/hookahshop.lt\/pl\/wp-json\/wp\/v2\/product\/37068"}],"collection":[{"href":"https:\/\/hookahshop.lt\/pl\/wp-json\/wp\/v2\/product"}],"about":[{"href":"https:\/\/hookahshop.lt\/pl\/wp-json\/wp\/v2\/types\/product"}],"replies":[{"embeddable":true,"href":"https:\/\/hookahshop.lt\/pl\/wp-json\/wp\/v2\/comments?post=37068"}],"version-history":[{"count":3,"href":"https:\/\/hookahshop.lt\/pl\/wp-json\/wp\/v2\/product\/37068\/revisions"}],"predecessor-version":[{"id":37074,"href":"https:\/\/hookahshop.lt\/pl\/wp-json\/wp\/v2\/product\/37068\/revisions\/37074"}],"wp:featuredmedia":[{"embeddable":true,"href":"https:\/\/hookahshop.lt\/pl\/wp-json\/wp\/v2\/media\/37069"}],"wp:attachment":[{"href":"https:\/\/hookahshop.lt\/pl\/wp-json\/wp\/v2\/media?parent=37068"}],"curies":[{"name":"wp","href":"https:\/\/api.w.org\/{rel}","templated":true}]}}