{"id":37073,"date":"2023-09-15T15:23:39","date_gmt":"2023-09-15T12:23:39","guid":{"rendered":"https:\/\/hookahshop.lt\/?post_type=product&#038;p=37073"},"modified":"2026-04-18T23:29:25","modified_gmt":"2026-04-18T20:29:25","slug":"kolba-kaljanui-craft-red-matt","status":"publish","type":"product","link":"https:\/\/hookahshop.lt\/pl\/produkt\/kolba-do-sziszy-rzemieslniczej-czerwono-matowa\/","title":{"rendered":"Piersi\u00f3wka do fajki wodnej CRAFT Red Matt"},"content":{"rendered":"<h2>Piersi\u00f3wka do fajki wodnej CRAFT Red Matt<\/h2>\n<p>To produkt, kt\u00f3ry pos\u0142u\u017cy wiele lat. Dzi\u0119ki wysokiej jako\u015bci pow\u0142oce lakierniczej kolba ta z pewno\u015bci\u0105 na d\u0142ugo zachowa sw\u00f3j reprezentacyjny wygl\u0105d i b\u0119dzie wygl\u0105da\u0107, jakby dopiero co zjecha\u0142a z linii monta\u017cowej producenta. Ta kolba ma grube \u015bcianki. Grube \u015bcianki zapewni\u0105 doskona\u0142\u0105 izolacj\u0119 akustyczn\u0105, co jest o tyle wa\u017cne, gdy palimy bez dyfuzora.<\/p>\n<div class=\"tlid-results-container results-container\">\n<div class=\"tlid-result result-dict-wrapper\">\n<div class=\"result tlid-copy-target\">\n<div class=\"text-wrap tlid-copy-target\">\n<div class=\"result-shield-container tlid-copy-target\"><span class=\"tlid-translation translation\" lang=\"lt\"><strong><span title=\"\">Specyfikacje:<\/span><\/strong><br \/>\n<span title=\"\">Wysoko\u015b\u0107: 245 mm<\/span><br \/>\n<span title=\"\">Waga: ~ 1495 g<\/span><br \/>\n<span class=\"\" title=\"\">\u015arednica otworu zewn\u0119trznego: 70 mm<\/span><br \/>\n<span class=\"\" title=\"\">\u015arednica otworu wewn\u0119trznego: 47 mm<\/span><br \/>\n<span class=\"\" title=\"\">Materia\u0142 produktu: grube szk\u0142o<\/span><\/span><\/div>\n<div><\/div>\n<div>Czy masz jakie\u015b pytania? Skontaktuj si\u0119 z nami\u00a0<a href=\"https:\/\/hookahshop.lt\/pl\/lacznosc\/\">strona z kontaktami<\/a>\u00a0lub napisz do nas na adres\u00a0<a href=\"https:\/\/facebook.com\/HookahShop.lt\/\" target=\"_blank\" rel=\"noopener noreferrer\">konto na Facebooku<\/a>\u00a0a my odpowiemy na Twoj\u0105 pro\u015bb\u0119 tego samego dnia.<\/div>\n<\/div>\n<\/div>\n<\/div>\n<\/div>","protected":false},"excerpt":{"rendered":"<p>Piersi\u00f3wka do fajki wodnej CRAFT Red Matt To produkt, kt\u00f3ry pos\u0142u\u017cy wiele lat. Dzi\u0119ki wysokiej jako\u015bci pow\u0142oce lakierniczej kolba ta z pewno\u015bci\u0105 na d\u0142ugo zachowa sw\u00f3j reprezentacyjny wygl\u0105d i b\u0119dzie wygl\u0105da\u0107, jakby dopiero co zjecha\u0142a z linii monta\u017cowej producenta. Ta kolba ma grube \u015bcianki. Grube \u015bcianki zapewni\u0105 doskona\u0142\u0105 izolacj\u0119 akustyczn\u0105, co jest o tyle wa\u017cne, gdy palimy bez dyfuzora. Dane techniczne: Wysoko\u015b\u0107: 245 mm [\u2026]<\/p>","protected":false},"featured_media":37081,"comment_status":"open","ping_status":"closed","template":"","meta":[],"_links":{"self":[{"href":"https:\/\/hookahshop.lt\/pl\/wp-json\/wp\/v2\/product\/37073"}],"collection":[{"href":"https:\/\/hookahshop.lt\/pl\/wp-json\/wp\/v2\/product"}],"about":[{"href":"https:\/\/hookahshop.lt\/pl\/wp-json\/wp\/v2\/types\/product"}],"replies":[{"embeddable":true,"href":"https:\/\/hookahshop.lt\/pl\/wp-json\/wp\/v2\/comments?post=37073"}],"version-history":[{"count":6,"href":"https:\/\/hookahshop.lt\/pl\/wp-json\/wp\/v2\/product\/37073\/revisions"}],"predecessor-version":[{"id":45007,"href":"https:\/\/hookahshop.lt\/pl\/wp-json\/wp\/v2\/product\/37073\/revisions\/45007"}],"wp:featuredmedia":[{"embeddable":true,"href":"https:\/\/hookahshop.lt\/pl\/wp-json\/wp\/v2\/media\/37081"}],"wp:attachment":[{"href":"https:\/\/hookahshop.lt\/pl\/wp-json\/wp\/v2\/media?parent=37073"}],"curies":[{"name":"wp","href":"https:\/\/api.w.org\/{rel}","templated":true}]}}