{"id":37087,"date":"2023-09-15T17:24:43","date_gmt":"2023-09-15T14:24:43","guid":{"rendered":"https:\/\/hookahshop.lt\/?post_type=product&#038;p=37087"},"modified":"2026-05-01T23:30:12","modified_gmt":"2026-05-01T20:30:12","slug":"kolba-kaljanui-drop-smoke","status":"publish","type":"product","link":"https:\/\/hookahshop.lt\/pl\/produkt\/kolba-szisza-kropla-dym\/","title":{"rendered":"Kolba do fajki wodnej DROP Smoke"},"content":{"rendered":"<h2>Kolba do fajki wodnej DROP Smoke<\/h2>\n<p>Kolba wykonywana jest wy\u0142\u0105cznie r\u0119cznie przez najlepszych dmuchaczy szk\u0142a. Forma drop jest jedn\u0105 z najpopularniejszych na rynku. \u015awietnie wygl\u0105da ze wszystkimi fajkami wodnymi. Kolor czarny przezroczysty.<\/p>\n<p id=\"tw-target-text\" class=\"tw-data-text tw-text-large XcVN5d tw-ta\" dir=\"ltr\" data-placeholder=\"Vertimas\"><strong>Charakterystyka:<\/strong><br \/>\nWysoko\u015b\u0107: 27 cm<br \/>\n\u015arednica wewn\u0119trzna szyi: 4,5 cm<br \/>\n\u015arednica zewn\u0119trzna szyi: 7,2 cm<br \/>\nWaga: 1,5 kg<\/p>\n<p dir=\"ltr\" data-placeholder=\"Vertimas\">Czy masz jakie\u015b pytania? Skontaktuj si\u0119 z nami\u00a0<a href=\"https:\/\/hookahshop.lt\/pl\/lacznosc\/\">strona z kontaktami<\/a>\u00a0lub napisz do nas na adres\u00a0<a href=\"https:\/\/facebook.com\/HookahShop.lt\/\" target=\"_blank\" rel=\"noopener noreferrer\">konto na Facebooku<\/a>\u00a0a my odpowiemy na Twoj\u0105 pro\u015bb\u0119 tego samego dnia.<\/p>","protected":false},"excerpt":{"rendered":"<p>Kolba do fajki wodnej DROP Smoke Kolba wykonywana jest wy\u0142\u0105cznie r\u0119cznie przez najlepszych dmuchaczy szk\u0142a. Forma drop jest jedn\u0105 z najpopularniejszych na rynku. \u015awietnie wygl\u0105da ze wszystkimi fajkami wodnymi. Kolor czarny przezroczysty. Charakterystyka: Wysoko\u015b\u0107: 27 cm Wewn\u0119trzna \u015brednica szyjki: 4,5 cm Zewn\u0119trzna \u015brednica szyjki: 7,2 cm Waga: 1,5 kg Masz pytania? Skontaktuj si\u0119 z nami na stronie kontaktowej lub napisz do nas na naszym koncie na Facebooku, a my odpowiemy na Twoje [\u2026]<\/p>","protected":false},"featured_media":42403,"comment_status":"open","ping_status":"closed","template":"","meta":[],"_links":{"self":[{"href":"https:\/\/hookahshop.lt\/pl\/wp-json\/wp\/v2\/product\/37087"}],"collection":[{"href":"https:\/\/hookahshop.lt\/pl\/wp-json\/wp\/v2\/product"}],"about":[{"href":"https:\/\/hookahshop.lt\/pl\/wp-json\/wp\/v2\/types\/product"}],"replies":[{"embeddable":true,"href":"https:\/\/hookahshop.lt\/pl\/wp-json\/wp\/v2\/comments?post=37087"}],"version-history":[{"count":4,"href":"https:\/\/hookahshop.lt\/pl\/wp-json\/wp\/v2\/product\/37087\/revisions"}],"predecessor-version":[{"id":45689,"href":"https:\/\/hookahshop.lt\/pl\/wp-json\/wp\/v2\/product\/37087\/revisions\/45689"}],"wp:featuredmedia":[{"embeddable":true,"href":"https:\/\/hookahshop.lt\/pl\/wp-json\/wp\/v2\/media\/42403"}],"wp:attachment":[{"href":"https:\/\/hookahshop.lt\/pl\/wp-json\/wp\/v2\/media?parent=37087"}],"curies":[{"name":"wp","href":"https:\/\/api.w.org\/{rel}","templated":true}]}}