{"id":37091,"date":"2023-09-15T17:35:59","date_gmt":"2023-09-15T14:35:59","guid":{"rendered":"https:\/\/hookahshop.lt\/?post_type=product&#038;p=37091"},"modified":"2026-04-18T23:29:25","modified_gmt":"2026-04-18T20:29:25","slug":"kolba-kaljanui-cosmo-tinted-pearl","status":"publish","type":"product","link":"https:\/\/hookahshop.lt\/pl\/produkt\/kolba-na-fajke-wodna-kosmo-przyciemniana-perlowa\/","title":{"rendered":"Piersi\u00f3wka do fajki wodnej COSMO Tinted Pearl"},"content":{"rendered":"<h2>Piersi\u00f3wka do fajki wodnej COSMO Tinted Pearl<\/h2>\n<p>Przezroczysta, barwiona kolba z masy per\u0142owej ze standardowym kszta\u0142tem po\u015brednim.<\/p>\n<p><strong>Specyfikacja:<\/strong><br \/>\nWysoko\u015b\u0107: 27 cm<br \/>\nG\u0142\u0119boko\u015b\u0107: 18 cm<br \/>\nWaga: ~ 1,44 kg<\/p>\n<p>Czy masz jakie\u015b pytania? Skontaktuj si\u0119 z nami\u00a0<a href=\"https:\/\/hookahshop.lt\/pl\/lacznosc\/\">strona z kontaktami<\/a>\u00a0lub napisz do nas na adres\u00a0<a href=\"https:\/\/facebook.com\/HookahShop.lt\/\" target=\"_blank\" rel=\"noopener noreferrer\">konto na Facebooku<\/a>\u00a0a my odpowiemy na Twoj\u0105 pro\u015bb\u0119 tego samego dnia.<\/p>\n<p>&nbsp;<\/p>","protected":false},"excerpt":{"rendered":"<p>Piersi\u00f3wka do fajki wodnej COSMO Tinted Pearl Przezroczysta, przyciemniana per\u0142owa kolba ze standardowym przy\u0142\u0105czem po\u015brednim. Specyfikacja: Wysoko\u015b\u0107: 27cm G\u0142\u0119boko\u015b\u0107: 18cm Waga: ~1,44kg Masz pytania? Skontaktuj si\u0119 z nami na stronie kontaktowej lub napisz do nas na naszym koncie na Facebooku, a my odpowiemy na Twoj\u0105 pro\u015bb\u0119 jeszcze tego samego dnia. &nbsp;<\/p>","protected":false},"featured_media":37092,"comment_status":"open","ping_status":"closed","template":"","meta":[],"_links":{"self":[{"href":"https:\/\/hookahshop.lt\/pl\/wp-json\/wp\/v2\/product\/37091"}],"collection":[{"href":"https:\/\/hookahshop.lt\/pl\/wp-json\/wp\/v2\/product"}],"about":[{"href":"https:\/\/hookahshop.lt\/pl\/wp-json\/wp\/v2\/types\/product"}],"replies":[{"embeddable":true,"href":"https:\/\/hookahshop.lt\/pl\/wp-json\/wp\/v2\/comments?post=37091"}],"version-history":[{"count":2,"href":"https:\/\/hookahshop.lt\/pl\/wp-json\/wp\/v2\/product\/37091\/revisions"}],"predecessor-version":[{"id":37094,"href":"https:\/\/hookahshop.lt\/pl\/wp-json\/wp\/v2\/product\/37091\/revisions\/37094"}],"wp:featuredmedia":[{"embeddable":true,"href":"https:\/\/hookahshop.lt\/pl\/wp-json\/wp\/v2\/media\/37092"}],"wp:attachment":[{"href":"https:\/\/hookahshop.lt\/pl\/wp-json\/wp\/v2\/media?parent=37091"}],"curies":[{"name":"wp","href":"https:\/\/api.w.org\/{rel}","templated":true}]}}