{"id":37149,"date":"2023-09-29T22:24:01","date_gmt":"2023-09-29T19:24:01","guid":{"rendered":"https:\/\/hookahshop.lt\/?post_type=product&#038;p=37149"},"modified":"2026-04-18T23:29:25","modified_gmt":"2026-04-18T20:29:25","slug":"kaljanas-gorky-hookah-ring-black","status":"publish","type":"product","link":"https:\/\/hookahshop.lt\/pl\/produkt\/szisza-gorky-szisza-pierscien-czarny\/","title":{"rendered":"Szisza GORKY Pier\u015bcie\u0144 do sziszy czarny"},"content":{"rendered":"<h2>Szisza GORKY Pier\u015bcie\u0144 do sziszy czarny<\/h2>\n<p>Wykonany ze stali nierdzewnej i drewna, nadaje jasny i bogaty smak. Projekt i jako\u015b\u0107 w\u0119dzenia maj\u0105 szczeg\u00f3lne znaczenie od pierwszego momentu a\u017c do uzyskania gotowego urz\u0105dzenia do w\u0119dzenia. Wykorzystuje wyjmowany dyfuzor, kt\u00f3ry zapewnia lekk\u0105 i cich\u0105 sesj\u0119 fajki wodnej. Bez u\u017cycia dysoforu uci\u0105gni\u0119cie b\u0119dzie klasyczne (ci\u0119\u017ckie, z oporem).<\/p>\n<p><strong>Specyfikacja:<\/strong><br \/>\nWysoko\u015b\u0107: 49 cm<br \/>\nDyfuzor: zdejmowany<br \/>\nMateria\u0142y: stal nierdzewna, drewno.<\/p>\n<p><strong>Ekwipunek:<\/strong><br \/>\nWa\u0142<br \/>\nTalerz<br \/>\nUstnik<br \/>\nW\u0105\u017c silikonowy<br \/>\nUszczelki<br \/>\nDyfuzor<\/p>\n<p><img decoding=\"async\" loading=\"lazy\" class=\"alignnone size-medium wp-image-38521\" src=\"https:\/\/hookahshop.lt\/wp-content\/uploads\/2020\/09\/stiebas-zarna-kandiklis-1-300x273.jpg\" alt=\"- hookahshop.lt\" width=\"300\" height=\"273\" srcset=\"https:\/\/hookahshop.lt\/wp-content\/uploads\/2020\/09\/stiebas-zarna-kandiklis-1-300x273.jpg 300w, https:\/\/hookahshop.lt\/wp-content\/uploads\/2020\/09\/stiebas-zarna-kandiklis-1-13x12.jpg 13w, https:\/\/hookahshop.lt\/wp-content\/uploads\/2020\/09\/stiebas-zarna-kandiklis-1-64x58.jpg 64w, https:\/\/hookahshop.lt\/wp-content\/uploads\/2020\/09\/stiebas-zarna-kandiklis-1.jpg 420w\" sizes=\"(max-width: 300px) 100vw, 300px\" title=\"\"><\/p>\n<p>Czy masz jakie\u015b pytania? Skontaktuj si\u0119 z nami\u00a0<a href=\"https:\/\/hookahshop.lt\/pl\/lacznosc\/\">strona z kontaktami<\/a>\u00a0lub napisz do nas na adres\u00a0<a href=\"https:\/\/facebook.com\/HookahShop.lt\/\" target=\"_blank\" rel=\"noopener\">konto na Facebooku<\/a>\u00a0a my odpowiemy na Twoj\u0105 pro\u015bb\u0119 tego samego dnia.<\/p>","protected":false},"excerpt":{"rendered":"<p>Fajka wodna GORKY HOOKAH Pier\u015bcie\u0144 Czarny Wykonana ze stali nierdzewnej i drewna, nadaje jasny i bogaty smak. Projekt i jako\u015b\u0107 w\u0119dzenia maj\u0105 szczeg\u00f3lne znaczenie od pierwszego momentu a\u017c do uzyskania gotowego urz\u0105dzenia do w\u0119dzenia. Wykorzystuje wyjmowany dyfuzor, kt\u00f3ry zapewnia lekk\u0105 i cich\u0105 sesj\u0119 fajki wodnej. Bez u\u017cycia dysoforu uci\u0105gni\u0119cie b\u0119dzie klasyczne (ci\u0119\u017ckie, z oporem). Specyfikacja: Wysoko\u015b\u0107: 49 cm Dyfuzor: wyjmowany Materia\u0142y: [\u2026]<\/p>","protected":false},"featured_media":37165,"comment_status":"open","ping_status":"closed","template":"","meta":[],"_links":{"self":[{"href":"https:\/\/hookahshop.lt\/pl\/wp-json\/wp\/v2\/product\/37149"}],"collection":[{"href":"https:\/\/hookahshop.lt\/pl\/wp-json\/wp\/v2\/product"}],"about":[{"href":"https:\/\/hookahshop.lt\/pl\/wp-json\/wp\/v2\/types\/product"}],"replies":[{"embeddable":true,"href":"https:\/\/hookahshop.lt\/pl\/wp-json\/wp\/v2\/comments?post=37149"}],"version-history":[{"count":6,"href":"https:\/\/hookahshop.lt\/pl\/wp-json\/wp\/v2\/product\/37149\/revisions"}],"predecessor-version":[{"id":42557,"href":"https:\/\/hookahshop.lt\/pl\/wp-json\/wp\/v2\/product\/37149\/revisions\/42557"}],"wp:featuredmedia":[{"embeddable":true,"href":"https:\/\/hookahshop.lt\/pl\/wp-json\/wp\/v2\/media\/37165"}],"wp:attachment":[{"href":"https:\/\/hookahshop.lt\/pl\/wp-json\/wp\/v2\/media?parent=37149"}],"curies":[{"name":"wp","href":"https:\/\/api.w.org\/{rel}","templated":true}]}}