{"id":37156,"date":"2023-09-29T22:40:27","date_gmt":"2023-09-29T19:40:27","guid":{"rendered":"https:\/\/hookahshop.lt\/?post_type=product&#038;p=37156"},"modified":"2026-05-13T23:30:05","modified_gmt":"2026-05-13T20:30:05","slug":"kaljanas-vortex-hookah-hurricane-dark-matte","status":"publish","type":"product","link":"https:\/\/hookahshop.lt\/pl\/produkt\/szisza-vortex-szisza-huragan-ciemny-matowy\/","title":{"rendered":"Szisza wodna VORTEX Szisza Hurricane Ciemny Mat"},"content":{"rendered":"<h2>Szisza wodna VORTEX Szisza Hurricane Ciemny Mat<\/h2>\n<p>Wysokiej jako\u015bci szisza ze stali nierdzewnej z wk\u0142adkami z anodyzowanego aluminium i zdejmowanym dyfuzorem, kt\u00f3ry zapewnia lekk\u0105 i cich\u0105 sesj\u0119 fajki wodnej. Bez u\u017cycia dysoforu uci\u0105gni\u0119cie b\u0119dzie klasyczne (ci\u0119\u017ckie, z oporem). Fajka posiada ekskluzywny system nadmuchu, kt\u00f3ry przedmuchuje pod\u0142u\u017cne szczeliny rozmieszczone w trzonku fajki wodnej od do\u0142u do g\u00f3ry. Talerz do fajki wodnej na popi\u00f3\u0142 jest wi\u0119kszy ni\u017c zwykle. Ponadto p\u0142ytka nie jest przykr\u0119cona do fajki wodnej - mo\u017cna j\u0105 wygodnie zdj\u0105\u0107 od g\u00f3ry. Zr\u00f3b wg\u0142\u0119bienie obok w\u0119\u017ca i zaworu wydmuchowego na ustnik fajki wodnej. Na trzonku fajki wodnej Vortex zaznaczono linie poziomu wody: dolna linia - przy u\u017cyciu dyfuzora, g\u00f3rna linia - po zdj\u0119ciu dyfuzora.<\/p>\n<p><strong>Specyfikacja:<\/strong><br \/>\nMateria\u0142: Stal nierdzewna<br \/>\nPod\u0142\u0105czenie w\u0119\u017ca: magnetyczne<br \/>\nKlosz: zdejmowany<br \/>\nWysoko\u015b\u0107 fajki wodnej: 40 cm<br \/>\n\u015arednica wa\u0142u: 13 mm<\/p>\n<p><strong>Ekwipunek:<\/strong><br \/>\nWa\u0142<br \/>\nTalerz<br \/>\nW\u0105\u017c silikonowy<br \/>\nUstnik<br \/>\nUszczelki<br \/>\nWiosna<br \/>\nDyfuzor<\/p>\n<p>Czy masz jakie\u015b pytania? Skontaktuj si\u0119 z nami\u00a0<a href=\"https:\/\/hookahshop.lt\/pl\/lacznosc\/\">strona z kontaktami<\/a>\u00a0lub napisz do nas na adres\u00a0<a href=\"https:\/\/facebook.com\/HookahShop.lt\/\" target=\"_blank\" rel=\"noopener noreferrer\">konto na Facebooku<\/a>\u00a0a my odpowiemy na Twoj\u0105 pro\u015bb\u0119 tego samego dnia.<\/p>","protected":false},"excerpt":{"rendered":"<p>Szisza wodna VORTEX Szisza Hurricane Dark Matte Wysokiej jako\u015bci szisza ze stali nierdzewnej z wk\u0142adkami z anodyzowanego aluminium i wyjmowanym dyfuzorem, kt\u00f3ra zapewnia lekk\u0105 i cich\u0105 sesj\u0119 fajki wodnej. Bez u\u017cycia dysoforu uci\u0105gni\u0119cie b\u0119dzie klasyczne (ci\u0119\u017ckie, z oporem). Fajka posiada ekskluzywny system nadmuchu, kt\u00f3ry wydmuchuje wzd\u0142u\u017cne szczeliny rozmieszczone w trzonku fajki wodnej od do\u0142u do g\u00f3ry. Talerz do fajki wodnej na popi\u00f3\u0142 jest wi\u0119kszy ni\u017c [\u2026]<\/p>","protected":false},"featured_media":37167,"comment_status":"open","ping_status":"closed","template":"","meta":[],"_links":{"self":[{"href":"https:\/\/hookahshop.lt\/pl\/wp-json\/wp\/v2\/product\/37156"}],"collection":[{"href":"https:\/\/hookahshop.lt\/pl\/wp-json\/wp\/v2\/product"}],"about":[{"href":"https:\/\/hookahshop.lt\/pl\/wp-json\/wp\/v2\/types\/product"}],"replies":[{"embeddable":true,"href":"https:\/\/hookahshop.lt\/pl\/wp-json\/wp\/v2\/comments?post=37156"}],"version-history":[{"count":6,"href":"https:\/\/hookahshop.lt\/pl\/wp-json\/wp\/v2\/product\/37156\/revisions"}],"predecessor-version":[{"id":37384,"href":"https:\/\/hookahshop.lt\/pl\/wp-json\/wp\/v2\/product\/37156\/revisions\/37384"}],"wp:featuredmedia":[{"embeddable":true,"href":"https:\/\/hookahshop.lt\/pl\/wp-json\/wp\/v2\/media\/37167"}],"wp:attachment":[{"href":"https:\/\/hookahshop.lt\/pl\/wp-json\/wp\/v2\/media?parent=37156"}],"curies":[{"name":"wp","href":"https:\/\/api.w.org\/{rel}","templated":true}]}}