{"id":37190,"date":"2023-09-30T01:24:54","date_gmt":"2023-09-29T22:24:54","guid":{"rendered":"https:\/\/hookahshop.lt\/?post_type=product&#038;p=37190"},"modified":"2026-04-15T23:29:32","modified_gmt":"2026-04-15T20:29:32","slug":"kaljanas-hawk-hookah-web-white","status":"publish","type":"product","link":"https:\/\/hookahshop.lt\/pl\/produkt\/szisza-hawk-szisza-web-biala\/","title":{"rendered":"Hookah HAWK Hookah Web Bia\u0142a"},"content":{"rendered":"<h2>Hookah HAWK Hookah Web Bia\u0142a<\/h2>\n<p>Unikalny pionowy dym wydobywaj\u0105cy si\u0119 spod spodka. Dym z talerza kierowany jest do g\u00f3ry (do kubka na fajk\u0119 wodn\u0105). Trzon ze stali nierdzewnej z wk\u0142adk\u0105 z drewna. Wykorzystuje wyjmowany dyfuzor, kt\u00f3ry zapewnia lekk\u0105 i cich\u0105 sesj\u0119 fajki wodnej. Bez u\u017cycia dysoforu uci\u0105gni\u0119cie b\u0119dzie klasyczne (ci\u0119\u017ckie, z oporem).<\/p>\n<p><strong>Specyfikacje:<\/strong><br \/>\nWysoko\u015b\u0107: 50 cm<br \/>\nMateria\u0142y: stal nierdzewna i drewno.<\/p>\n<p><strong>Ekwipunek:<\/strong><br \/>\nWa\u0142<br \/>\nTalerz<br \/>\nUstnik<br \/>\nW\u0105\u017c silikonowy<br \/>\nUszczelki<br \/>\nDyfuzor<\/p>\n<p><img decoding=\"async\" loading=\"lazy\" class=\"alignnone size-medium wp-image-38521\" src=\"https:\/\/hookahshop.lt\/wp-content\/uploads\/2020\/09\/stiebas-zarna-kandiklis-1-300x273.jpg\" alt=\"- hookahshop.lt\" width=\"300\" height=\"273\" srcset=\"https:\/\/hookahshop.lt\/wp-content\/uploads\/2020\/09\/stiebas-zarna-kandiklis-1-300x273.jpg 300w, https:\/\/hookahshop.lt\/wp-content\/uploads\/2020\/09\/stiebas-zarna-kandiklis-1-13x12.jpg 13w, https:\/\/hookahshop.lt\/wp-content\/uploads\/2020\/09\/stiebas-zarna-kandiklis-1-64x58.jpg 64w, https:\/\/hookahshop.lt\/wp-content\/uploads\/2020\/09\/stiebas-zarna-kandiklis-1.jpg 420w\" sizes=\"(max-width: 300px) 100vw, 300px\" title=\"\"><\/p>\n<p>Czy masz jakie\u015b pytania? Skontaktuj si\u0119 z nami\u00a0<a href=\"https:\/\/hookahshop.lt\/pl\/lacznosc\/\">strona z kontaktami<\/a>\u00a0lub napisz do nas na adres\u00a0<a href=\"https:\/\/facebook.com\/HookahShop.lt\/\" target=\"_blank\" rel=\"noopener\">konto na Facebooku<\/a>\u00a0a my odpowiemy na Twoj\u0105 pro\u015bb\u0119 tego samego dnia.<\/p>","protected":false},"excerpt":{"rendered":"<p>Hookah HAWK Hookah Web White Wyj\u0105tkowy pionowy dym wydobywaj\u0105cy si\u0119 spod talerza. Dym z talerza kierowany jest do g\u00f3ry (do kubka na fajk\u0119 wodn\u0105). Trzpie\u0144 ze stali nierdzewnej z wk\u0142adk\u0105 z drewna. Wykorzystuje wyjmowany dyfuzor, kt\u00f3ry zapewnia lekk\u0105 i cich\u0105 sesj\u0119 fajki wodnej. Bez u\u017cycia dysoforu uci\u0105gni\u0119cie b\u0119dzie klasyczne (ci\u0119\u017ckie, z oporem). Dane techniczne: Wysoko\u015b\u0107: 50 cm Materia\u0142y: Stal nierdzewna i drewno. [\u2026]<\/p>","protected":false},"featured_media":37191,"comment_status":"open","ping_status":"closed","template":"","meta":[],"_links":{"self":[{"href":"https:\/\/hookahshop.lt\/pl\/wp-json\/wp\/v2\/product\/37190"}],"collection":[{"href":"https:\/\/hookahshop.lt\/pl\/wp-json\/wp\/v2\/product"}],"about":[{"href":"https:\/\/hookahshop.lt\/pl\/wp-json\/wp\/v2\/types\/product"}],"replies":[{"embeddable":true,"href":"https:\/\/hookahshop.lt\/pl\/wp-json\/wp\/v2\/comments?post=37190"}],"version-history":[{"count":6,"href":"https:\/\/hookahshop.lt\/pl\/wp-json\/wp\/v2\/product\/37190\/revisions"}],"predecessor-version":[{"id":37658,"href":"https:\/\/hookahshop.lt\/pl\/wp-json\/wp\/v2\/product\/37190\/revisions\/37658"}],"wp:featuredmedia":[{"embeddable":true,"href":"https:\/\/hookahshop.lt\/pl\/wp-json\/wp\/v2\/media\/37191"}],"wp:attachment":[{"href":"https:\/\/hookahshop.lt\/pl\/wp-json\/wp\/v2\/media?parent=37190"}],"curies":[{"name":"wp","href":"https:\/\/api.w.org\/{rel}","templated":true}]}}